{"id":767,"date":"2025-10-05T19:31:43","date_gmt":"2025-10-05T19:31:43","guid":{"rendered":"https:\/\/masszazsbarlang.hu\/?page_id=767"},"modified":"2025-10-05T19:31:43","modified_gmt":"2025-10-05T19:31:43","slug":"add-ki-a-duhod","status":"publish","type":"page","link":"https:\/\/masszazsbarlang.hu\/en\/add-ki-a-duhod\/","title":{"rendered":"Vent your anger"},"content":{"rendered":"<p class=\"translation-block\">Do you feel consumed by the burden of anger, rage, family problems, or difficult illnesses? Is your mind constantly racing, but you have no one to tell, no place to scream? Our service provides a non-judgmental, discreet sanctuary where you can finally free yourself, blow off steam, and begin the processing. With us, you can release the anger, rage, and accumulated frustration. You are looking for a place where you can scream off all the tension of the week. You crave immediate relief instead of lengthy therapies.<\/p>\n\n\n\n<p><strong>Let go of the burden: a safe space for shouting, talking, processing.<\/strong><\/p>\n\n\n\n<p class=\"translation-block\">Whether you are feeling stress or tension. With us, you can express yourself and release the stress.<\/p>\n\n\n\n<p class=\"translation-block\">After pouring out your problems and emotions, we will work together to find ways for understanding, alleviating the burdens, and taking the next steps. It is not therapy, but a supportive conversation for relief.<\/p>\n\n\n\n<p class=\"translation-block\">I created this service because I believe in the power of words and the healing effect of empathy. I am not a psychologist, but a dedicated helper who focuses on listening and emotional support. Everything said here remains 100% confidential and discreet.<\/p>\n\n\n<div class=\"wp-block-image\">\n<figure class=\"aligncenter size-full is-resized\"><img loading=\"lazy\" decoding=\"async\" width=\"768\" height=\"512\" src=\"https:\/\/masszazsbarlang.hu\/wp-content\/uploads\/2025\/10\/Duh01.jpg\" alt=\"\" class=\"wp-image-795\" style=\"width:445px;height:auto\" srcset=\"https:\/\/masszazsbarlang.hu\/wp-content\/uploads\/2025\/10\/Duh01.jpg 768w, https:\/\/masszazsbarlang.hu\/wp-content\/uploads\/2025\/10\/Duh01-300x200.jpg 300w, https:\/\/masszazsbarlang.hu\/wp-content\/uploads\/2025\/10\/Duh01-18x12.jpg 18w\" sizes=\"auto, (max-width: 768px) 100vw, 768px\" \/><\/figure>\n<\/div>","protected":false},"excerpt":{"rendered":"<p>\u00c9rzed, hogy sz\u00e9tfesz\u00edt a d\u00fch, a harag, a csal\u00e1di probl\u00e9m\u00e1k vagy a neh\u00e9z betegs\u00e9gek terhe? Folyton p\u00f6r\u00f6g az agyad, de nincs kinek elmondanod, nincs hol kiab\u00e1lnod? Szolg\u00e1ltat\u00e1sunk egy \u00edt\u00e9letmentes, diszkr\u00e9t mened\u00e9ket ny\u00fajt, ahol v\u00e9gre felszabad\u00edthatod magad, kiadhatod a g\u0151zt \u00e9s &hellip; <a href=\"https:\/\/masszazsbarlang.hu\/en\/add-ki-a-duhod\/\">Continue reading <span class=\"meta-nav\">&rarr;<\/span><\/a><\/p>","protected":false},"author":1,"featured_media":0,"parent":0,"menu_order":0,"comment_status":"closed","ping_status":"closed","template":"","meta":{"footnotes":""},"class_list":["post-767","page","type-page","status-publish","hentry"],"yoast_head":"<!-- This site is optimized with the Yoast SEO plugin v26.8 - https:\/\/yoast.com\/product\/yoast-seo-wordpress\/ -->\n<title>Add ki a d\u00fch\u00f6d! - Massz\u00e1zs Barlang<\/title>\n<meta name=\"robots\" content=\"index, follow, max-snippet:-1, max-image-preview:large, max-video-preview:-1\" \/>\n<link rel=\"canonical\" href=\"https:\/\/masszazsbarlang.hu\/en\/add-ki-a-duhod\/\" \/>\n<meta property=\"og:locale\" content=\"en_GB\" \/>\n<meta property=\"og:type\" content=\"article\" \/>\n<meta property=\"og:title\" content=\"Add ki a d\u00fch\u00f6d! - Massz\u00e1zs Barlang\" \/>\n<meta property=\"og:description\" content=\"\u00c9rzed, hogy sz\u00e9tfesz\u00edt a d\u00fch, a harag, a csal\u00e1di probl\u00e9m\u00e1k vagy a neh\u00e9z betegs\u00e9gek terhe? Folyton p\u00f6r\u00f6g az agyad, de nincs kinek elmondanod, nincs hol kiab\u00e1lnod? Szolg\u00e1ltat\u00e1sunk egy \u00edt\u00e9letmentes, diszkr\u00e9t mened\u00e9ket ny\u00fajt, ahol v\u00e9gre felszabad\u00edthatod magad, kiadhatod a g\u0151zt \u00e9s &hellip; Continue reading &rarr;\" \/>\n<meta property=\"og:url\" content=\"https:\/\/masszazsbarlang.hu\/en\/add-ki-a-duhod\/\" \/>\n<meta property=\"og:site_name\" content=\"Massz\u00e1zs Barlang\" \/>\n<meta property=\"og:image\" content=\"https:\/\/masszazsbarlang.hu\/wp-content\/uploads\/2025\/10\/Duh01.jpg\" \/>\n\t<meta property=\"og:image:width\" content=\"768\" \/>\n\t<meta property=\"og:image:height\" content=\"512\" \/>\n\t<meta property=\"og:image:type\" content=\"image\/jpeg\" \/>\n<meta name=\"twitter:card\" content=\"summary_large_image\" \/>\n<meta name=\"twitter:label1\" content=\"Estimated reading time\" \/>\n\t<meta name=\"twitter:data1\" content=\"1 minute\" \/>\n<script type=\"application\/ld+json\" class=\"yoast-schema-graph\">{\"@context\":\"https:\/\/schema.org\",\"@graph\":[{\"@type\":\"WebPage\",\"@id\":\"https:\/\/masszazsbarlang.hu\/add-ki-a-duhod\/\",\"url\":\"https:\/\/masszazsbarlang.hu\/add-ki-a-duhod\/\",\"name\":\"Add ki a d\u00fch\u00f6d! - Massz\u00e1zs Barlang\",\"isPartOf\":{\"@id\":\"https:\/\/masszazsbarlang.hu\/#website\"},\"primaryImageOfPage\":{\"@id\":\"https:\/\/masszazsbarlang.hu\/add-ki-a-duhod\/#primaryimage\"},\"image\":{\"@id\":\"https:\/\/masszazsbarlang.hu\/add-ki-a-duhod\/#primaryimage\"},\"thumbnailUrl\":\"https:\/\/masszazsbarlang.hu\/wp-content\/uploads\/2025\/10\/Duh01.jpg\",\"datePublished\":\"2025-10-05T19:31:43+00:00\",\"breadcrumb\":{\"@id\":\"https:\/\/masszazsbarlang.hu\/add-ki-a-duhod\/#breadcrumb\"},\"inLanguage\":\"en-GB\",\"potentialAction\":[{\"@type\":\"ReadAction\",\"target\":[\"https:\/\/masszazsbarlang.hu\/add-ki-a-duhod\/\"]}]},{\"@type\":\"ImageObject\",\"inLanguage\":\"en-GB\",\"@id\":\"https:\/\/masszazsbarlang.hu\/add-ki-a-duhod\/#primaryimage\",\"url\":\"https:\/\/masszazsbarlang.hu\/wp-content\/uploads\/2025\/10\/Duh01.jpg\",\"contentUrl\":\"https:\/\/masszazsbarlang.hu\/wp-content\/uploads\/2025\/10\/Duh01.jpg\"},{\"@type\":\"BreadcrumbList\",\"@id\":\"https:\/\/masszazsbarlang.hu\/add-ki-a-duhod\/#breadcrumb\",\"itemListElement\":[{\"@type\":\"ListItem\",\"position\":1,\"name\":\"Kezd\u0151lap\",\"item\":\"https:\/\/masszazsbarlang.hu\/\"},{\"@type\":\"ListItem\",\"position\":2,\"name\":\"Add ki a d\u00fch\u00f6d!\"}]},{\"@type\":\"WebSite\",\"@id\":\"https:\/\/masszazsbarlang.hu\/#website\",\"url\":\"https:\/\/masszazsbarlang.hu\/\",\"name\":\"Massz\u00e1zs Barlang\",\"description\":\"Professzion\u00e1lis massz\u00e1zs Budapest, 13. ker\u00fclet.\",\"publisher\":{\"@id\":\"https:\/\/masszazsbarlang.hu\/#organization\"},\"potentialAction\":[{\"@type\":\"SearchAction\",\"target\":{\"@type\":\"EntryPoint\",\"urlTemplate\":\"https:\/\/masszazsbarlang.hu\/?s={search_term_string}\"},\"query-input\":{\"@type\":\"PropertyValueSpecification\",\"valueRequired\":true,\"valueName\":\"search_term_string\"}}],\"inLanguage\":\"en-GB\"},{\"@type\":\"Organization\",\"@id\":\"https:\/\/masszazsbarlang.hu\/#organization\",\"name\":\"Massz\u00e1zs Barlang\",\"url\":\"https:\/\/masszazsbarlang.hu\/\",\"logo\":{\"@type\":\"ImageObject\",\"inLanguage\":\"en-GB\",\"@id\":\"https:\/\/masszazsbarlang.hu\/#\/schema\/logo\/image\/\",\"url\":\"https:\/\/masszazsbarlang.hu\/wp-content\/uploads\/2023\/06\/Logo-500x500-px.png\",\"contentUrl\":\"https:\/\/masszazsbarlang.hu\/wp-content\/uploads\/2023\/06\/Logo-500x500-px.png\",\"width\":500,\"height\":500,\"caption\":\"Massz\u00e1zs Barlang\"},\"image\":{\"@id\":\"https:\/\/masszazsbarlang.hu\/#\/schema\/logo\/image\/\"}}]}<\/script>\n<!-- \/ Yoast SEO plugin. -->","yoast_head_json":{"title":"Add ki a d\u00fch\u00f6d! - Massz\u00e1zs Barlang","robots":{"index":"index","follow":"follow","max-snippet":"max-snippet:-1","max-image-preview":"max-image-preview:large","max-video-preview":"max-video-preview:-1"},"canonical":"https:\/\/masszazsbarlang.hu\/en\/add-ki-a-duhod\/","og_locale":"en_GB","og_type":"article","og_title":"Add ki a d\u00fch\u00f6d! - Massz\u00e1zs Barlang","og_description":"\u00c9rzed, hogy sz\u00e9tfesz\u00edt a d\u00fch, a harag, a csal\u00e1di probl\u00e9m\u00e1k vagy a neh\u00e9z betegs\u00e9gek terhe? Folyton p\u00f6r\u00f6g az agyad, de nincs kinek elmondanod, nincs hol kiab\u00e1lnod? Szolg\u00e1ltat\u00e1sunk egy \u00edt\u00e9letmentes, diszkr\u00e9t mened\u00e9ket ny\u00fajt, ahol v\u00e9gre felszabad\u00edthatod magad, kiadhatod a g\u0151zt \u00e9s &hellip; Continue reading &rarr;","og_url":"https:\/\/masszazsbarlang.hu\/en\/add-ki-a-duhod\/","og_site_name":"Massz\u00e1zs Barlang","og_image":[{"width":768,"height":512,"url":"https:\/\/masszazsbarlang.hu\/wp-content\/uploads\/2025\/10\/Duh01.jpg","type":"image\/jpeg"}],"twitter_card":"summary_large_image","twitter_misc":{"Estimated reading time":"1 minute"},"schema":{"@context":"https:\/\/schema.org","@graph":[{"@type":"WebPage","@id":"https:\/\/masszazsbarlang.hu\/add-ki-a-duhod\/","url":"https:\/\/masszazsbarlang.hu\/add-ki-a-duhod\/","name":"Add ki a d\u00fch\u00f6d! - Massz\u00e1zs Barlang","isPartOf":{"@id":"https:\/\/masszazsbarlang.hu\/#website"},"primaryImageOfPage":{"@id":"https:\/\/masszazsbarlang.hu\/add-ki-a-duhod\/#primaryimage"},"image":{"@id":"https:\/\/masszazsbarlang.hu\/add-ki-a-duhod\/#primaryimage"},"thumbnailUrl":"https:\/\/masszazsbarlang.hu\/wp-content\/uploads\/2025\/10\/Duh01.jpg","datePublished":"2025-10-05T19:31:43+00:00","breadcrumb":{"@id":"https:\/\/masszazsbarlang.hu\/add-ki-a-duhod\/#breadcrumb"},"inLanguage":"en-GB","potentialAction":[{"@type":"ReadAction","target":["https:\/\/masszazsbarlang.hu\/add-ki-a-duhod\/"]}]},{"@type":"ImageObject","inLanguage":"en-GB","@id":"https:\/\/masszazsbarlang.hu\/add-ki-a-duhod\/#primaryimage","url":"https:\/\/masszazsbarlang.hu\/wp-content\/uploads\/2025\/10\/Duh01.jpg","contentUrl":"https:\/\/masszazsbarlang.hu\/wp-content\/uploads\/2025\/10\/Duh01.jpg"},{"@type":"BreadcrumbList","@id":"https:\/\/masszazsbarlang.hu\/add-ki-a-duhod\/#breadcrumb","itemListElement":[{"@type":"ListItem","position":1,"name":"Kezd\u0151lap","item":"https:\/\/masszazsbarlang.hu\/"},{"@type":"ListItem","position":2,"name":"Add ki a d\u00fch\u00f6d!"}]},{"@type":"WebSite","@id":"https:\/\/masszazsbarlang.hu\/#website","url":"https:\/\/masszazsbarlang.hu\/","name":"Massage Cave","description":"Professzion\u00e1lis massz\u00e1zs Budapest, 13. ker\u00fclet.","publisher":{"@id":"https:\/\/masszazsbarlang.hu\/#organization"},"potentialAction":[{"@type":"SearchAction","target":{"@type":"EntryPoint","urlTemplate":"https:\/\/masszazsbarlang.hu\/?s={search_term_string}"},"query-input":{"@type":"PropertyValueSpecification","valueRequired":true,"valueName":"search_term_string"}}],"inLanguage":"en-GB"},{"@type":"Organization","@id":"https:\/\/masszazsbarlang.hu\/#organization","name":"Massage Cave","url":"https:\/\/masszazsbarlang.hu\/","logo":{"@type":"ImageObject","inLanguage":"en-GB","@id":"https:\/\/masszazsbarlang.hu\/#\/schema\/logo\/image\/","url":"https:\/\/masszazsbarlang.hu\/wp-content\/uploads\/2023\/06\/Logo-500x500-px.png","contentUrl":"https:\/\/masszazsbarlang.hu\/wp-content\/uploads\/2023\/06\/Logo-500x500-px.png","width":500,"height":500,"caption":"Massz\u00e1zs Barlang"},"image":{"@id":"https:\/\/masszazsbarlang.hu\/#\/schema\/logo\/image\/"}}]}},"_links":{"self":[{"href":"https:\/\/masszazsbarlang.hu\/en\/wp-json\/wp\/v2\/pages\/767","targetHints":{"allow":["GET"]}}],"collection":[{"href":"https:\/\/masszazsbarlang.hu\/en\/wp-json\/wp\/v2\/pages"}],"about":[{"href":"https:\/\/masszazsbarlang.hu\/en\/wp-json\/wp\/v2\/types\/page"}],"author":[{"embeddable":true,"href":"https:\/\/masszazsbarlang.hu\/en\/wp-json\/wp\/v2\/users\/1"}],"replies":[{"embeddable":true,"href":"https:\/\/masszazsbarlang.hu\/en\/wp-json\/wp\/v2\/comments?post=767"}],"version-history":[{"count":9,"href":"https:\/\/masszazsbarlang.hu\/en\/wp-json\/wp\/v2\/pages\/767\/revisions"}],"predecessor-version":[{"id":796,"href":"https:\/\/masszazsbarlang.hu\/en\/wp-json\/wp\/v2\/pages\/767\/revisions\/796"}],"wp:attachment":[{"href":"https:\/\/masszazsbarlang.hu\/en\/wp-json\/wp\/v2\/media?parent=767"}],"curies":[{"name":"wp","href":"https:\/\/api.w.org\/{rel}","templated":true}]}}