{"id":765,"date":"2025-10-05T19:36:25","date_gmt":"2025-10-05T19:36:25","guid":{"rendered":"https:\/\/masszazsbarlang.hu\/?page_id=765"},"modified":"2025-10-05T19:36:25","modified_gmt":"2025-10-05T19:36:25","slug":"akarsz-beszelni-rola","status":"publish","type":"page","link":"https:\/\/masszazsbarlang.hu\/en\/akarsz-beszelni-rola\/","title":{"rendered":"Do you want to talk about it?"},"content":{"rendered":"<p><strong>Where words heal: Get it out of your system!<\/strong><\/p>\n\n\n\n<p>\u200b<strong>From sorrow to strength, relief and support in one place.<\/strong><\/p>\n\n\n\n<p class=\"translation-block\">Do you feel overwhelmed by sorrow, a personal crisis, family conflicts, work-related stress, or the burden of severe illness? Have you been carrying emotions and worries for a long time that you have no one to share with, or are you afraid of being judged for them? Are you constantly swallowing your words and tears? You need a safe ear that isn't a family member or a friend. I will listen to you with my full attention, focusing entirely on you without judgment or interruption.<\/p>\n\n\n\n<p class=\"translation-block\">You long for immediate relief instead of lengthy therapies.<\/p>\n\n\n\n<p class=\"translation-block\">Our service provides a discreet, judgment-free sanctuary where you can finally free yourself. Here you can be honest \u2013 I will listen to your deepest concerns and help you start on the path to processing them.<\/p>\n\n\n\n<p class=\"translation-block\">After the problems and emotions have been poured out, we will work together to find a way to understand them, ease the burdens, and take the next steps. It is not therapy, but a supportive conversation for relief. I will help you bring structure to the chaos.<\/p>\n\n\n\n<p class=\"translation-block\">I created this service because I believe in the power of words and the healing effect of empathy. I am not a psychologist, but a dedicated helper who focuses on listening and emotional support. Everything said here remains 100% confidential and discreet.<\/p>\n\n\n<div class=\"wp-block-image\">\n<figure class=\"aligncenter size-full is-resized\"><img loading=\"lazy\" decoding=\"async\" width=\"1200\" height=\"800\" src=\"https:\/\/masszazsbarlang.hu\/wp-content\/uploads\/2025\/10\/Depi001.jpg\" alt=\"\" class=\"wp-image-797\" style=\"width:452px;height:auto\" srcset=\"https:\/\/masszazsbarlang.hu\/wp-content\/uploads\/2025\/10\/Depi001.jpg 1200w, https:\/\/masszazsbarlang.hu\/wp-content\/uploads\/2025\/10\/Depi001-300x200.jpg 300w, https:\/\/masszazsbarlang.hu\/wp-content\/uploads\/2025\/10\/Depi001-1024x683.jpg 1024w, https:\/\/masszazsbarlang.hu\/wp-content\/uploads\/2025\/10\/Depi001-768x512.jpg 768w, https:\/\/masszazsbarlang.hu\/wp-content\/uploads\/2025\/10\/Depi001-18x12.jpg 18w\" sizes=\"auto, (max-width: 1200px) 100vw, 1200px\" \/><\/figure>\n<\/div>","protected":false},"excerpt":{"rendered":"<p>Ahol a szavak gy\u00f3gy\u00edtanak: Add ki magadb\u00f3l! \u200bB\u00e1natb\u00f3l er\u0151 megk\u00f6nnyebb\u00fcl\u00e9s \u00e9s t\u00e1mogat\u00e1s egy helyen. \u00c9rzed, hogy sz\u00e9tfesz\u00edt a b\u00e1nat, a mag\u00e1n\u00e9leti v\u00e1ls\u00e1g, csal\u00e1di konfliktusok, munkahelyi stressz vagy a neh\u00e9z betegs\u00e9gek terhe? Hossz\u00fa ideje cipelsz olyan \u00e9rzelmeket \u00e9s gondokat, amiket nincs &hellip; <a href=\"https:\/\/masszazsbarlang.hu\/en\/akarsz-beszelni-rola\/\">Continue reading <span class=\"meta-nav\">&rarr;<\/span><\/a><\/p>","protected":false},"author":1,"featured_media":0,"parent":0,"menu_order":0,"comment_status":"closed","ping_status":"closed","template":"","meta":{"footnotes":""},"class_list":["post-765","page","type-page","status-publish","hentry"],"yoast_head":"<!-- This site is optimized with the Yoast SEO plugin v26.8 - https:\/\/yoast.com\/product\/yoast-seo-wordpress\/ -->\n<title>Akarsz besz\u00e9lni r\u00f3la? - Massz\u00e1zs Barlang<\/title>\n<meta name=\"robots\" content=\"index, follow, max-snippet:-1, max-image-preview:large, max-video-preview:-1\" \/>\n<link rel=\"canonical\" href=\"https:\/\/masszazsbarlang.hu\/en\/akarsz-beszelni-rola\/\" \/>\n<meta property=\"og:locale\" content=\"en_GB\" \/>\n<meta property=\"og:type\" content=\"article\" \/>\n<meta property=\"og:title\" content=\"Akarsz besz\u00e9lni r\u00f3la? - Massz\u00e1zs Barlang\" \/>\n<meta property=\"og:description\" content=\"Ahol a szavak gy\u00f3gy\u00edtanak: Add ki magadb\u00f3l! \u200bB\u00e1natb\u00f3l er\u0151 megk\u00f6nnyebb\u00fcl\u00e9s \u00e9s t\u00e1mogat\u00e1s egy helyen. \u00c9rzed, hogy sz\u00e9tfesz\u00edt a b\u00e1nat, a mag\u00e1n\u00e9leti v\u00e1ls\u00e1g, csal\u00e1di konfliktusok, munkahelyi stressz vagy a neh\u00e9z betegs\u00e9gek terhe? Hossz\u00fa ideje cipelsz olyan \u00e9rzelmeket \u00e9s gondokat, amiket nincs &hellip; Continue reading &rarr;\" \/>\n<meta property=\"og:url\" content=\"https:\/\/masszazsbarlang.hu\/en\/akarsz-beszelni-rola\/\" \/>\n<meta property=\"og:site_name\" content=\"Massz\u00e1zs Barlang\" \/>\n<meta property=\"og:image\" content=\"https:\/\/masszazsbarlang.hu\/wp-content\/uploads\/2025\/10\/Depi001.jpg\" \/>\n\t<meta property=\"og:image:width\" content=\"1200\" \/>\n\t<meta property=\"og:image:height\" content=\"800\" \/>\n\t<meta property=\"og:image:type\" content=\"image\/jpeg\" \/>\n<meta name=\"twitter:card\" content=\"summary_large_image\" \/>\n<meta name=\"twitter:label1\" content=\"Estimated reading time\" \/>\n\t<meta name=\"twitter:data1\" content=\"1 minute\" \/>\n<script type=\"application\/ld+json\" class=\"yoast-schema-graph\">{\"@context\":\"https:\/\/schema.org\",\"@graph\":[{\"@type\":\"WebPage\",\"@id\":\"https:\/\/masszazsbarlang.hu\/akarsz-beszelni-rola\/\",\"url\":\"https:\/\/masszazsbarlang.hu\/akarsz-beszelni-rola\/\",\"name\":\"Akarsz besz\u00e9lni r\u00f3la? - Massz\u00e1zs Barlang\",\"isPartOf\":{\"@id\":\"https:\/\/masszazsbarlang.hu\/#website\"},\"primaryImageOfPage\":{\"@id\":\"https:\/\/masszazsbarlang.hu\/akarsz-beszelni-rola\/#primaryimage\"},\"image\":{\"@id\":\"https:\/\/masszazsbarlang.hu\/akarsz-beszelni-rola\/#primaryimage\"},\"thumbnailUrl\":\"https:\/\/masszazsbarlang.hu\/wp-content\/uploads\/2025\/10\/Depi001.jpg\",\"datePublished\":\"2025-10-05T19:36:25+00:00\",\"breadcrumb\":{\"@id\":\"https:\/\/masszazsbarlang.hu\/akarsz-beszelni-rola\/#breadcrumb\"},\"inLanguage\":\"en-GB\",\"potentialAction\":[{\"@type\":\"ReadAction\",\"target\":[\"https:\/\/masszazsbarlang.hu\/akarsz-beszelni-rola\/\"]}]},{\"@type\":\"ImageObject\",\"inLanguage\":\"en-GB\",\"@id\":\"https:\/\/masszazsbarlang.hu\/akarsz-beszelni-rola\/#primaryimage\",\"url\":\"https:\/\/masszazsbarlang.hu\/wp-content\/uploads\/2025\/10\/Depi001.jpg\",\"contentUrl\":\"https:\/\/masszazsbarlang.hu\/wp-content\/uploads\/2025\/10\/Depi001.jpg\"},{\"@type\":\"BreadcrumbList\",\"@id\":\"https:\/\/masszazsbarlang.hu\/akarsz-beszelni-rola\/#breadcrumb\",\"itemListElement\":[{\"@type\":\"ListItem\",\"position\":1,\"name\":\"Kezd\u0151lap\",\"item\":\"https:\/\/masszazsbarlang.hu\/\"},{\"@type\":\"ListItem\",\"position\":2,\"name\":\"Akarsz besz\u00e9lni r\u00f3la?\"}]},{\"@type\":\"WebSite\",\"@id\":\"https:\/\/masszazsbarlang.hu\/#website\",\"url\":\"https:\/\/masszazsbarlang.hu\/\",\"name\":\"Massz\u00e1zs Barlang\",\"description\":\"Professzion\u00e1lis massz\u00e1zs Budapest, 13. ker\u00fclet.\",\"publisher\":{\"@id\":\"https:\/\/masszazsbarlang.hu\/#organization\"},\"potentialAction\":[{\"@type\":\"SearchAction\",\"target\":{\"@type\":\"EntryPoint\",\"urlTemplate\":\"https:\/\/masszazsbarlang.hu\/?s={search_term_string}\"},\"query-input\":{\"@type\":\"PropertyValueSpecification\",\"valueRequired\":true,\"valueName\":\"search_term_string\"}}],\"inLanguage\":\"en-GB\"},{\"@type\":\"Organization\",\"@id\":\"https:\/\/masszazsbarlang.hu\/#organization\",\"name\":\"Massz\u00e1zs Barlang\",\"url\":\"https:\/\/masszazsbarlang.hu\/\",\"logo\":{\"@type\":\"ImageObject\",\"inLanguage\":\"en-GB\",\"@id\":\"https:\/\/masszazsbarlang.hu\/#\/schema\/logo\/image\/\",\"url\":\"https:\/\/masszazsbarlang.hu\/wp-content\/uploads\/2023\/06\/Logo-500x500-px.png\",\"contentUrl\":\"https:\/\/masszazsbarlang.hu\/wp-content\/uploads\/2023\/06\/Logo-500x500-px.png\",\"width\":500,\"height\":500,\"caption\":\"Massz\u00e1zs Barlang\"},\"image\":{\"@id\":\"https:\/\/masszazsbarlang.hu\/#\/schema\/logo\/image\/\"}}]}<\/script>\n<!-- \/ Yoast SEO plugin. -->","yoast_head_json":{"title":"Akarsz besz\u00e9lni r\u00f3la? - Massz\u00e1zs Barlang","robots":{"index":"index","follow":"follow","max-snippet":"max-snippet:-1","max-image-preview":"max-image-preview:large","max-video-preview":"max-video-preview:-1"},"canonical":"https:\/\/masszazsbarlang.hu\/en\/akarsz-beszelni-rola\/","og_locale":"en_GB","og_type":"article","og_title":"Akarsz besz\u00e9lni r\u00f3la? - Massz\u00e1zs Barlang","og_description":"Ahol a szavak gy\u00f3gy\u00edtanak: Add ki magadb\u00f3l! \u200bB\u00e1natb\u00f3l er\u0151 megk\u00f6nnyebb\u00fcl\u00e9s \u00e9s t\u00e1mogat\u00e1s egy helyen. \u00c9rzed, hogy sz\u00e9tfesz\u00edt a b\u00e1nat, a mag\u00e1n\u00e9leti v\u00e1ls\u00e1g, csal\u00e1di konfliktusok, munkahelyi stressz vagy a neh\u00e9z betegs\u00e9gek terhe? Hossz\u00fa ideje cipelsz olyan \u00e9rzelmeket \u00e9s gondokat, amiket nincs &hellip; Continue reading &rarr;","og_url":"https:\/\/masszazsbarlang.hu\/en\/akarsz-beszelni-rola\/","og_site_name":"Massz\u00e1zs Barlang","og_image":[{"width":1200,"height":800,"url":"https:\/\/masszazsbarlang.hu\/wp-content\/uploads\/2025\/10\/Depi001.jpg","type":"image\/jpeg"}],"twitter_card":"summary_large_image","twitter_misc":{"Estimated reading time":"1 minute"},"schema":{"@context":"https:\/\/schema.org","@graph":[{"@type":"WebPage","@id":"https:\/\/masszazsbarlang.hu\/akarsz-beszelni-rola\/","url":"https:\/\/masszazsbarlang.hu\/akarsz-beszelni-rola\/","name":"Akarsz besz\u00e9lni r\u00f3la? - Massz\u00e1zs Barlang","isPartOf":{"@id":"https:\/\/masszazsbarlang.hu\/#website"},"primaryImageOfPage":{"@id":"https:\/\/masszazsbarlang.hu\/akarsz-beszelni-rola\/#primaryimage"},"image":{"@id":"https:\/\/masszazsbarlang.hu\/akarsz-beszelni-rola\/#primaryimage"},"thumbnailUrl":"https:\/\/masszazsbarlang.hu\/wp-content\/uploads\/2025\/10\/Depi001.jpg","datePublished":"2025-10-05T19:36:25+00:00","breadcrumb":{"@id":"https:\/\/masszazsbarlang.hu\/akarsz-beszelni-rola\/#breadcrumb"},"inLanguage":"en-GB","potentialAction":[{"@type":"ReadAction","target":["https:\/\/masszazsbarlang.hu\/akarsz-beszelni-rola\/"]}]},{"@type":"ImageObject","inLanguage":"en-GB","@id":"https:\/\/masszazsbarlang.hu\/akarsz-beszelni-rola\/#primaryimage","url":"https:\/\/masszazsbarlang.hu\/wp-content\/uploads\/2025\/10\/Depi001.jpg","contentUrl":"https:\/\/masszazsbarlang.hu\/wp-content\/uploads\/2025\/10\/Depi001.jpg"},{"@type":"BreadcrumbList","@id":"https:\/\/masszazsbarlang.hu\/akarsz-beszelni-rola\/#breadcrumb","itemListElement":[{"@type":"ListItem","position":1,"name":"Kezd\u0151lap","item":"https:\/\/masszazsbarlang.hu\/"},{"@type":"ListItem","position":2,"name":"Akarsz besz\u00e9lni r\u00f3la?"}]},{"@type":"WebSite","@id":"https:\/\/masszazsbarlang.hu\/#website","url":"https:\/\/masszazsbarlang.hu\/","name":"Massage Cave","description":"Professzion\u00e1lis massz\u00e1zs Budapest, 13. ker\u00fclet.","publisher":{"@id":"https:\/\/masszazsbarlang.hu\/#organization"},"potentialAction":[{"@type":"SearchAction","target":{"@type":"EntryPoint","urlTemplate":"https:\/\/masszazsbarlang.hu\/?s={search_term_string}"},"query-input":{"@type":"PropertyValueSpecification","valueRequired":true,"valueName":"search_term_string"}}],"inLanguage":"en-GB"},{"@type":"Organization","@id":"https:\/\/masszazsbarlang.hu\/#organization","name":"Massage Cave","url":"https:\/\/masszazsbarlang.hu\/","logo":{"@type":"ImageObject","inLanguage":"en-GB","@id":"https:\/\/masszazsbarlang.hu\/#\/schema\/logo\/image\/","url":"https:\/\/masszazsbarlang.hu\/wp-content\/uploads\/2023\/06\/Logo-500x500-px.png","contentUrl":"https:\/\/masszazsbarlang.hu\/wp-content\/uploads\/2023\/06\/Logo-500x500-px.png","width":500,"height":500,"caption":"Massz\u00e1zs Barlang"},"image":{"@id":"https:\/\/masszazsbarlang.hu\/#\/schema\/logo\/image\/"}}]}},"_links":{"self":[{"href":"https:\/\/masszazsbarlang.hu\/en\/wp-json\/wp\/v2\/pages\/765","targetHints":{"allow":["GET"]}}],"collection":[{"href":"https:\/\/masszazsbarlang.hu\/en\/wp-json\/wp\/v2\/pages"}],"about":[{"href":"https:\/\/masszazsbarlang.hu\/en\/wp-json\/wp\/v2\/types\/page"}],"author":[{"embeddable":true,"href":"https:\/\/masszazsbarlang.hu\/en\/wp-json\/wp\/v2\/users\/1"}],"replies":[{"embeddable":true,"href":"https:\/\/masszazsbarlang.hu\/en\/wp-json\/wp\/v2\/comments?post=765"}],"version-history":[{"count":10,"href":"https:\/\/masszazsbarlang.hu\/en\/wp-json\/wp\/v2\/pages\/765\/revisions"}],"predecessor-version":[{"id":798,"href":"https:\/\/masszazsbarlang.hu\/en\/wp-json\/wp\/v2\/pages\/765\/revisions\/798"}],"wp:attachment":[{"href":"https:\/\/masszazsbarlang.hu\/en\/wp-json\/wp\/v2\/media?parent=765"}],"curies":[{"name":"wp","href":"https:\/\/api.w.org\/{rel}","templated":true}]}}