{"id":734,"date":"2025-01-22T15:44:59","date_gmt":"2025-01-22T15:44:59","guid":{"rendered":"https:\/\/masszazsbarlang.hu\/?page_id=734"},"modified":"2026-03-10T08:08:30","modified_gmt":"2026-03-10T08:08:30","slug":"arlista-prosztata-masszazs-barlang","status":"publish","type":"page","link":"https:\/\/masszazsbarlang.hu\/en\/arlista-prosztata-masszazs-barlang\/","title":{"rendered":"Price list"},"content":{"rendered":"<p><a href=\"https:\/\/ikata.eu\/\">A C\u00e9g KATA form\u00e1ban m\u0171k\u00f6dik, \u00edgy csak mag\u00e1nszem\u00e9lyek r\u00e9sz\u00e9re \u00e1ll\u00edtunk ki sz\u00e1ml\u00e1t.<\/a><\/p>\n\n\n\n<p class=\"has-text-align-center\">Price list<\/p>\n\n\n\n<figure style=\"font-size:10px\" class=\"wp-block-table\"><table><thead><tr><th>Service<\/th><th>Minute<\/th><th>Price<\/th><th>3 class<br>Pass<\/th><th>5 class<br>Pass<\/th><th>10 class<br>Pass<\/th><\/tr><\/thead><tbody><tr><td><mark><strong>K\u00f6p\u00f6ly\u00f6z\u00e9s<\/strong><\/mark><\/td><td><\/td><td><\/td><td><\/td><td><\/td><td><\/td><\/tr><tr><td><\/td><td>40 perc<\/td><td>7.000.-<\/td><td><\/td><td><\/td><td><\/td><\/tr><tr><td><\/td><td><\/td><td><\/td><td><\/td><td><\/td><td><\/td><\/tr><tr><td><mark style=\"background-color:#f6a9c8\" class=\"has-inline-color\"><strong>SPECI\u00c1LIS MASSZ\u00c1ZSAINK<\/strong><\/mark><\/td><td><\/td><td><\/td><td><\/td><td><\/td><td><\/td><\/tr><tr><td><strong><mark>- Extra Strong <\/mark><\/strong><mark><strong>Full body<\/strong> <\/mark><\/td><td><\/td><td><\/td><td><\/td><td><\/td><td><\/td><\/tr><tr><td><\/td><td>&#8217;60<\/td><td>14.000.-<\/td><td>40.500.-<\/td><td>65.000.-<\/td><td><\/td><\/tr><tr><td><\/td><td>&#8217;80<\/td><td>17.000.-<\/td><td>43.500.-<\/td><td>70000.-<\/td><td><\/td><\/tr><tr><td><\/td><td>&#8216;120<\/td><td>28.000.-<\/td><td>82.500.-<\/td><td>135.000.-<\/td><td><\/td><\/tr><tr><td><\/td><td><\/td><td><\/td><td><\/td><td><\/td><td><\/td><\/tr><tr><td><strong><mark>- Lower back \/ Back<\/mark><\/strong><strong><mark> Specialization<\/mark><\/strong><\/td><td><\/td><td><\/td><td><\/td><td><\/td><td><\/td><\/tr><tr><td><\/td><td>&#8217;60<\/td><td>12.000.-<\/td><td>33.000.-<\/td><td>52.500.-<\/td><td><\/td><\/tr><tr><td><\/td><td>&#8217;80<\/td><td>15.000.-<\/td><td>42.000.-<\/td><td>65.000.-<\/td><td><\/td><\/tr><tr><td><\/td><td><\/td><td><\/td><td><\/td><td><\/td><td><\/td><\/tr><tr><td><strong><mark>&#8211; <a href=\"https:\/\/masszazsbarlang.hu\/en\/prosztata-masszazs\/\">PROSZTATA massz\u00e1zs<\/a><\/mark><\/strong><\/td><td><\/td><td><\/td><td><\/td><td><\/td><td><\/td><\/tr><tr><td><\/td><td>60&#8242;<\/td><td>20.000.-<\/td><td><\/td><td><\/td><td><\/td><\/tr><tr><td><\/td><td>90&#8242;<\/td><td>30.000.-<\/td><td><\/td><td><\/td><td><\/td><\/tr><tr><td><\/td><td>120&#8242;<\/td><td>40.000.-<\/td><td><\/td><td><\/td><td><\/td><\/tr><tr><td><\/td><td><\/td><td><\/td><td><\/td><td><\/td><td><\/td><\/tr><tr><td><strong><mark>- Lymphatic massage<\/mark><\/strong><\/td><td><\/td><td><\/td><td><\/td><td><\/td><td><\/td><\/tr><tr><td><\/td><td>60&#8242;<\/td><td>12.000.-<\/td><td>33.000,-<\/td><td>50.000,-<\/td><td>90.000,-<\/td><\/tr><tr><td><\/td><td>80&#8242;<\/td><td>14.000.-<\/td><td>40.500,-<\/td><td>65.000,-<\/td><td><\/td><\/tr><tr><td><\/td><td><\/td><td><\/td><td><\/td><td><\/td><td><\/td><\/tr><tr><td><strong><mark>&#8211; Alapos massz\u00e1zs<\/mark><\/strong><\/td><td><\/td><td><\/td><td><\/td><td><\/td><td><\/td><\/tr><tr><td><\/td><td>30&#8242;<\/td><td> 6.000.-<\/td><td><\/td><td><\/td><td><\/td><\/tr><tr><td><\/td><td>60&#8242;<\/td><td>12.000.-<\/td><td><\/td><td><\/td><td><\/td><\/tr><tr><td><\/td><td>80&#8242;<\/td><td>15.000.-<\/td><td><\/td><td><\/td><td><\/td><\/tr><tr><td><\/td><td><\/td><td><\/td><td><\/td><td><\/td><td><\/td><\/tr><tr><td><strong><mark style=\"background-color:#f6a9c8\" class=\"has-inline-color\">ALAP MASSZ\u00c1ZSAINK<\/mark><\/strong><\/td><td><\/td><td><\/td><td><\/td><td><\/td><td><\/td><\/tr><tr><td><\/td><td><\/td><td><\/td><td><\/td><td><\/td><td><\/td><\/tr><tr><td><strong><mark>30 minute<\/mark><\/strong><\/td><td><\/td><td>5.000.-<\/td><td>13.500.-<\/td><td>20.000.-<\/td><td>37.000.-<\/td><\/tr><tr><td>- Foot<br>- Arms<br>- Back<br>- Buttocks<br>- Waist<br>- Chest<br>- Head<\/td><td><\/td><td><\/td><td><\/td><td><\/td><td><\/td><\/tr><tr><td><\/td><td><\/td><td><\/td><td><\/td><td><\/td><td><\/td><\/tr><tr><td><strong><mark>60 minute<\/mark><\/strong><\/td><td><\/td><td>9.000.-<\/td><td>25.500.-<\/td><td>40.000.-<\/td><td>75.000.-<\/td><\/tr><tr><td>- Full body<br>- Foot<br>- Arms<br>- Back<br>- Buttocks<br>- Waist<br>- Chest<br>- Head<br><\/td><td><\/td><td><\/td><td><\/td><td><\/td><td><\/td><\/tr><tr><td>.<\/td><td><\/td><td><\/td><td><\/td><td><\/td><td><\/td><\/tr><tr><td><strong><mark>80 minute<\/mark><\/strong><\/td><td><\/td><td>12.000.-<\/td><td>33.000.-<\/td><td>50.000.-<\/td><td>90.000.-<\/td><\/tr><tr><td>-Teljes test <br>-Friss\u00edt\u0151 \/ Laz\u00edt\u00f3 \/ Relax\u00e1l\u00f3<br>Essential oil<br><\/td><td><\/td><td><\/td><td><\/td><td><\/td><td><\/td><\/tr><tr><td>.<\/td><td><\/td><td><\/td><td><\/td><td><\/td><td><\/td><\/tr><tr><td><strong><mark>90 minute<\/mark><\/strong><\/td><td><\/td><td>14.000.-<\/td><td>39.000.-<\/td><td>60.000.-<\/td><td>110.000.-<\/td><\/tr><tr><td>-Teljes test <br>-Friss\u00edt\u0151 \/ Laz\u00edt\u00f3 \/ Relax\u00e1l\u00f3<br>Essential oil <br><\/td><td><\/td><td><\/td><td><\/td><td><\/td><td><\/td><\/tr><tr><td>.<\/td><td><\/td><td><\/td><td><\/td><td><\/td><td><\/td><\/tr><tr><td><mark><strong>120 minute<\/strong><\/mark><\/td><td><\/td><td>18.000.-<\/td><td>52.500.-<\/td><td>85.000.-<\/td><td>160.000.-<\/td><\/tr><tr><td>-Teljes test <br>-Friss\u00edt\u0151 \/ Laz\u00edt\u00f3 \/ Relax\u00e1l\u00f3<br>Essential oil<\/td><td><\/td><td><\/td><td><\/td><td><\/td><td><\/td><\/tr><tr><td><\/td><td><\/td><td><\/td><td><\/td><td><\/td><td><\/td><\/tr><tr><td><strong><mark style=\"background-color:#f6a9c8\" class=\"has-inline-color\">EGY\u00c9B<\/mark><\/strong><\/td><td><\/td><td><\/td><td><\/td><td><\/td><td><\/td><\/tr><tr><td><\/td><td><\/td><td><\/td><td><\/td><td><\/td><td><\/td><\/tr><tr><td><mark><strong>Angel card<\/strong><\/mark><\/td><td><\/td><td>20 min<\/td><td>3.000,-<\/td><td><\/td><td><\/td><\/tr><tr><td><\/td><td><\/td><td><\/td><td><\/td><td><\/td><td><\/td><\/tr><tr><td><strong><mark style=\"background-color:#f6ff5e\" class=\"has-inline-color\">Do you want to talk about it?<\/mark><\/strong><\/td><td><\/td><td>60 min<\/td><td>9.000.-<\/td><td><\/td><td><\/td><\/tr><tr><td><\/td><td><\/td><td>80 min<\/td><td>12.000.-<\/td><td><\/td><td><\/td><\/tr><tr><td><\/td><td><\/td><td>120 min<\/td><td>18.000,-<\/td><td><\/td><td><\/td><\/tr><tr><td><\/td><td><\/td><td><\/td><td><\/td><td><\/td><td><\/td><\/tr><tr><td><strong><mark style=\"background-color:#faffa6\" class=\"has-inline-color\">Vent your anger<\/mark><\/strong><\/td><td><\/td><td>60 min<\/td><td>9.000.-<\/td><td><\/td><td><\/td><\/tr><tr><td><\/td><td><\/td><td>80 min<\/td><td>12.000.-<\/td><td><\/td><td><\/td><\/tr><tr><td><\/td><td><\/td><td>120 min<\/td><td>18.000,-<\/td><td><\/td><td><\/td><\/tr><tr><td><\/td><td><\/td><td><\/td><td><\/td><td><\/td><td><\/td><\/tr><\/tbody><\/table><\/figure>\n\n\n\n<figure class=\"wp-block-image size-full\"><img loading=\"lazy\" decoding=\"async\" width=\"940\" height=\"196\" src=\"https:\/\/masszazsbarlang.hu\/wp-content\/uploads\/2023\/06\/cropped-cropped-4-1-1.jpg\" alt=\"Massz\u00e1zs Barlang \u00c1rlista\" class=\"wp-image-829\" srcset=\"https:\/\/masszazsbarlang.hu\/wp-content\/uploads\/2023\/06\/cropped-cropped-4-1-1.jpg 940w, https:\/\/masszazsbarlang.hu\/wp-content\/uploads\/2023\/06\/cropped-cropped-4-1-1-300x63.jpg 300w, https:\/\/masszazsbarlang.hu\/wp-content\/uploads\/2023\/06\/cropped-cropped-4-1-1-768x160.jpg 768w, https:\/\/masszazsbarlang.hu\/wp-content\/uploads\/2023\/06\/cropped-cropped-4-1-1-18x4.jpg 18w\" sizes=\"auto, (max-width: 940px) 100vw, 940px\" \/><figcaption class=\"wp-element-caption\">Massz\u00e1zs Barlang &#8211; \u00c1rlista<\/figcaption><\/figure>","protected":false},"excerpt":{"rendered":"<p>A C\u00e9g KATA form\u00e1ban m\u0171k\u00f6dik, \u00edgy csak mag\u00e1nszem\u00e9lyek r\u00e9sz\u00e9re \u00e1ll\u00edtunk ki sz\u00e1ml\u00e1t. \u00c1rlista Szolg\u00e1ltat\u00e1s Id\u0151 \u00c1r 3 alkB\u00e9rlet 5 alk.B\u00e9rlet 10 alkB\u00e9rlet K\u00f6p\u00f6ly\u00f6z\u00e9s 40 perc 7.000.- SPECI\u00c1LIS MASSZ\u00c1ZSAINK \ufeff \ufeff \ufeff \ufeff \ufeff &#8211; Extra ER\u0150S Teljes test \ufeff \ufeff &hellip; <a href=\"https:\/\/masszazsbarlang.hu\/en\/arlista-prosztata-masszazs-barlang\/\">Continue reading <span class=\"meta-nav\">&rarr;<\/span><\/a><\/p>","protected":false},"author":1,"featured_media":0,"parent":0,"menu_order":0,"comment_status":"closed","ping_status":"closed","template":"","meta":{"footnotes":""},"class_list":["post-734","page","type-page","status-publish","hentry"],"yoast_head":"<!-- This site is optimized with the Yoast SEO plugin v26.8 - https:\/\/yoast.com\/product\/yoast-seo-wordpress\/ -->\n<title>\u00c1rlista -<\/title>\n<meta name=\"description\" content=\"\u00c1rlista: Ismerje meg \u00e1rlist\u00e1nkat \u00e9s v\u00e1lassza az ig\u00e9nyeinek megfelel\u0151 csomagot. Min\u0151s\u00e9g \u00e9s szak\u00e9rtelem, n\u00e9zze meg az \u00e1rakat itt!\" \/>\n<meta name=\"robots\" content=\"index, follow, max-snippet:-1, max-image-preview:large, max-video-preview:-1\" \/>\n<link rel=\"canonical\" href=\"https:\/\/masszazsbarlang.hu\/en\/arlista-prosztata-masszazs-barlang\/\" \/>\n<meta property=\"og:locale\" content=\"en_GB\" \/>\n<meta property=\"og:type\" content=\"article\" \/>\n<meta property=\"og:title\" content=\"\u00c1rlista -\" \/>\n<meta property=\"og:description\" content=\"\u00c1rlista: Ismerje meg \u00e1rlist\u00e1nkat \u00e9s v\u00e1lassza az ig\u00e9nyeinek megfelel\u0151 csomagot. Min\u0151s\u00e9g \u00e9s szak\u00e9rtelem, n\u00e9zze meg az \u00e1rakat itt!\" \/>\n<meta property=\"og:url\" content=\"https:\/\/masszazsbarlang.hu\/en\/arlista-prosztata-masszazs-barlang\/\" \/>\n<meta property=\"og:site_name\" content=\"Massz\u00e1zs Barlang\" \/>\n<meta property=\"article:modified_time\" content=\"2026-03-10T08:08:30+00:00\" \/>\n<meta property=\"og:image\" content=\"https:\/\/masszazsbarlang.hu\/wp-content\/uploads\/2023\/06\/cropped-cropped-4-1-1.jpg\" \/>\n\t<meta property=\"og:image:width\" content=\"940\" \/>\n\t<meta property=\"og:image:height\" content=\"196\" \/>\n\t<meta property=\"og:image:type\" content=\"image\/jpeg\" \/>\n<meta name=\"twitter:card\" content=\"summary_large_image\" \/>\n<meta name=\"twitter:label1\" content=\"Estimated reading time\" \/>\n\t<meta name=\"twitter:data1\" content=\"2 minutes\" \/>\n<script type=\"application\/ld+json\" class=\"yoast-schema-graph\">{\"@context\":\"https:\/\/schema.org\",\"@graph\":[{\"@type\":\"WebPage\",\"@id\":\"https:\/\/masszazsbarlang.hu\/arlista-prosztata-masszazs-barlang\/\",\"url\":\"https:\/\/masszazsbarlang.hu\/arlista-prosztata-masszazs-barlang\/\",\"name\":\"\u00c1rlista -\",\"isPartOf\":{\"@id\":\"https:\/\/masszazsbarlang.hu\/#website\"},\"primaryImageOfPage\":{\"@id\":\"https:\/\/masszazsbarlang.hu\/arlista-prosztata-masszazs-barlang\/#primaryimage\"},\"image\":{\"@id\":\"https:\/\/masszazsbarlang.hu\/arlista-prosztata-masszazs-barlang\/#primaryimage\"},\"thumbnailUrl\":\"https:\/\/masszazsbarlang.hu\/wp-content\/uploads\/2023\/06\/cropped-cropped-4-1-1.jpg\",\"datePublished\":\"2025-01-22T15:44:59+00:00\",\"dateModified\":\"2026-03-10T08:08:30+00:00\",\"description\":\"\u00c1rlista: Ismerje meg \u00e1rlist\u00e1nkat \u00e9s v\u00e1lassza az ig\u00e9nyeinek megfelel\u0151 csomagot. Min\u0151s\u00e9g \u00e9s szak\u00e9rtelem, n\u00e9zze meg az \u00e1rakat itt!\",\"breadcrumb\":{\"@id\":\"https:\/\/masszazsbarlang.hu\/arlista-prosztata-masszazs-barlang\/#breadcrumb\"},\"inLanguage\":\"en-GB\",\"potentialAction\":[{\"@type\":\"ReadAction\",\"target\":[\"https:\/\/masszazsbarlang.hu\/arlista-prosztata-masszazs-barlang\/\"]}]},{\"@type\":\"ImageObject\",\"inLanguage\":\"en-GB\",\"@id\":\"https:\/\/masszazsbarlang.hu\/arlista-prosztata-masszazs-barlang\/#primaryimage\",\"url\":\"https:\/\/masszazsbarlang.hu\/wp-content\/uploads\/2023\/06\/cropped-cropped-4-1-1.jpg\",\"contentUrl\":\"https:\/\/masszazsbarlang.hu\/wp-content\/uploads\/2023\/06\/cropped-cropped-4-1-1.jpg\"},{\"@type\":\"BreadcrumbList\",\"@id\":\"https:\/\/masszazsbarlang.hu\/arlista-prosztata-masszazs-barlang\/#breadcrumb\",\"itemListElement\":[{\"@type\":\"ListItem\",\"position\":1,\"name\":\"Kezd\u0151lap\",\"item\":\"https:\/\/masszazsbarlang.hu\/\"},{\"@type\":\"ListItem\",\"position\":2,\"name\":\"\u00c1rlista\"}]},{\"@type\":\"WebSite\",\"@id\":\"https:\/\/masszazsbarlang.hu\/#website\",\"url\":\"https:\/\/masszazsbarlang.hu\/\",\"name\":\"Massz\u00e1zs Barlang\",\"description\":\"Professzion\u00e1lis massz\u00e1zs Budapest, 13. ker\u00fclet.\",\"publisher\":{\"@id\":\"https:\/\/masszazsbarlang.hu\/#organization\"},\"potentialAction\":[{\"@type\":\"SearchAction\",\"target\":{\"@type\":\"EntryPoint\",\"urlTemplate\":\"https:\/\/masszazsbarlang.hu\/?s={search_term_string}\"},\"query-input\":{\"@type\":\"PropertyValueSpecification\",\"valueRequired\":true,\"valueName\":\"search_term_string\"}}],\"inLanguage\":\"en-GB\"},{\"@type\":\"Organization\",\"@id\":\"https:\/\/masszazsbarlang.hu\/#organization\",\"name\":\"Massz\u00e1zs Barlang\",\"url\":\"https:\/\/masszazsbarlang.hu\/\",\"logo\":{\"@type\":\"ImageObject\",\"inLanguage\":\"en-GB\",\"@id\":\"https:\/\/masszazsbarlang.hu\/#\/schema\/logo\/image\/\",\"url\":\"https:\/\/masszazsbarlang.hu\/wp-content\/uploads\/2023\/06\/Logo-500x500-px.png\",\"contentUrl\":\"https:\/\/masszazsbarlang.hu\/wp-content\/uploads\/2023\/06\/Logo-500x500-px.png\",\"width\":500,\"height\":500,\"caption\":\"Massz\u00e1zs Barlang\"},\"image\":{\"@id\":\"https:\/\/masszazsbarlang.hu\/#\/schema\/logo\/image\/\"}}]}<\/script>\n<!-- \/ Yoast SEO plugin. -->","yoast_head_json":{"title":"\u00c1rlista -","description":"\u00c1rlista: Ismerje meg \u00e1rlist\u00e1nkat \u00e9s v\u00e1lassza az ig\u00e9nyeinek megfelel\u0151 csomagot. Min\u0151s\u00e9g \u00e9s szak\u00e9rtelem, n\u00e9zze meg az \u00e1rakat itt!","robots":{"index":"index","follow":"follow","max-snippet":"max-snippet:-1","max-image-preview":"max-image-preview:large","max-video-preview":"max-video-preview:-1"},"canonical":"https:\/\/masszazsbarlang.hu\/en\/arlista-prosztata-masszazs-barlang\/","og_locale":"en_GB","og_type":"article","og_title":"\u00c1rlista -","og_description":"\u00c1rlista: Ismerje meg \u00e1rlist\u00e1nkat \u00e9s v\u00e1lassza az ig\u00e9nyeinek megfelel\u0151 csomagot. Min\u0151s\u00e9g \u00e9s szak\u00e9rtelem, n\u00e9zze meg az \u00e1rakat itt!","og_url":"https:\/\/masszazsbarlang.hu\/en\/arlista-prosztata-masszazs-barlang\/","og_site_name":"Massz\u00e1zs Barlang","article_modified_time":"2026-03-10T08:08:30+00:00","og_image":[{"width":940,"height":196,"url":"https:\/\/masszazsbarlang.hu\/wp-content\/uploads\/2023\/06\/cropped-cropped-4-1-1.jpg","type":"image\/jpeg"}],"twitter_card":"summary_large_image","twitter_misc":{"Estimated reading time":"2 minutes"},"schema":{"@context":"https:\/\/schema.org","@graph":[{"@type":"WebPage","@id":"https:\/\/masszazsbarlang.hu\/arlista-prosztata-masszazs-barlang\/","url":"https:\/\/masszazsbarlang.hu\/arlista-prosztata-masszazs-barlang\/","name":"\u00c1rlista -","isPartOf":{"@id":"https:\/\/masszazsbarlang.hu\/#website"},"primaryImageOfPage":{"@id":"https:\/\/masszazsbarlang.hu\/arlista-prosztata-masszazs-barlang\/#primaryimage"},"image":{"@id":"https:\/\/masszazsbarlang.hu\/arlista-prosztata-masszazs-barlang\/#primaryimage"},"thumbnailUrl":"https:\/\/masszazsbarlang.hu\/wp-content\/uploads\/2023\/06\/cropped-cropped-4-1-1.jpg","datePublished":"2025-01-22T15:44:59+00:00","dateModified":"2026-03-10T08:08:30+00:00","description":"\u00c1rlista: Ismerje meg \u00e1rlist\u00e1nkat \u00e9s v\u00e1lassza az ig\u00e9nyeinek megfelel\u0151 csomagot. Min\u0151s\u00e9g \u00e9s szak\u00e9rtelem, n\u00e9zze meg az \u00e1rakat itt!","breadcrumb":{"@id":"https:\/\/masszazsbarlang.hu\/arlista-prosztata-masszazs-barlang\/#breadcrumb"},"inLanguage":"en-GB","potentialAction":[{"@type":"ReadAction","target":["https:\/\/masszazsbarlang.hu\/arlista-prosztata-masszazs-barlang\/"]}]},{"@type":"ImageObject","inLanguage":"en-GB","@id":"https:\/\/masszazsbarlang.hu\/arlista-prosztata-masszazs-barlang\/#primaryimage","url":"https:\/\/masszazsbarlang.hu\/wp-content\/uploads\/2023\/06\/cropped-cropped-4-1-1.jpg","contentUrl":"https:\/\/masszazsbarlang.hu\/wp-content\/uploads\/2023\/06\/cropped-cropped-4-1-1.jpg"},{"@type":"BreadcrumbList","@id":"https:\/\/masszazsbarlang.hu\/arlista-prosztata-masszazs-barlang\/#breadcrumb","itemListElement":[{"@type":"ListItem","position":1,"name":"Kezd\u0151lap","item":"https:\/\/masszazsbarlang.hu\/"},{"@type":"ListItem","position":2,"name":"\u00c1rlista"}]},{"@type":"WebSite","@id":"https:\/\/masszazsbarlang.hu\/#website","url":"https:\/\/masszazsbarlang.hu\/","name":"Massage Cave","description":"Professzion\u00e1lis massz\u00e1zs Budapest, 13. ker\u00fclet.","publisher":{"@id":"https:\/\/masszazsbarlang.hu\/#organization"},"potentialAction":[{"@type":"SearchAction","target":{"@type":"EntryPoint","urlTemplate":"https:\/\/masszazsbarlang.hu\/?s={search_term_string}"},"query-input":{"@type":"PropertyValueSpecification","valueRequired":true,"valueName":"search_term_string"}}],"inLanguage":"en-GB"},{"@type":"Organization","@id":"https:\/\/masszazsbarlang.hu\/#organization","name":"Massage Cave","url":"https:\/\/masszazsbarlang.hu\/","logo":{"@type":"ImageObject","inLanguage":"en-GB","@id":"https:\/\/masszazsbarlang.hu\/#\/schema\/logo\/image\/","url":"https:\/\/masszazsbarlang.hu\/wp-content\/uploads\/2023\/06\/Logo-500x500-px.png","contentUrl":"https:\/\/masszazsbarlang.hu\/wp-content\/uploads\/2023\/06\/Logo-500x500-px.png","width":500,"height":500,"caption":"Massz\u00e1zs Barlang"},"image":{"@id":"https:\/\/masszazsbarlang.hu\/#\/schema\/logo\/image\/"}}]}},"_links":{"self":[{"href":"https:\/\/masszazsbarlang.hu\/en\/wp-json\/wp\/v2\/pages\/734","targetHints":{"allow":["GET"]}}],"collection":[{"href":"https:\/\/masszazsbarlang.hu\/en\/wp-json\/wp\/v2\/pages"}],"about":[{"href":"https:\/\/masszazsbarlang.hu\/en\/wp-json\/wp\/v2\/types\/page"}],"author":[{"embeddable":true,"href":"https:\/\/masszazsbarlang.hu\/en\/wp-json\/wp\/v2\/users\/1"}],"replies":[{"embeddable":true,"href":"https:\/\/masszazsbarlang.hu\/en\/wp-json\/wp\/v2\/comments?post=734"}],"version-history":[{"count":35,"href":"https:\/\/masszazsbarlang.hu\/en\/wp-json\/wp\/v2\/pages\/734\/revisions"}],"predecessor-version":[{"id":998,"href":"https:\/\/masszazsbarlang.hu\/en\/wp-json\/wp\/v2\/pages\/734\/revisions\/998"}],"wp:attachment":[{"href":"https:\/\/masszazsbarlang.hu\/en\/wp-json\/wp\/v2\/media?parent=734"}],"curies":[{"name":"wp","href":"https:\/\/api.w.org\/{rel}","templated":true}]}}