{"id":654,"date":"2025-01-12T15:18:34","date_gmt":"2025-01-12T15:18:34","guid":{"rendered":"https:\/\/masszazsbarlang.hu\/?page_id=654"},"modified":"2025-01-12T15:44:29","modified_gmt":"2025-01-12T15:44:29","slug":"nyirok-masszazs","status":"publish","type":"page","link":"https:\/\/masszazsbarlang.hu\/en\/nyirok-masszazs\/","title":{"rendered":"Lymphatic massage"},"content":{"rendered":"<div class=\"wp-block-media-text alignwide has-media-on-the-right is-stacked-on-mobile is-vertically-aligned-center has-background\" style=\"background-color:#f1f5c7\"><div class=\"wp-block-media-text__content\">\n<div class=\"wp-block-group\" style=\"padding-top:2em;padding-right:2em;padding-bottom:2em;padding-left:2em\"><div class=\"wp-block-group__inner-container is-layout-flow wp-block-group-is-layout-flow\">\n<p class=\"has-extra-small-font-size\">Lymphatic massage (also known as lymphatic drainage massage) is a specialized massage technique that aids the function of the lymphatic system, stimulates the flow of lymph fluid, and supports detoxification in the body. The lymphatic system is responsible for removing waste products, toxic substances, and excess fluids from the body, so lymphatic massage can facilitate the body's cleansing processes.<\/p>\n<\/div><\/div>\n<\/div><figure class=\"wp-block-media-text__media\"><img loading=\"lazy\" decoding=\"async\" width=\"400\" height=\"250\" src=\"https:\/\/masszazsbarlang.hu\/wp-content\/uploads\/2023\/06\/sport-masszazs-400x250-1.webp\" alt=\"\" class=\"wp-image-51 size-full\" srcset=\"https:\/\/masszazsbarlang.hu\/wp-content\/uploads\/2023\/06\/sport-masszazs-400x250-1.webp 400w, https:\/\/masszazsbarlang.hu\/wp-content\/uploads\/2023\/06\/sport-masszazs-400x250-1-300x188.webp 300w\" sizes=\"auto, (max-width: 400px) 100vw, 400px\" \/><\/figure><\/div>\n\n\n\n<div class=\"wp-block-media-text alignwide is-stacked-on-mobile is-vertically-aligned-center has-background\" style=\"background-color:#fffdea\"><figure class=\"wp-block-media-text__media\"><img loading=\"lazy\" decoding=\"async\" width=\"1024\" height=\"680\" src=\"https:\/\/masszazsbarlang.hu\/wp-content\/uploads\/2023\/06\/massages2-1024x680.jpg\" alt=\"\" class=\"wp-image-132 size-full\" srcset=\"https:\/\/masszazsbarlang.hu\/wp-content\/uploads\/2023\/06\/massages2-1024x680.jpg 1024w, https:\/\/masszazsbarlang.hu\/wp-content\/uploads\/2023\/06\/massages2-300x199.jpg 300w, https:\/\/masszazsbarlang.hu\/wp-content\/uploads\/2023\/06\/massages2-768x510.jpg 768w, https:\/\/masszazsbarlang.hu\/wp-content\/uploads\/2023\/06\/massages2-1536x1020.jpg 1536w, https:\/\/masszazsbarlang.hu\/wp-content\/uploads\/2023\/06\/massages2-1140x757.jpg 1140w, https:\/\/masszazsbarlang.hu\/wp-content\/uploads\/2023\/06\/massages2.jpg 1920w\" sizes=\"auto, (max-width: 1024px) 100vw, 1024px\" \/><\/figure><div class=\"wp-block-media-text__content\">\n<div class=\"wp-block-group\" style=\"padding-top:2em;padding-right:2em;padding-bottom:2em;padding-left:2em\"><div class=\"wp-block-group__inner-container is-layout-flow wp-block-group-is-layout-flow\">\n<p class=\"has-extra-small-font-size\">During the massage, gentle, slow, rhythmic movements are used, directed along the lymphatic vessels toward the lymph nodes. This technique can reduce swelling, improve blood circulation, and relieve stress.<\/p>\n<\/div><\/div>\n<\/div><\/div>\n\n\n\n<div class=\"wp-block-media-text alignwide has-media-on-the-right is-stacked-on-mobile is-vertically-aligned-center has-background\" style=\"background-color:#f1f5c7\"><div class=\"wp-block-media-text__content\">\n<div class=\"wp-block-group\" style=\"padding-top:2em;padding-right:2em;padding-bottom:2em;padding-left:2em\"><div class=\"wp-block-group__inner-container is-layout-flow wp-block-group-is-layout-flow\">\n<p>A large part of the lymphatic system is located close to the surface of the body, in contrast to the blood circulation, which is located in deeper layers. This is exactly why specific techniques are needed for lymphatic massage. Unlike other types of massage, a different kind of pressure is necessary here, as the main goal is to stimulate the lymphatic system, not the circulatory system. <\/p>\n<\/div><\/div>\n<\/div><figure class=\"wp-block-media-text__media\"><img loading=\"lazy\" decoding=\"async\" width=\"1024\" height=\"538\" src=\"https:\/\/masszazsbarlang.hu\/wp-content\/uploads\/2023\/10\/athlitikomassagediamiko-1024x538.jpg\" alt=\"\" class=\"wp-image-326 size-full\" srcset=\"https:\/\/masszazsbarlang.hu\/wp-content\/uploads\/2023\/10\/athlitikomassagediamiko-1024x538.jpg 1024w, https:\/\/masszazsbarlang.hu\/wp-content\/uploads\/2023\/10\/athlitikomassagediamiko-300x158.jpg 300w, https:\/\/masszazsbarlang.hu\/wp-content\/uploads\/2023\/10\/athlitikomassagediamiko-768x403.jpg 768w, https:\/\/masszazsbarlang.hu\/wp-content\/uploads\/2023\/10\/athlitikomassagediamiko-1140x599.jpg 1140w, https:\/\/masszazsbarlang.hu\/wp-content\/uploads\/2023\/10\/athlitikomassagediamiko.jpg 1200w\" sizes=\"auto, (max-width: 1024px) 100vw, 1024px\" \/><\/figure><\/div>\n\n\n\n<div class=\"wp-block-media-text alignwide is-stacked-on-mobile is-vertically-aligned-center has-background\" style=\"background-color:#fffdea\"><figure class=\"wp-block-media-text__media\"><img loading=\"lazy\" decoding=\"async\" width=\"1024\" height=\"680\" src=\"https:\/\/masszazsbarlang.hu\/wp-content\/uploads\/2023\/06\/massages2-1024x680.jpg\" alt=\"\" class=\"wp-image-132 size-full\" srcset=\"https:\/\/masszazsbarlang.hu\/wp-content\/uploads\/2023\/06\/massages2-1024x680.jpg 1024w, https:\/\/masszazsbarlang.hu\/wp-content\/uploads\/2023\/06\/massages2-300x199.jpg 300w, https:\/\/masszazsbarlang.hu\/wp-content\/uploads\/2023\/06\/massages2-768x510.jpg 768w, https:\/\/masszazsbarlang.hu\/wp-content\/uploads\/2023\/06\/massages2-1536x1020.jpg 1536w, https:\/\/masszazsbarlang.hu\/wp-content\/uploads\/2023\/06\/massages2-1140x757.jpg 1140w, https:\/\/masszazsbarlang.hu\/wp-content\/uploads\/2023\/06\/massages2.jpg 1920w\" sizes=\"auto, (max-width: 1024px) 100vw, 1024px\" \/><\/figure><div class=\"wp-block-media-text__content\">\n<div class=\"wp-block-group\" style=\"padding-top:2em;padding-right:2em;padding-bottom:2em;padding-left:2em\"><div class=\"wp-block-group__inner-container is-layout-flow wp-block-group-is-layout-flow\">\n<p class=\"has-extra-small-font-size\">Lymphatic massage can be particularly useful in the following cases:<\/p>\n\n\n\n<ul class=\"wp-block-list\">\n<li>Recovery after surgeries<\/li>\n<\/ul>\n\n\n\n<ul class=\"wp-block-list\">\n<li>Management of lymphedema (swelling)<\/li>\n<\/ul>\n\n\n\n<ul class=\"wp-block-list\">\n<li>Detoxification and improvement of gut flora balance<\/li>\n<\/ul>\n\n\n\n<ul class=\"wp-block-list\">\n<li>Reduction of fatigue and stress<\/li>\n<\/ul>\n\n\n\n<ul class=\"wp-block-list\">\n<li>Treatment of skin problems and cellulite<\/li>\n<\/ul>\n<\/div><\/div>\n<\/div><\/div>","protected":false},"excerpt":{"rendered":"","protected":false},"author":1,"featured_media":0,"parent":0,"menu_order":0,"comment_status":"closed","ping_status":"closed","template":"","meta":{"footnotes":""},"class_list":["post-654","page","type-page","status-publish","hentry"],"yoast_head":"<!-- This site is optimized with the Yoast SEO plugin v26.8 - https:\/\/yoast.com\/product\/yoast-seo-wordpress\/ -->\n<title>Nyirok Massz\u00e1zs - Massz\u00e1zs Barlang<\/title>\n<meta name=\"robots\" content=\"index, follow, max-snippet:-1, max-image-preview:large, max-video-preview:-1\" \/>\n<link rel=\"canonical\" href=\"https:\/\/masszazsbarlang.hu\/en\/nyirok-masszazs\/\" \/>\n<meta property=\"og:locale\" content=\"en_GB\" \/>\n<meta property=\"og:type\" content=\"article\" \/>\n<meta property=\"og:title\" content=\"Nyirok Massz\u00e1zs - Massz\u00e1zs Barlang\" \/>\n<meta property=\"og:url\" content=\"https:\/\/masszazsbarlang.hu\/en\/nyirok-masszazs\/\" \/>\n<meta property=\"og:site_name\" content=\"Massz\u00e1zs Barlang\" \/>\n<meta property=\"article:modified_time\" content=\"2025-01-12T15:44:29+00:00\" \/>\n<meta property=\"og:image\" content=\"https:\/\/masszazsbarlang.hu\/wp-content\/uploads\/2023\/06\/sport-masszazs-400x250-1.webp\" \/>\n\t<meta property=\"og:image:width\" content=\"400\" \/>\n\t<meta property=\"og:image:height\" content=\"250\" \/>\n\t<meta property=\"og:image:type\" content=\"image\/webp\" \/>\n<meta name=\"twitter:card\" content=\"summary_large_image\" \/>\n<meta name=\"twitter:label1\" content=\"Estimated reading time\" \/>\n\t<meta name=\"twitter:data1\" content=\"1 minute\" \/>\n<script type=\"application\/ld+json\" class=\"yoast-schema-graph\">{\"@context\":\"https:\/\/schema.org\",\"@graph\":[{\"@type\":\"WebPage\",\"@id\":\"https:\/\/masszazsbarlang.hu\/nyirok-masszazs\/\",\"url\":\"https:\/\/masszazsbarlang.hu\/nyirok-masszazs\/\",\"name\":\"Nyirok Massz\u00e1zs - Massz\u00e1zs Barlang\",\"isPartOf\":{\"@id\":\"https:\/\/masszazsbarlang.hu\/#website\"},\"primaryImageOfPage\":{\"@id\":\"https:\/\/masszazsbarlang.hu\/nyirok-masszazs\/#primaryimage\"},\"image\":{\"@id\":\"https:\/\/masszazsbarlang.hu\/nyirok-masszazs\/#primaryimage\"},\"thumbnailUrl\":\"https:\/\/masszazsbarlang.hu\/wp-content\/uploads\/2023\/06\/sport-masszazs-400x250-1.webp\",\"datePublished\":\"2025-01-12T15:18:34+00:00\",\"dateModified\":\"2025-01-12T15:44:29+00:00\",\"breadcrumb\":{\"@id\":\"https:\/\/masszazsbarlang.hu\/nyirok-masszazs\/#breadcrumb\"},\"inLanguage\":\"en-GB\",\"potentialAction\":[{\"@type\":\"ReadAction\",\"target\":[\"https:\/\/masszazsbarlang.hu\/nyirok-masszazs\/\"]}]},{\"@type\":\"ImageObject\",\"inLanguage\":\"en-GB\",\"@id\":\"https:\/\/masszazsbarlang.hu\/nyirok-masszazs\/#primaryimage\",\"url\":\"https:\/\/masszazsbarlang.hu\/wp-content\/uploads\/2023\/06\/sport-masszazs-400x250-1.webp\",\"contentUrl\":\"https:\/\/masszazsbarlang.hu\/wp-content\/uploads\/2023\/06\/sport-masszazs-400x250-1.webp\"},{\"@type\":\"BreadcrumbList\",\"@id\":\"https:\/\/masszazsbarlang.hu\/nyirok-masszazs\/#breadcrumb\",\"itemListElement\":[{\"@type\":\"ListItem\",\"position\":1,\"name\":\"Kezd\u0151lap\",\"item\":\"https:\/\/masszazsbarlang.hu\/\"},{\"@type\":\"ListItem\",\"position\":2,\"name\":\"Nyirok Massz\u00e1zs\"}]},{\"@type\":\"WebSite\",\"@id\":\"https:\/\/masszazsbarlang.hu\/#website\",\"url\":\"https:\/\/masszazsbarlang.hu\/\",\"name\":\"Massz\u00e1zs Barlang\",\"description\":\"Professzion\u00e1lis massz\u00e1zs Budapest, 13. ker\u00fclet.\",\"publisher\":{\"@id\":\"https:\/\/masszazsbarlang.hu\/#organization\"},\"potentialAction\":[{\"@type\":\"SearchAction\",\"target\":{\"@type\":\"EntryPoint\",\"urlTemplate\":\"https:\/\/masszazsbarlang.hu\/?s={search_term_string}\"},\"query-input\":{\"@type\":\"PropertyValueSpecification\",\"valueRequired\":true,\"valueName\":\"search_term_string\"}}],\"inLanguage\":\"en-GB\"},{\"@type\":\"Organization\",\"@id\":\"https:\/\/masszazsbarlang.hu\/#organization\",\"name\":\"Massz\u00e1zs Barlang\",\"url\":\"https:\/\/masszazsbarlang.hu\/\",\"logo\":{\"@type\":\"ImageObject\",\"inLanguage\":\"en-GB\",\"@id\":\"https:\/\/masszazsbarlang.hu\/#\/schema\/logo\/image\/\",\"url\":\"https:\/\/masszazsbarlang.hu\/wp-content\/uploads\/2023\/06\/Logo-500x500-px.png\",\"contentUrl\":\"https:\/\/masszazsbarlang.hu\/wp-content\/uploads\/2023\/06\/Logo-500x500-px.png\",\"width\":500,\"height\":500,\"caption\":\"Massz\u00e1zs Barlang\"},\"image\":{\"@id\":\"https:\/\/masszazsbarlang.hu\/#\/schema\/logo\/image\/\"}}]}<\/script>\n<!-- \/ Yoast SEO plugin. -->","yoast_head_json":{"title":"Nyirok Massz\u00e1zs - Massz\u00e1zs Barlang","robots":{"index":"index","follow":"follow","max-snippet":"max-snippet:-1","max-image-preview":"max-image-preview:large","max-video-preview":"max-video-preview:-1"},"canonical":"https:\/\/masszazsbarlang.hu\/en\/nyirok-masszazs\/","og_locale":"en_GB","og_type":"article","og_title":"Nyirok Massz\u00e1zs - Massz\u00e1zs Barlang","og_url":"https:\/\/masszazsbarlang.hu\/en\/nyirok-masszazs\/","og_site_name":"Massz\u00e1zs Barlang","article_modified_time":"2025-01-12T15:44:29+00:00","og_image":[{"width":400,"height":250,"url":"https:\/\/masszazsbarlang.hu\/wp-content\/uploads\/2023\/06\/sport-masszazs-400x250-1.webp","type":"image\/webp"}],"twitter_card":"summary_large_image","twitter_misc":{"Estimated reading time":"1 minute"},"schema":{"@context":"https:\/\/schema.org","@graph":[{"@type":"WebPage","@id":"https:\/\/masszazsbarlang.hu\/nyirok-masszazs\/","url":"https:\/\/masszazsbarlang.hu\/nyirok-masszazs\/","name":"Nyirok Massz\u00e1zs - Massz\u00e1zs Barlang","isPartOf":{"@id":"https:\/\/masszazsbarlang.hu\/#website"},"primaryImageOfPage":{"@id":"https:\/\/masszazsbarlang.hu\/nyirok-masszazs\/#primaryimage"},"image":{"@id":"https:\/\/masszazsbarlang.hu\/nyirok-masszazs\/#primaryimage"},"thumbnailUrl":"https:\/\/masszazsbarlang.hu\/wp-content\/uploads\/2023\/06\/sport-masszazs-400x250-1.webp","datePublished":"2025-01-12T15:18:34+00:00","dateModified":"2025-01-12T15:44:29+00:00","breadcrumb":{"@id":"https:\/\/masszazsbarlang.hu\/nyirok-masszazs\/#breadcrumb"},"inLanguage":"en-GB","potentialAction":[{"@type":"ReadAction","target":["https:\/\/masszazsbarlang.hu\/nyirok-masszazs\/"]}]},{"@type":"ImageObject","inLanguage":"en-GB","@id":"https:\/\/masszazsbarlang.hu\/nyirok-masszazs\/#primaryimage","url":"https:\/\/masszazsbarlang.hu\/wp-content\/uploads\/2023\/06\/sport-masszazs-400x250-1.webp","contentUrl":"https:\/\/masszazsbarlang.hu\/wp-content\/uploads\/2023\/06\/sport-masszazs-400x250-1.webp"},{"@type":"BreadcrumbList","@id":"https:\/\/masszazsbarlang.hu\/nyirok-masszazs\/#breadcrumb","itemListElement":[{"@type":"ListItem","position":1,"name":"Kezd\u0151lap","item":"https:\/\/masszazsbarlang.hu\/"},{"@type":"ListItem","position":2,"name":"Nyirok Massz\u00e1zs"}]},{"@type":"WebSite","@id":"https:\/\/masszazsbarlang.hu\/#website","url":"https:\/\/masszazsbarlang.hu\/","name":"Massage Cave","description":"Professzion\u00e1lis massz\u00e1zs Budapest, 13. ker\u00fclet.","publisher":{"@id":"https:\/\/masszazsbarlang.hu\/#organization"},"potentialAction":[{"@type":"SearchAction","target":{"@type":"EntryPoint","urlTemplate":"https:\/\/masszazsbarlang.hu\/?s={search_term_string}"},"query-input":{"@type":"PropertyValueSpecification","valueRequired":true,"valueName":"search_term_string"}}],"inLanguage":"en-GB"},{"@type":"Organization","@id":"https:\/\/masszazsbarlang.hu\/#organization","name":"Massage Cave","url":"https:\/\/masszazsbarlang.hu\/","logo":{"@type":"ImageObject","inLanguage":"en-GB","@id":"https:\/\/masszazsbarlang.hu\/#\/schema\/logo\/image\/","url":"https:\/\/masszazsbarlang.hu\/wp-content\/uploads\/2023\/06\/Logo-500x500-px.png","contentUrl":"https:\/\/masszazsbarlang.hu\/wp-content\/uploads\/2023\/06\/Logo-500x500-px.png","width":500,"height":500,"caption":"Massz\u00e1zs Barlang"},"image":{"@id":"https:\/\/masszazsbarlang.hu\/#\/schema\/logo\/image\/"}}]}},"_links":{"self":[{"href":"https:\/\/masszazsbarlang.hu\/en\/wp-json\/wp\/v2\/pages\/654","targetHints":{"allow":["GET"]}}],"collection":[{"href":"https:\/\/masszazsbarlang.hu\/en\/wp-json\/wp\/v2\/pages"}],"about":[{"href":"https:\/\/masszazsbarlang.hu\/en\/wp-json\/wp\/v2\/types\/page"}],"author":[{"embeddable":true,"href":"https:\/\/masszazsbarlang.hu\/en\/wp-json\/wp\/v2\/users\/1"}],"replies":[{"embeddable":true,"href":"https:\/\/masszazsbarlang.hu\/en\/wp-json\/wp\/v2\/comments?post=654"}],"version-history":[{"count":4,"href":"https:\/\/masszazsbarlang.hu\/en\/wp-json\/wp\/v2\/pages\/654\/revisions"}],"predecessor-version":[{"id":662,"href":"https:\/\/masszazsbarlang.hu\/en\/wp-json\/wp\/v2\/pages\/654\/revisions\/662"}],"wp:attachment":[{"href":"https:\/\/masszazsbarlang.hu\/en\/wp-json\/wp\/v2\/media?parent=654"}],"curies":[{"name":"wp","href":"https:\/\/api.w.org\/{rel}","templated":true}]}}