{"id":450,"date":"2023-11-27T21:45:45","date_gmt":"2023-11-27T21:45:45","guid":{"rendered":"https:\/\/masszazsbarlang.hu\/?page_id=450"},"modified":"2026-01-30T14:04:18","modified_gmt":"2026-01-30T14:04:18","slug":"prosztata-masszazs-prosztatamasszazs-porsztataegeszseg","status":"publish","type":"page","link":"https:\/\/masszazsbarlang.hu\/en\/prosztata-masszazs-prosztatamasszazs-porsztataegeszseg\/","title":{"rendered":"Prostate massage"},"content":{"rendered":"<p>K\u00f6sz\u00f6n\u00f6m, hogy bizalommal fordulsz fel\u00e9m a prosztata masz\u00e1ssal kapcsolatban.<\/p>\n\n\n\n<p>My goal is to introduce you to the essence and values of prostate massage \u2013 and help you embark on a new kind of physical and mental experience.<\/p>\n\n\n\n<p>The massage begins with a conversation where you explain why you came and what you would like to achieve. <\/p>\n\n\n\n<p>It is very important that you can honestly state your problem or your goal with the massage, and what brought you here. Any questions you have will also be discussed, even if you just want to try it for the first time.<\/p>\n\n\n\n<p>This is followed by a special introductory, relaxing, tuning massage, which involves the relaxation of the gluteal muscles, the perineum, and the anus.<\/p>\n\n\n\n<p>The massage is performed while you are lying face down, with support under your hips for comfort, which allows me better access.<\/p>\n\n\n\n<p>This position is also good because the person I am massaging is covered for the first session.<\/p>\n\n\n\n<p>Maga a <a href=\"https:\/\/www.salonic.hu\/hu\/locations\/masszazsbarlang-1-es-kezelo-budapest-hegedus-gyula-utca-zgnrj\/employees\/6734\/masszazsbarlang-1-es-kezelo-andi-budapest-vm35e\">prosztata massz\u00e1zs<\/a> 40 percig tart, a prosztata finom massz\u00edroz\u00e1s\u00e1val.<\/p>\n\n\n\n<p>Allow yourself to experience something new!<\/p>\n\n\n\n<p>Fortunately, there are plenty of cases where there is no problem, and people are simply curious. They want to experience how their body reacts, what it feels like... etc.<\/p>\n\n\n<div class=\"wp-block-image\">\n<figure class=\"aligncenter size-full\"><img loading=\"lazy\" decoding=\"async\" width=\"240\" height=\"180\" src=\"https:\/\/masszazsbarlang.hu\/wp-content\/uploads\/2025\/10\/prosztata02.webp\" alt=\"\" class=\"wp-image-809\" srcset=\"https:\/\/masszazsbarlang.hu\/wp-content\/uploads\/2025\/10\/prosztata02.webp 240w, https:\/\/masszazsbarlang.hu\/wp-content\/uploads\/2025\/10\/prosztata02-16x12.webp 16w\" sizes=\"auto, (max-width: 240px) 100vw, 240px\" \/><\/figure>\n<\/div>\n\n\n<p>Prostate massage is a complementary procedure that is used for certain <strong>Chronic prostatitis<\/strong> (Chronic Prostatitis \/ Chronic Pelvic Pain Syndrome) forms. Its purpose is to remove stagnant, inflammatory secretions from the glands, which can help alleviate symptoms.<\/p>\n\n\n\n<p><strong>The Purpose and Mechanism of Action of Massage<\/strong><\/p>\n\n\n\n<ul class=\"wp-block-list\">\n<li>\u200b<strong>Discharge and Cleaning:<\/strong> Prostate massage helps drain infected fluid, bacteria, and toxins that have accumulated during chronic inflammation through the prostate's excretory ducts. This 'milking' helps reduce internal tension and congestion.<\/li>\n\n\n\n<li>\u200b<strong>Improved Blood Circulation:<\/strong> The massage increases blood circulation to the prostate and surrounding tissues. This improved blood flow may facilitate the delivery of medications (e.g., antibiotics) to their target and aid the healing processes.<\/li>\n\n\n\n<li>\u200b<strong>Symptom Relief:<\/strong> The massage can quickly alleviate pain and tension in the perineum and pelvis associated with chronic inflammation, as well as improve urinary difficulties.<\/li>\n<\/ul>\n\n\n\n<div class=\"wp-block-media-text alignwide has-media-on-the-right is-stacked-on-mobile is-vertically-aligned-center has-background\" style=\"background-color:#f1f5c7;grid-template-columns:auto 57%\"><div class=\"wp-block-media-text__content\">\n<p><strong>Preventive Massage<\/strong><\/p>\n<\/div><figure class=\"wp-block-media-text__media\"><img loading=\"lazy\" decoding=\"async\" width=\"480\" height=\"480\" src=\"https:\/\/masszazsbarlang.hu\/wp-content\/uploads\/2025\/10\/Prosztata01.webp\" alt=\"Prosztata massz\u00e1zs - Massz\u00e1zs Barlang\" class=\"wp-image-800 size-full\" srcset=\"https:\/\/masszazsbarlang.hu\/wp-content\/uploads\/2025\/10\/Prosztata01.webp 480w, https:\/\/masszazsbarlang.hu\/wp-content\/uploads\/2025\/10\/Prosztata01-300x300.webp 300w, https:\/\/masszazsbarlang.hu\/wp-content\/uploads\/2025\/10\/Prosztata01-150x150.webp 150w, https:\/\/masszazsbarlang.hu\/wp-content\/uploads\/2025\/10\/Prosztata01-12x12.webp 12w\" sizes=\"auto, (max-width: 480px) 100vw, 480px\" \/><\/figure><\/div>\n\n\n\n<p class=\"has-text-align-center\"><a href=\"https:\/\/masszazsbarlang.hu\/en\/arlista-prosztata-masszazs-barlang\/\">Price list<\/a><\/p>","protected":false},"excerpt":{"rendered":"<p>K\u00f6sz\u00f6n\u00f6m, hogy bizalommal fordulsz fel\u00e9m a prosztata masz\u00e1ssal kapcsolatban. C\u00e9lom, hogy megismertessem Veled a prosztata massz\u00e1zs l\u00e9nyeg\u00e9t \u00e9s \u00e9rt\u00e9keit \u2013 \u00e9s seg\u00edtsek elindulni egy \u00fajfajta testi-lelki tapasztalat fel\u00e9. A massz\u00e1zs egy besz\u00e9lget\u00e9ssel kezd\u0151dik, ahol elmondod, mi\u00e9rt j\u00f6tt\u00e9l, mit szeretn\u00e9l el\u00e9rni. &hellip; <a href=\"https:\/\/masszazsbarlang.hu\/en\/prosztata-masszazs-prosztatamasszazs-porsztataegeszseg\/\">Continue reading <span class=\"meta-nav\">&rarr;<\/span><\/a><\/p>","protected":false},"author":1,"featured_media":0,"parent":0,"menu_order":0,"comment_status":"closed","ping_status":"closed","template":"","meta":{"footnotes":""},"class_list":["post-450","page","type-page","status-publish","hentry"],"yoast_head":"<!-- This site is optimized with the Yoast SEO plugin v26.8 - https:\/\/yoast.com\/product\/yoast-seo-wordpress\/ -->\n<title>Prosztata massz\u00e1zs -<\/title>\n<meta name=\"description\" content=\"\u200bA prosztata massz\u00e1zs egy kieg\u00e9sz\u00edt\u0151 elj\u00e1r\u00e1s, amelyet bizonyos kr\u00f3nikus (elh\u00faz\u00f3d\u00f3) prosztatagyullad\u00e1s kezel\u00e9s\u00e9nek r\u00e9szek\u00e9nt alkalmazhatnak.\" \/>\n<meta name=\"robots\" content=\"index, follow, max-snippet:-1, max-image-preview:large, max-video-preview:-1\" \/>\n<link rel=\"canonical\" href=\"https:\/\/masszazsbarlang.hu\/en\/prosztata-masszazs-prosztatamasszazs-porsztataegeszseg\/\" \/>\n<meta property=\"og:locale\" content=\"en_GB\" \/>\n<meta property=\"og:type\" content=\"article\" \/>\n<meta property=\"og:title\" content=\"Prosztata massz\u00e1zs -\" \/>\n<meta property=\"og:description\" content=\"\u200bA prosztata massz\u00e1zs egy kieg\u00e9sz\u00edt\u0151 elj\u00e1r\u00e1s, amelyet bizonyos kr\u00f3nikus (elh\u00faz\u00f3d\u00f3) prosztatagyullad\u00e1s kezel\u00e9s\u00e9nek r\u00e9szek\u00e9nt alkalmazhatnak.\" \/>\n<meta property=\"og:url\" content=\"https:\/\/masszazsbarlang.hu\/en\/prosztata-masszazs-prosztatamasszazs-porsztataegeszseg\/\" \/>\n<meta property=\"og:site_name\" content=\"Massz\u00e1zs Barlang\" \/>\n<meta property=\"article:modified_time\" content=\"2026-01-30T14:04:18+00:00\" \/>\n<meta property=\"og:image\" content=\"https:\/\/masszazsbarlang.hu\/wp-content\/uploads\/2025\/10\/prosztata02.webp\" \/>\n\t<meta property=\"og:image:width\" content=\"240\" \/>\n\t<meta property=\"og:image:height\" content=\"180\" \/>\n\t<meta property=\"og:image:type\" content=\"image\/webp\" \/>\n<meta name=\"twitter:card\" content=\"summary_large_image\" \/>\n<meta name=\"twitter:label1\" content=\"Estimated reading time\" \/>\n\t<meta name=\"twitter:data1\" content=\"3 minutes\" \/>\n<script type=\"application\/ld+json\" class=\"yoast-schema-graph\">{\"@context\":\"https:\/\/schema.org\",\"@graph\":[{\"@type\":\"WebPage\",\"@id\":\"https:\/\/masszazsbarlang.hu\/prosztata-masszazs-prosztatamasszazs-porsztataegeszseg\/\",\"url\":\"https:\/\/masszazsbarlang.hu\/prosztata-masszazs-prosztatamasszazs-porsztataegeszseg\/\",\"name\":\"Prosztata massz\u00e1zs -\",\"isPartOf\":{\"@id\":\"https:\/\/masszazsbarlang.hu\/#website\"},\"primaryImageOfPage\":{\"@id\":\"https:\/\/masszazsbarlang.hu\/prosztata-masszazs-prosztatamasszazs-porsztataegeszseg\/#primaryimage\"},\"image\":{\"@id\":\"https:\/\/masszazsbarlang.hu\/prosztata-masszazs-prosztatamasszazs-porsztataegeszseg\/#primaryimage\"},\"thumbnailUrl\":\"https:\/\/masszazsbarlang.hu\/wp-content\/uploads\/2025\/10\/prosztata02.webp\",\"datePublished\":\"2023-11-27T21:45:45+00:00\",\"dateModified\":\"2026-01-30T14:04:18+00:00\",\"description\":\"\u200bA prosztata massz\u00e1zs egy kieg\u00e9sz\u00edt\u0151 elj\u00e1r\u00e1s, amelyet bizonyos kr\u00f3nikus (elh\u00faz\u00f3d\u00f3) prosztatagyullad\u00e1s kezel\u00e9s\u00e9nek r\u00e9szek\u00e9nt alkalmazhatnak.\",\"breadcrumb\":{\"@id\":\"https:\/\/masszazsbarlang.hu\/prosztata-masszazs-prosztatamasszazs-porsztataegeszseg\/#breadcrumb\"},\"inLanguage\":\"en-GB\",\"potentialAction\":[{\"@type\":\"ReadAction\",\"target\":[\"https:\/\/masszazsbarlang.hu\/prosztata-masszazs-prosztatamasszazs-porsztataegeszseg\/\"]}]},{\"@type\":\"ImageObject\",\"inLanguage\":\"en-GB\",\"@id\":\"https:\/\/masszazsbarlang.hu\/prosztata-masszazs-prosztatamasszazs-porsztataegeszseg\/#primaryimage\",\"url\":\"https:\/\/masszazsbarlang.hu\/wp-content\/uploads\/2025\/10\/prosztata02.webp\",\"contentUrl\":\"https:\/\/masszazsbarlang.hu\/wp-content\/uploads\/2025\/10\/prosztata02.webp\"},{\"@type\":\"BreadcrumbList\",\"@id\":\"https:\/\/masszazsbarlang.hu\/prosztata-masszazs-prosztatamasszazs-porsztataegeszseg\/#breadcrumb\",\"itemListElement\":[{\"@type\":\"ListItem\",\"position\":1,\"name\":\"Kezd\u0151lap\",\"item\":\"https:\/\/masszazsbarlang.hu\/\"},{\"@type\":\"ListItem\",\"position\":2,\"name\":\"Prosztata massz\u00e1zs\"}]},{\"@type\":\"WebSite\",\"@id\":\"https:\/\/masszazsbarlang.hu\/#website\",\"url\":\"https:\/\/masszazsbarlang.hu\/\",\"name\":\"Massz\u00e1zs Barlang\",\"description\":\"Professzion\u00e1lis massz\u00e1zs Budapest, 13. ker\u00fclet.\",\"publisher\":{\"@id\":\"https:\/\/masszazsbarlang.hu\/#organization\"},\"potentialAction\":[{\"@type\":\"SearchAction\",\"target\":{\"@type\":\"EntryPoint\",\"urlTemplate\":\"https:\/\/masszazsbarlang.hu\/?s={search_term_string}\"},\"query-input\":{\"@type\":\"PropertyValueSpecification\",\"valueRequired\":true,\"valueName\":\"search_term_string\"}}],\"inLanguage\":\"en-GB\"},{\"@type\":\"Organization\",\"@id\":\"https:\/\/masszazsbarlang.hu\/#organization\",\"name\":\"Massz\u00e1zs Barlang\",\"url\":\"https:\/\/masszazsbarlang.hu\/\",\"logo\":{\"@type\":\"ImageObject\",\"inLanguage\":\"en-GB\",\"@id\":\"https:\/\/masszazsbarlang.hu\/#\/schema\/logo\/image\/\",\"url\":\"https:\/\/masszazsbarlang.hu\/wp-content\/uploads\/2023\/06\/Logo-500x500-px.png\",\"contentUrl\":\"https:\/\/masszazsbarlang.hu\/wp-content\/uploads\/2023\/06\/Logo-500x500-px.png\",\"width\":500,\"height\":500,\"caption\":\"Massz\u00e1zs Barlang\"},\"image\":{\"@id\":\"https:\/\/masszazsbarlang.hu\/#\/schema\/logo\/image\/\"}}]}<\/script>\n<!-- \/ Yoast SEO plugin. -->","yoast_head_json":{"title":"Prosztata massz\u00e1zs -","description":"\u200bA prosztata massz\u00e1zs egy kieg\u00e9sz\u00edt\u0151 elj\u00e1r\u00e1s, amelyet bizonyos kr\u00f3nikus (elh\u00faz\u00f3d\u00f3) prosztatagyullad\u00e1s kezel\u00e9s\u00e9nek r\u00e9szek\u00e9nt alkalmazhatnak.","robots":{"index":"index","follow":"follow","max-snippet":"max-snippet:-1","max-image-preview":"max-image-preview:large","max-video-preview":"max-video-preview:-1"},"canonical":"https:\/\/masszazsbarlang.hu\/en\/prosztata-masszazs-prosztatamasszazs-porsztataegeszseg\/","og_locale":"en_GB","og_type":"article","og_title":"Prosztata massz\u00e1zs -","og_description":"\u200bA prosztata massz\u00e1zs egy kieg\u00e9sz\u00edt\u0151 elj\u00e1r\u00e1s, amelyet bizonyos kr\u00f3nikus (elh\u00faz\u00f3d\u00f3) prosztatagyullad\u00e1s kezel\u00e9s\u00e9nek r\u00e9szek\u00e9nt alkalmazhatnak.","og_url":"https:\/\/masszazsbarlang.hu\/en\/prosztata-masszazs-prosztatamasszazs-porsztataegeszseg\/","og_site_name":"Massz\u00e1zs Barlang","article_modified_time":"2026-01-30T14:04:18+00:00","og_image":[{"width":240,"height":180,"url":"https:\/\/masszazsbarlang.hu\/wp-content\/uploads\/2025\/10\/prosztata02.webp","type":"image\/webp"}],"twitter_card":"summary_large_image","twitter_misc":{"Estimated reading time":"3 minutes"},"schema":{"@context":"https:\/\/schema.org","@graph":[{"@type":"WebPage","@id":"https:\/\/masszazsbarlang.hu\/prosztata-masszazs-prosztatamasszazs-porsztataegeszseg\/","url":"https:\/\/masszazsbarlang.hu\/prosztata-masszazs-prosztatamasszazs-porsztataegeszseg\/","name":"Prosztata massz\u00e1zs -","isPartOf":{"@id":"https:\/\/masszazsbarlang.hu\/#website"},"primaryImageOfPage":{"@id":"https:\/\/masszazsbarlang.hu\/prosztata-masszazs-prosztatamasszazs-porsztataegeszseg\/#primaryimage"},"image":{"@id":"https:\/\/masszazsbarlang.hu\/prosztata-masszazs-prosztatamasszazs-porsztataegeszseg\/#primaryimage"},"thumbnailUrl":"https:\/\/masszazsbarlang.hu\/wp-content\/uploads\/2025\/10\/prosztata02.webp","datePublished":"2023-11-27T21:45:45+00:00","dateModified":"2026-01-30T14:04:18+00:00","description":"\u200bA prosztata massz\u00e1zs egy kieg\u00e9sz\u00edt\u0151 elj\u00e1r\u00e1s, amelyet bizonyos kr\u00f3nikus (elh\u00faz\u00f3d\u00f3) prosztatagyullad\u00e1s kezel\u00e9s\u00e9nek r\u00e9szek\u00e9nt alkalmazhatnak.","breadcrumb":{"@id":"https:\/\/masszazsbarlang.hu\/prosztata-masszazs-prosztatamasszazs-porsztataegeszseg\/#breadcrumb"},"inLanguage":"en-GB","potentialAction":[{"@type":"ReadAction","target":["https:\/\/masszazsbarlang.hu\/prosztata-masszazs-prosztatamasszazs-porsztataegeszseg\/"]}]},{"@type":"ImageObject","inLanguage":"en-GB","@id":"https:\/\/masszazsbarlang.hu\/prosztata-masszazs-prosztatamasszazs-porsztataegeszseg\/#primaryimage","url":"https:\/\/masszazsbarlang.hu\/wp-content\/uploads\/2025\/10\/prosztata02.webp","contentUrl":"https:\/\/masszazsbarlang.hu\/wp-content\/uploads\/2025\/10\/prosztata02.webp"},{"@type":"BreadcrumbList","@id":"https:\/\/masszazsbarlang.hu\/prosztata-masszazs-prosztatamasszazs-porsztataegeszseg\/#breadcrumb","itemListElement":[{"@type":"ListItem","position":1,"name":"Kezd\u0151lap","item":"https:\/\/masszazsbarlang.hu\/"},{"@type":"ListItem","position":2,"name":"Prosztata massz\u00e1zs"}]},{"@type":"WebSite","@id":"https:\/\/masszazsbarlang.hu\/#website","url":"https:\/\/masszazsbarlang.hu\/","name":"Massage Cave","description":"Professzion\u00e1lis massz\u00e1zs Budapest, 13. ker\u00fclet.","publisher":{"@id":"https:\/\/masszazsbarlang.hu\/#organization"},"potentialAction":[{"@type":"SearchAction","target":{"@type":"EntryPoint","urlTemplate":"https:\/\/masszazsbarlang.hu\/?s={search_term_string}"},"query-input":{"@type":"PropertyValueSpecification","valueRequired":true,"valueName":"search_term_string"}}],"inLanguage":"en-GB"},{"@type":"Organization","@id":"https:\/\/masszazsbarlang.hu\/#organization","name":"Massage Cave","url":"https:\/\/masszazsbarlang.hu\/","logo":{"@type":"ImageObject","inLanguage":"en-GB","@id":"https:\/\/masszazsbarlang.hu\/#\/schema\/logo\/image\/","url":"https:\/\/masszazsbarlang.hu\/wp-content\/uploads\/2023\/06\/Logo-500x500-px.png","contentUrl":"https:\/\/masszazsbarlang.hu\/wp-content\/uploads\/2023\/06\/Logo-500x500-px.png","width":500,"height":500,"caption":"Massz\u00e1zs Barlang"},"image":{"@id":"https:\/\/masszazsbarlang.hu\/#\/schema\/logo\/image\/"}}]}},"_links":{"self":[{"href":"https:\/\/masszazsbarlang.hu\/en\/wp-json\/wp\/v2\/pages\/450","targetHints":{"allow":["GET"]}}],"collection":[{"href":"https:\/\/masszazsbarlang.hu\/en\/wp-json\/wp\/v2\/pages"}],"about":[{"href":"https:\/\/masszazsbarlang.hu\/en\/wp-json\/wp\/v2\/types\/page"}],"author":[{"embeddable":true,"href":"https:\/\/masszazsbarlang.hu\/en\/wp-json\/wp\/v2\/users\/1"}],"replies":[{"embeddable":true,"href":"https:\/\/masszazsbarlang.hu\/en\/wp-json\/wp\/v2\/comments?post=450"}],"version-history":[{"count":37,"href":"https:\/\/masszazsbarlang.hu\/en\/wp-json\/wp\/v2\/pages\/450\/revisions"}],"predecessor-version":[{"id":918,"href":"https:\/\/masszazsbarlang.hu\/en\/wp-json\/wp\/v2\/pages\/450\/revisions\/918"}],"wp:attachment":[{"href":"https:\/\/masszazsbarlang.hu\/en\/wp-json\/wp\/v2\/media?parent=450"}],"curies":[{"name":"wp","href":"https:\/\/api.w.org\/{rel}","templated":true}]}}