{"id":36,"date":"2023-06-29T14:25:25","date_gmt":"2023-06-29T14:25:25","guid":{"rendered":"https:\/\/masszazsbarlang.hu\/?page_id=36"},"modified":"2026-01-21T14:24:45","modified_gmt":"2026-01-21T14:24:45","slug":"elerhetoseg","status":"publish","type":"page","link":"https:\/\/masszazsbarlang.hu\/en\/elerhetoseg\/","title":{"rendered":"Availability"},"content":{"rendered":"<div class=\"wp-block-media-text has-media-on-the-right is-stacked-on-mobile is-vertically-aligned-center\"><div class=\"wp-block-media-text__content\">\n<p class=\"has-text-align-center\">Massz\u00e1zs Barlang el\u00e9rhet\u0151s\u00e9g<\/p>\n\n\n\n<p class=\"has-text-align-center\">Tel.:+36-30-483-9003<\/p>\n\n\n\n<p>Email: masszazsbarlang1@gmail.com<\/p>\n\n\n\n<p class=\"has-text-align-center\">1136. Budapest, Haged\u0171s Gyula utca 27\/a<\/p>\n\n\n\n<p class=\"has-text-align-center\">Banksz\u00e1lasz\u00e1m:<\/p>\n\n\n\n<p class=\"has-text-align-center\">K&amp;H 10404247-91986600-01110000<\/p>\n<\/div><figure class=\"wp-block-media-text__media\"><img loading=\"lazy\" decoding=\"async\" width=\"1024\" height=\"768\" src=\"https:\/\/masszazsbarlang.hu\/wp-content\/uploads\/2026\/01\/Masszazs-Barlang-1024x768.jpg\" alt=\"\" class=\"wp-image-925 size-full\" srcset=\"https:\/\/masszazsbarlang.hu\/wp-content\/uploads\/2026\/01\/Masszazs-Barlang-1024x768.jpg 1024w, https:\/\/masszazsbarlang.hu\/wp-content\/uploads\/2026\/01\/Masszazs-Barlang-300x225.jpg 300w, https:\/\/masszazsbarlang.hu\/wp-content\/uploads\/2026\/01\/Masszazs-Barlang-768x576.jpg 768w, https:\/\/masszazsbarlang.hu\/wp-content\/uploads\/2026\/01\/Masszazs-Barlang-16x12.jpg 16w, https:\/\/masszazsbarlang.hu\/wp-content\/uploads\/2026\/01\/Masszazs-Barlang.jpg 1200w\" sizes=\"auto, (max-width: 1024px) 100vw, 1024px\" \/><\/figure><\/div>\n\n\n\n<iframe id=\"salonicBookingWidget\" src=\"https:\/\/masszazsbarlang.salonic.hu\/?iframe=true\" style=\"width: 100%; max-width: 1980px; height: 500px; border: 1px solid #eee; border-radius: 4px\"><\/iframe>\n\n\n\n<iframe src=\"https:\/\/www.google.com\/maps\/embed?pb=!1m14!1m8!1m3!1d15243.91294835884!2d19.065559961012347!3d47.51389841533354!3m2!1i1024!2i768!4f13.1!3m3!1m2!1s0x4741dd3ec841fa51%3A0x200a3752a73d6bee!2sMassz%C3%A1zs%20Barlang!5e0!3m2!1shu!2shu!4v1688049206703!5m2!1shu!2shu\" width=\"600\" height=\"450\" style=\"border:0;\" allowfullscreen=\"\" loading=\"lazy\" referrerpolicy=\"no-referrer-when-downgrade\"><\/iframe>\n\n\n\n<p><\/p>","protected":false},"excerpt":{"rendered":"<p>Massz\u00e1zs Barlang el\u00e9rhet\u0151s\u00e9g Tel.:+36-30-483-9003 Email: masszazsbarlang1@gmail.com 1136. Budapest, Haged\u0171s Gyula utca 27\/a Banksz\u00e1lasz\u00e1m: K&amp;H 10404247-91986600-01110000<\/p>","protected":false},"author":1,"featured_media":0,"parent":0,"menu_order":0,"comment_status":"closed","ping_status":"closed","template":"","meta":{"footnotes":""},"class_list":["post-36","page","type-page","status-publish","hentry"],"yoast_head":"<!-- This site is optimized with the Yoast SEO plugin v26.8 - https:\/\/yoast.com\/product\/yoast-seo-wordpress\/ -->\n<title>El\u00e9rhet\u0151s\u00e9g -<\/title>\n<meta name=\"description\" content=\"El\u00e9rhet\u0151s\u00e9g - L\u00e1togasson el hozz\u00e1nk Budapest sz\u00edv\u00e9ben! Pontos c\u00edm\u00fcnk, t\u00e9rk\u00e9pes \u00fatvonaltervez\u0151nk \u00e9s nyitvatart\u00e1si id\u0151nk itt \u00e9rhet\u0151 el.\" \/>\n<meta name=\"robots\" content=\"index, follow, max-snippet:-1, max-image-preview:large, max-video-preview:-1\" \/>\n<link rel=\"canonical\" href=\"https:\/\/masszazsbarlang.hu\/en\/elerhetoseg\/\" \/>\n<meta property=\"og:locale\" content=\"en_GB\" \/>\n<meta property=\"og:type\" content=\"article\" \/>\n<meta property=\"og:title\" content=\"El\u00e9rhet\u0151s\u00e9g -\" \/>\n<meta property=\"og:description\" content=\"El\u00e9rhet\u0151s\u00e9g - L\u00e1togasson el hozz\u00e1nk Budapest sz\u00edv\u00e9ben! Pontos c\u00edm\u00fcnk, t\u00e9rk\u00e9pes \u00fatvonaltervez\u0151nk \u00e9s nyitvatart\u00e1si id\u0151nk itt \u00e9rhet\u0151 el.\" \/>\n<meta property=\"og:url\" content=\"https:\/\/masszazsbarlang.hu\/en\/elerhetoseg\/\" \/>\n<meta property=\"og:site_name\" content=\"Massz\u00e1zs Barlang\" \/>\n<meta property=\"article:modified_time\" content=\"2026-01-21T14:24:45+00:00\" \/>\n<meta property=\"og:image\" content=\"https:\/\/masszazsbarlang.hu\/wp-content\/uploads\/2026\/01\/Masszazs-Barlang.jpg\" \/>\n\t<meta property=\"og:image:width\" content=\"1200\" \/>\n\t<meta property=\"og:image:height\" content=\"900\" \/>\n\t<meta property=\"og:image:type\" content=\"image\/jpeg\" \/>\n<meta name=\"twitter:card\" content=\"summary_large_image\" \/>\n<meta name=\"twitter:label1\" content=\"Estimated reading time\" \/>\n\t<meta name=\"twitter:data1\" content=\"1 minute\" \/>\n<script type=\"application\/ld+json\" class=\"yoast-schema-graph\">{\"@context\":\"https:\/\/schema.org\",\"@graph\":[{\"@type\":\"WebPage\",\"@id\":\"https:\/\/masszazsbarlang.hu\/elerhetoseg\/\",\"url\":\"https:\/\/masszazsbarlang.hu\/elerhetoseg\/\",\"name\":\"El\u00e9rhet\u0151s\u00e9g -\",\"isPartOf\":{\"@id\":\"https:\/\/masszazsbarlang.hu\/#website\"},\"primaryImageOfPage\":{\"@id\":\"https:\/\/masszazsbarlang.hu\/elerhetoseg\/#primaryimage\"},\"image\":{\"@id\":\"https:\/\/masszazsbarlang.hu\/elerhetoseg\/#primaryimage\"},\"thumbnailUrl\":\"https:\/\/masszazsbarlang.hu\/wp-content\/uploads\/2026\/01\/Masszazs-Barlang-1024x768.jpg\",\"datePublished\":\"2023-06-29T14:25:25+00:00\",\"dateModified\":\"2026-01-21T14:24:45+00:00\",\"description\":\"El\u00e9rhet\u0151s\u00e9g - L\u00e1togasson el hozz\u00e1nk Budapest sz\u00edv\u00e9ben! Pontos c\u00edm\u00fcnk, t\u00e9rk\u00e9pes \u00fatvonaltervez\u0151nk \u00e9s nyitvatart\u00e1si id\u0151nk itt \u00e9rhet\u0151 el.\",\"breadcrumb\":{\"@id\":\"https:\/\/masszazsbarlang.hu\/elerhetoseg\/#breadcrumb\"},\"inLanguage\":\"en-GB\",\"potentialAction\":[{\"@type\":\"ReadAction\",\"target\":[\"https:\/\/masszazsbarlang.hu\/elerhetoseg\/\"]}]},{\"@type\":\"ImageObject\",\"inLanguage\":\"en-GB\",\"@id\":\"https:\/\/masszazsbarlang.hu\/elerhetoseg\/#primaryimage\",\"url\":\"https:\/\/masszazsbarlang.hu\/wp-content\/uploads\/2026\/01\/Masszazs-Barlang-1024x768.jpg\",\"contentUrl\":\"https:\/\/masszazsbarlang.hu\/wp-content\/uploads\/2026\/01\/Masszazs-Barlang-1024x768.jpg\"},{\"@type\":\"BreadcrumbList\",\"@id\":\"https:\/\/masszazsbarlang.hu\/elerhetoseg\/#breadcrumb\",\"itemListElement\":[{\"@type\":\"ListItem\",\"position\":1,\"name\":\"Kezd\u0151lap\",\"item\":\"https:\/\/masszazsbarlang.hu\/\"},{\"@type\":\"ListItem\",\"position\":2,\"name\":\"El\u00e9rhet\u0151s\u00e9g\"}]},{\"@type\":\"WebSite\",\"@id\":\"https:\/\/masszazsbarlang.hu\/#website\",\"url\":\"https:\/\/masszazsbarlang.hu\/\",\"name\":\"Massz\u00e1zs Barlang\",\"description\":\"Professzion\u00e1lis massz\u00e1zs Budapest, 13. ker\u00fclet.\",\"publisher\":{\"@id\":\"https:\/\/masszazsbarlang.hu\/#organization\"},\"potentialAction\":[{\"@type\":\"SearchAction\",\"target\":{\"@type\":\"EntryPoint\",\"urlTemplate\":\"https:\/\/masszazsbarlang.hu\/?s={search_term_string}\"},\"query-input\":{\"@type\":\"PropertyValueSpecification\",\"valueRequired\":true,\"valueName\":\"search_term_string\"}}],\"inLanguage\":\"en-GB\"},{\"@type\":\"Organization\",\"@id\":\"https:\/\/masszazsbarlang.hu\/#organization\",\"name\":\"Massz\u00e1zs Barlang\",\"url\":\"https:\/\/masszazsbarlang.hu\/\",\"logo\":{\"@type\":\"ImageObject\",\"inLanguage\":\"en-GB\",\"@id\":\"https:\/\/masszazsbarlang.hu\/#\/schema\/logo\/image\/\",\"url\":\"https:\/\/masszazsbarlang.hu\/wp-content\/uploads\/2023\/06\/Logo-500x500-px.png\",\"contentUrl\":\"https:\/\/masszazsbarlang.hu\/wp-content\/uploads\/2023\/06\/Logo-500x500-px.png\",\"width\":500,\"height\":500,\"caption\":\"Massz\u00e1zs Barlang\"},\"image\":{\"@id\":\"https:\/\/masszazsbarlang.hu\/#\/schema\/logo\/image\/\"}}]}<\/script>\n<!-- \/ Yoast SEO plugin. -->","yoast_head_json":{"title":"El\u00e9rhet\u0151s\u00e9g -","description":"El\u00e9rhet\u0151s\u00e9g - L\u00e1togasson el hozz\u00e1nk Budapest sz\u00edv\u00e9ben! Pontos c\u00edm\u00fcnk, t\u00e9rk\u00e9pes \u00fatvonaltervez\u0151nk \u00e9s nyitvatart\u00e1si id\u0151nk itt \u00e9rhet\u0151 el.","robots":{"index":"index","follow":"follow","max-snippet":"max-snippet:-1","max-image-preview":"max-image-preview:large","max-video-preview":"max-video-preview:-1"},"canonical":"https:\/\/masszazsbarlang.hu\/en\/elerhetoseg\/","og_locale":"en_GB","og_type":"article","og_title":"El\u00e9rhet\u0151s\u00e9g -","og_description":"El\u00e9rhet\u0151s\u00e9g - L\u00e1togasson el hozz\u00e1nk Budapest sz\u00edv\u00e9ben! Pontos c\u00edm\u00fcnk, t\u00e9rk\u00e9pes \u00fatvonaltervez\u0151nk \u00e9s nyitvatart\u00e1si id\u0151nk itt \u00e9rhet\u0151 el.","og_url":"https:\/\/masszazsbarlang.hu\/en\/elerhetoseg\/","og_site_name":"Massz\u00e1zs Barlang","article_modified_time":"2026-01-21T14:24:45+00:00","og_image":[{"width":1200,"height":900,"url":"https:\/\/masszazsbarlang.hu\/wp-content\/uploads\/2026\/01\/Masszazs-Barlang.jpg","type":"image\/jpeg"}],"twitter_card":"summary_large_image","twitter_misc":{"Estimated reading time":"1 minute"},"schema":{"@context":"https:\/\/schema.org","@graph":[{"@type":"WebPage","@id":"https:\/\/masszazsbarlang.hu\/elerhetoseg\/","url":"https:\/\/masszazsbarlang.hu\/elerhetoseg\/","name":"El\u00e9rhet\u0151s\u00e9g -","isPartOf":{"@id":"https:\/\/masszazsbarlang.hu\/#website"},"primaryImageOfPage":{"@id":"https:\/\/masszazsbarlang.hu\/elerhetoseg\/#primaryimage"},"image":{"@id":"https:\/\/masszazsbarlang.hu\/elerhetoseg\/#primaryimage"},"thumbnailUrl":"https:\/\/masszazsbarlang.hu\/wp-content\/uploads\/2026\/01\/Masszazs-Barlang-1024x768.jpg","datePublished":"2023-06-29T14:25:25+00:00","dateModified":"2026-01-21T14:24:45+00:00","description":"El\u00e9rhet\u0151s\u00e9g - L\u00e1togasson el hozz\u00e1nk Budapest sz\u00edv\u00e9ben! Pontos c\u00edm\u00fcnk, t\u00e9rk\u00e9pes \u00fatvonaltervez\u0151nk \u00e9s nyitvatart\u00e1si id\u0151nk itt \u00e9rhet\u0151 el.","breadcrumb":{"@id":"https:\/\/masszazsbarlang.hu\/elerhetoseg\/#breadcrumb"},"inLanguage":"en-GB","potentialAction":[{"@type":"ReadAction","target":["https:\/\/masszazsbarlang.hu\/elerhetoseg\/"]}]},{"@type":"ImageObject","inLanguage":"en-GB","@id":"https:\/\/masszazsbarlang.hu\/elerhetoseg\/#primaryimage","url":"https:\/\/masszazsbarlang.hu\/wp-content\/uploads\/2026\/01\/Masszazs-Barlang-1024x768.jpg","contentUrl":"https:\/\/masszazsbarlang.hu\/wp-content\/uploads\/2026\/01\/Masszazs-Barlang-1024x768.jpg"},{"@type":"BreadcrumbList","@id":"https:\/\/masszazsbarlang.hu\/elerhetoseg\/#breadcrumb","itemListElement":[{"@type":"ListItem","position":1,"name":"Kezd\u0151lap","item":"https:\/\/masszazsbarlang.hu\/"},{"@type":"ListItem","position":2,"name":"El\u00e9rhet\u0151s\u00e9g"}]},{"@type":"WebSite","@id":"https:\/\/masszazsbarlang.hu\/#website","url":"https:\/\/masszazsbarlang.hu\/","name":"Massage Cave","description":"Professzion\u00e1lis massz\u00e1zs Budapest, 13. ker\u00fclet.","publisher":{"@id":"https:\/\/masszazsbarlang.hu\/#organization"},"potentialAction":[{"@type":"SearchAction","target":{"@type":"EntryPoint","urlTemplate":"https:\/\/masszazsbarlang.hu\/?s={search_term_string}"},"query-input":{"@type":"PropertyValueSpecification","valueRequired":true,"valueName":"search_term_string"}}],"inLanguage":"en-GB"},{"@type":"Organization","@id":"https:\/\/masszazsbarlang.hu\/#organization","name":"Massage Cave","url":"https:\/\/masszazsbarlang.hu\/","logo":{"@type":"ImageObject","inLanguage":"en-GB","@id":"https:\/\/masszazsbarlang.hu\/#\/schema\/logo\/image\/","url":"https:\/\/masszazsbarlang.hu\/wp-content\/uploads\/2023\/06\/Logo-500x500-px.png","contentUrl":"https:\/\/masszazsbarlang.hu\/wp-content\/uploads\/2023\/06\/Logo-500x500-px.png","width":500,"height":500,"caption":"Massz\u00e1zs Barlang"},"image":{"@id":"https:\/\/masszazsbarlang.hu\/#\/schema\/logo\/image\/"}}]}},"_links":{"self":[{"href":"https:\/\/masszazsbarlang.hu\/en\/wp-json\/wp\/v2\/pages\/36","targetHints":{"allow":["GET"]}}],"collection":[{"href":"https:\/\/masszazsbarlang.hu\/en\/wp-json\/wp\/v2\/pages"}],"about":[{"href":"https:\/\/masszazsbarlang.hu\/en\/wp-json\/wp\/v2\/types\/page"}],"author":[{"embeddable":true,"href":"https:\/\/masszazsbarlang.hu\/en\/wp-json\/wp\/v2\/users\/1"}],"replies":[{"embeddable":true,"href":"https:\/\/masszazsbarlang.hu\/en\/wp-json\/wp\/v2\/comments?post=36"}],"version-history":[{"count":45,"href":"https:\/\/masszazsbarlang.hu\/en\/wp-json\/wp\/v2\/pages\/36\/revisions"}],"predecessor-version":[{"id":938,"href":"https:\/\/masszazsbarlang.hu\/en\/wp-json\/wp\/v2\/pages\/36\/revisions\/938"}],"wp:attachment":[{"href":"https:\/\/masszazsbarlang.hu\/en\/wp-json\/wp\/v2\/media?parent=36"}],"curies":[{"name":"wp","href":"https:\/\/api.w.org\/{rel}","templated":true}]}}