{"id":35,"date":"2023-06-29T14:25:25","date_gmt":"2023-06-29T14:25:25","guid":{"rendered":"https:\/\/masszazsbarlang.hu\/?page_id=35"},"modified":"2025-12-04T22:31:17","modified_gmt":"2025-12-04T22:31:17","slug":"frissito-masszazs","status":"publish","type":"page","link":"https:\/\/masszazsbarlang.hu\/en\/frissito-masszazs\/","title":{"rendered":"Refreshing massage"},"content":{"rendered":"<div class=\"wp-block-columns alignwide is-layout-flex wp-container-core-columns-is-layout-829b1d53 wp-block-columns-is-layout-flex\" style=\"margin-bottom:0\">\n<div class=\"wp-block-column has-text-color has-background has-link-color wp-elements-8f638884e4cb6b30686ea51ebe99e170 is-layout-flow wp-block-column-is-layout-flow\" style=\"color:#000000;background-color:#ffe97d;padding-top:2em;padding-right:2em;padding-bottom:2em;padding-left:2em\">\n<p class=\"has-text-align-center\">During a refreshing massage, the masseur applies various techniques. The stroking, kneading, and rubbing movements stimulate blood circulation, enhance well-being, and relieve tension in the neck, shoulders, and back, while the hands, arms, and legs are also massaged.<\/p>\n<\/div>\n\n\n\n<div class=\"wp-block-column has-text-color has-background has-link-color wp-elements-603867defa0d4ac6396cf97c857b1507 is-layout-flow wp-block-column-is-layout-flow\" style=\"color:#000000;background-color:#d1d1e1;padding-top:2em;padding-right:2em;padding-bottom:2em;padding-left:2em\">\n<figure class=\"wp-block-image size-full\"><img loading=\"lazy\" decoding=\"async\" width=\"800\" height=\"800\" src=\"https:\/\/masszazsbarlang.hu\/wp-content\/uploads\/2023\/06\/shoulder-massage-fujiiryoki.jpg\" alt=\"\" class=\"wp-image-104\" srcset=\"https:\/\/masszazsbarlang.hu\/wp-content\/uploads\/2023\/06\/shoulder-massage-fujiiryoki.jpg 800w, https:\/\/masszazsbarlang.hu\/wp-content\/uploads\/2023\/06\/shoulder-massage-fujiiryoki-300x300.jpg 300w, https:\/\/masszazsbarlang.hu\/wp-content\/uploads\/2023\/06\/shoulder-massage-fujiiryoki-150x150.jpg 150w, https:\/\/masszazsbarlang.hu\/wp-content\/uploads\/2023\/06\/shoulder-massage-fujiiryoki-768x768.jpg 768w, https:\/\/masszazsbarlang.hu\/wp-content\/uploads\/2023\/06\/shoulder-massage-fujiiryoki-60x60.jpg 60w\" sizes=\"auto, (max-width: 800px) 100vw, 800px\" \/><\/figure>\n<\/div>\n\n\n\n<div class=\"wp-block-column has-text-color has-background has-link-color wp-elements-32f5fc1a6c9bbd179b813bb1f5984984 is-layout-flow wp-block-column-is-layout-flow\" style=\"color:#000000;background-color:#c0ebf1;padding-top:2em;padding-right:2em;padding-bottom:2em;padding-left:2em\">\n<p>Oil massage.<br>Effective, powerful movements. During a full body massage, the entire body is affected, including the soles and palms.<br>The intensive, targeted massage strokes have a refreshing effect on the entire muscle.<br>The specially composed massage treatment improves fitness, relieves muscle spasms, relaxes and refreshes. The Refreshing massage is stronger than the Swedish massage, it is recommended for the treatment of overstretched, overtrained and heavily used muscles.<\/p>\n<\/div>\n<\/div>\n\n\n\n<p><\/p>\n\n\n\n<p class=\"has-text-align-center has-large-font-size\"><strong><a href=\"https:\/\/masszazsbarlang.salonic.hu\/\">Online appointment booking<\/a><\/strong><\/p>","protected":false},"excerpt":{"rendered":"<p>A\u00a0friss\u00edt\u0151 massz\u00e1zs\u00a0k\u00f6zben a\u00a0massz\u0151r\u00a0k\u00fcl\u00f6nb\u00f6z\u0151 fog\u00e1sokat alkalmaz. A sim\u00edt\u00e1sok, gy\u00far\u00e1sok \u00e9s d\u00f6rzs\u00f6l\u00e9sek serkentik a v\u00e9rkering\u00e9st, fokozz\u00e1k a j\u00f3 k\u00f6z\u00e9rzetet \u00e9s oldj\u00e1k a nyak, v\u00e1llak \u00e9s h\u00e1t fesz\u00fclts\u00e9g\u00e9t, mellett\u00fck pedig a kezeket, a karokat \u00e9s a l\u00e1bakat is massz\u00edrozzuk. Olajjal t\u00f6rt\u00e9n\u0151 massz\u00e1zs.Hat\u00e9kony, er\u0151teljes &hellip; <a href=\"https:\/\/masszazsbarlang.hu\/en\/frissito-masszazs\/\">Continue reading <span class=\"meta-nav\">&rarr;<\/span><\/a><\/p>","protected":false},"author":1,"featured_media":0,"parent":0,"menu_order":0,"comment_status":"closed","ping_status":"closed","template":"","meta":{"footnotes":""},"class_list":["post-35","page","type-page","status-publish","hentry"],"yoast_head":"<!-- This site is optimized with the Yoast SEO plugin v26.8 - https:\/\/yoast.com\/product\/yoast-seo-wordpress\/ -->\n<title>Friss\u00edt\u0151 massz\u00e1zs - Massz\u00e1zs Barlang<\/title>\n<meta name=\"robots\" content=\"index, follow, max-snippet:-1, max-image-preview:large, max-video-preview:-1\" \/>\n<link rel=\"canonical\" href=\"https:\/\/masszazsbarlang.hu\/en\/frissito-masszazs\/\" \/>\n<meta property=\"og:locale\" content=\"en_GB\" \/>\n<meta property=\"og:type\" content=\"article\" \/>\n<meta property=\"og:title\" content=\"Friss\u00edt\u0151 massz\u00e1zs - Massz\u00e1zs Barlang\" \/>\n<meta property=\"og:description\" content=\"A\u00a0friss\u00edt\u0151 massz\u00e1zs\u00a0k\u00f6zben a\u00a0massz\u0151r\u00a0k\u00fcl\u00f6nb\u00f6z\u0151 fog\u00e1sokat alkalmaz. A sim\u00edt\u00e1sok, gy\u00far\u00e1sok \u00e9s d\u00f6rzs\u00f6l\u00e9sek serkentik a v\u00e9rkering\u00e9st, fokozz\u00e1k a j\u00f3 k\u00f6z\u00e9rzetet \u00e9s oldj\u00e1k a nyak, v\u00e1llak \u00e9s h\u00e1t fesz\u00fclts\u00e9g\u00e9t, mellett\u00fck pedig a kezeket, a karokat \u00e9s a l\u00e1bakat is massz\u00edrozzuk. Olajjal t\u00f6rt\u00e9n\u0151 massz\u00e1zs.Hat\u00e9kony, er\u0151teljes &hellip; Continue reading &rarr;\" \/>\n<meta property=\"og:url\" content=\"https:\/\/masszazsbarlang.hu\/en\/frissito-masszazs\/\" \/>\n<meta property=\"og:site_name\" content=\"Massz\u00e1zs Barlang\" \/>\n<meta property=\"article:modified_time\" content=\"2025-12-04T22:31:17+00:00\" \/>\n<meta property=\"og:image\" content=\"https:\/\/masszazsbarlang.hu\/wp-content\/uploads\/2023\/06\/shoulder-massage-fujiiryoki.jpg\" \/>\n\t<meta property=\"og:image:width\" content=\"800\" \/>\n\t<meta property=\"og:image:height\" content=\"800\" \/>\n\t<meta property=\"og:image:type\" content=\"image\/jpeg\" \/>\n<meta name=\"twitter:card\" content=\"summary_large_image\" \/>\n<meta name=\"twitter:label1\" content=\"Estimated reading time\" \/>\n\t<meta name=\"twitter:data1\" content=\"1 minute\" \/>\n<script type=\"application\/ld+json\" class=\"yoast-schema-graph\">{\"@context\":\"https:\/\/schema.org\",\"@graph\":[{\"@type\":\"WebPage\",\"@id\":\"https:\/\/masszazsbarlang.hu\/frissito-masszazs\/\",\"url\":\"https:\/\/masszazsbarlang.hu\/frissito-masszazs\/\",\"name\":\"Friss\u00edt\u0151 massz\u00e1zs - Massz\u00e1zs Barlang\",\"isPartOf\":{\"@id\":\"https:\/\/masszazsbarlang.hu\/#website\"},\"primaryImageOfPage\":{\"@id\":\"https:\/\/masszazsbarlang.hu\/frissito-masszazs\/#primaryimage\"},\"image\":{\"@id\":\"https:\/\/masszazsbarlang.hu\/frissito-masszazs\/#primaryimage\"},\"thumbnailUrl\":\"https:\/\/masszazsbarlang.hu\/wp-content\/uploads\/2023\/06\/shoulder-massage-fujiiryoki.jpg\",\"datePublished\":\"2023-06-29T14:25:25+00:00\",\"dateModified\":\"2025-12-04T22:31:17+00:00\",\"breadcrumb\":{\"@id\":\"https:\/\/masszazsbarlang.hu\/frissito-masszazs\/#breadcrumb\"},\"inLanguage\":\"en-GB\",\"potentialAction\":[{\"@type\":\"ReadAction\",\"target\":[\"https:\/\/masszazsbarlang.hu\/frissito-masszazs\/\"]}]},{\"@type\":\"ImageObject\",\"inLanguage\":\"en-GB\",\"@id\":\"https:\/\/masszazsbarlang.hu\/frissito-masszazs\/#primaryimage\",\"url\":\"https:\/\/masszazsbarlang.hu\/wp-content\/uploads\/2023\/06\/shoulder-massage-fujiiryoki.jpg\",\"contentUrl\":\"https:\/\/masszazsbarlang.hu\/wp-content\/uploads\/2023\/06\/shoulder-massage-fujiiryoki.jpg\"},{\"@type\":\"BreadcrumbList\",\"@id\":\"https:\/\/masszazsbarlang.hu\/frissito-masszazs\/#breadcrumb\",\"itemListElement\":[{\"@type\":\"ListItem\",\"position\":1,\"name\":\"Kezd\u0151lap\",\"item\":\"https:\/\/masszazsbarlang.hu\/\"},{\"@type\":\"ListItem\",\"position\":2,\"name\":\"Friss\u00edt\u0151 massz\u00e1zs\"}]},{\"@type\":\"WebSite\",\"@id\":\"https:\/\/masszazsbarlang.hu\/#website\",\"url\":\"https:\/\/masszazsbarlang.hu\/\",\"name\":\"Massz\u00e1zs Barlang\",\"description\":\"Professzion\u00e1lis massz\u00e1zs Budapest, 13. ker\u00fclet.\",\"publisher\":{\"@id\":\"https:\/\/masszazsbarlang.hu\/#organization\"},\"potentialAction\":[{\"@type\":\"SearchAction\",\"target\":{\"@type\":\"EntryPoint\",\"urlTemplate\":\"https:\/\/masszazsbarlang.hu\/?s={search_term_string}\"},\"query-input\":{\"@type\":\"PropertyValueSpecification\",\"valueRequired\":true,\"valueName\":\"search_term_string\"}}],\"inLanguage\":\"en-GB\"},{\"@type\":\"Organization\",\"@id\":\"https:\/\/masszazsbarlang.hu\/#organization\",\"name\":\"Massz\u00e1zs Barlang\",\"url\":\"https:\/\/masszazsbarlang.hu\/\",\"logo\":{\"@type\":\"ImageObject\",\"inLanguage\":\"en-GB\",\"@id\":\"https:\/\/masszazsbarlang.hu\/#\/schema\/logo\/image\/\",\"url\":\"https:\/\/masszazsbarlang.hu\/wp-content\/uploads\/2023\/06\/Logo-500x500-px.png\",\"contentUrl\":\"https:\/\/masszazsbarlang.hu\/wp-content\/uploads\/2023\/06\/Logo-500x500-px.png\",\"width\":500,\"height\":500,\"caption\":\"Massz\u00e1zs Barlang\"},\"image\":{\"@id\":\"https:\/\/masszazsbarlang.hu\/#\/schema\/logo\/image\/\"}}]}<\/script>\n<!-- \/ Yoast SEO plugin. -->","yoast_head_json":{"title":"Friss\u00edt\u0151 massz\u00e1zs - Massz\u00e1zs Barlang","robots":{"index":"index","follow":"follow","max-snippet":"max-snippet:-1","max-image-preview":"max-image-preview:large","max-video-preview":"max-video-preview:-1"},"canonical":"https:\/\/masszazsbarlang.hu\/en\/frissito-masszazs\/","og_locale":"en_GB","og_type":"article","og_title":"Friss\u00edt\u0151 massz\u00e1zs - Massz\u00e1zs Barlang","og_description":"A\u00a0friss\u00edt\u0151 massz\u00e1zs\u00a0k\u00f6zben a\u00a0massz\u0151r\u00a0k\u00fcl\u00f6nb\u00f6z\u0151 fog\u00e1sokat alkalmaz. A sim\u00edt\u00e1sok, gy\u00far\u00e1sok \u00e9s d\u00f6rzs\u00f6l\u00e9sek serkentik a v\u00e9rkering\u00e9st, fokozz\u00e1k a j\u00f3 k\u00f6z\u00e9rzetet \u00e9s oldj\u00e1k a nyak, v\u00e1llak \u00e9s h\u00e1t fesz\u00fclts\u00e9g\u00e9t, mellett\u00fck pedig a kezeket, a karokat \u00e9s a l\u00e1bakat is massz\u00edrozzuk. Olajjal t\u00f6rt\u00e9n\u0151 massz\u00e1zs.Hat\u00e9kony, er\u0151teljes &hellip; Continue reading &rarr;","og_url":"https:\/\/masszazsbarlang.hu\/en\/frissito-masszazs\/","og_site_name":"Massz\u00e1zs Barlang","article_modified_time":"2025-12-04T22:31:17+00:00","og_image":[{"width":800,"height":800,"url":"https:\/\/masszazsbarlang.hu\/wp-content\/uploads\/2023\/06\/shoulder-massage-fujiiryoki.jpg","type":"image\/jpeg"}],"twitter_card":"summary_large_image","twitter_misc":{"Estimated reading time":"1 minute"},"schema":{"@context":"https:\/\/schema.org","@graph":[{"@type":"WebPage","@id":"https:\/\/masszazsbarlang.hu\/frissito-masszazs\/","url":"https:\/\/masszazsbarlang.hu\/frissito-masszazs\/","name":"Friss\u00edt\u0151 massz\u00e1zs - Massz\u00e1zs Barlang","isPartOf":{"@id":"https:\/\/masszazsbarlang.hu\/#website"},"primaryImageOfPage":{"@id":"https:\/\/masszazsbarlang.hu\/frissito-masszazs\/#primaryimage"},"image":{"@id":"https:\/\/masszazsbarlang.hu\/frissito-masszazs\/#primaryimage"},"thumbnailUrl":"https:\/\/masszazsbarlang.hu\/wp-content\/uploads\/2023\/06\/shoulder-massage-fujiiryoki.jpg","datePublished":"2023-06-29T14:25:25+00:00","dateModified":"2025-12-04T22:31:17+00:00","breadcrumb":{"@id":"https:\/\/masszazsbarlang.hu\/frissito-masszazs\/#breadcrumb"},"inLanguage":"en-GB","potentialAction":[{"@type":"ReadAction","target":["https:\/\/masszazsbarlang.hu\/frissito-masszazs\/"]}]},{"@type":"ImageObject","inLanguage":"en-GB","@id":"https:\/\/masszazsbarlang.hu\/frissito-masszazs\/#primaryimage","url":"https:\/\/masszazsbarlang.hu\/wp-content\/uploads\/2023\/06\/shoulder-massage-fujiiryoki.jpg","contentUrl":"https:\/\/masszazsbarlang.hu\/wp-content\/uploads\/2023\/06\/shoulder-massage-fujiiryoki.jpg"},{"@type":"BreadcrumbList","@id":"https:\/\/masszazsbarlang.hu\/frissito-masszazs\/#breadcrumb","itemListElement":[{"@type":"ListItem","position":1,"name":"Kezd\u0151lap","item":"https:\/\/masszazsbarlang.hu\/"},{"@type":"ListItem","position":2,"name":"Friss\u00edt\u0151 massz\u00e1zs"}]},{"@type":"WebSite","@id":"https:\/\/masszazsbarlang.hu\/#website","url":"https:\/\/masszazsbarlang.hu\/","name":"Massage Cave","description":"Professzion\u00e1lis massz\u00e1zs Budapest, 13. ker\u00fclet.","publisher":{"@id":"https:\/\/masszazsbarlang.hu\/#organization"},"potentialAction":[{"@type":"SearchAction","target":{"@type":"EntryPoint","urlTemplate":"https:\/\/masszazsbarlang.hu\/?s={search_term_string}"},"query-input":{"@type":"PropertyValueSpecification","valueRequired":true,"valueName":"search_term_string"}}],"inLanguage":"en-GB"},{"@type":"Organization","@id":"https:\/\/masszazsbarlang.hu\/#organization","name":"Massage Cave","url":"https:\/\/masszazsbarlang.hu\/","logo":{"@type":"ImageObject","inLanguage":"en-GB","@id":"https:\/\/masszazsbarlang.hu\/#\/schema\/logo\/image\/","url":"https:\/\/masszazsbarlang.hu\/wp-content\/uploads\/2023\/06\/Logo-500x500-px.png","contentUrl":"https:\/\/masszazsbarlang.hu\/wp-content\/uploads\/2023\/06\/Logo-500x500-px.png","width":500,"height":500,"caption":"Massz\u00e1zs Barlang"},"image":{"@id":"https:\/\/masszazsbarlang.hu\/#\/schema\/logo\/image\/"}}]}},"_links":{"self":[{"href":"https:\/\/masszazsbarlang.hu\/en\/wp-json\/wp\/v2\/pages\/35","targetHints":{"allow":["GET"]}}],"collection":[{"href":"https:\/\/masszazsbarlang.hu\/en\/wp-json\/wp\/v2\/pages"}],"about":[{"href":"https:\/\/masszazsbarlang.hu\/en\/wp-json\/wp\/v2\/types\/page"}],"author":[{"embeddable":true,"href":"https:\/\/masszazsbarlang.hu\/en\/wp-json\/wp\/v2\/users\/1"}],"replies":[{"embeddable":true,"href":"https:\/\/masszazsbarlang.hu\/en\/wp-json\/wp\/v2\/comments?post=35"}],"version-history":[{"count":23,"href":"https:\/\/masszazsbarlang.hu\/en\/wp-json\/wp\/v2\/pages\/35\/revisions"}],"predecessor-version":[{"id":852,"href":"https:\/\/masszazsbarlang.hu\/en\/wp-json\/wp\/v2\/pages\/35\/revisions\/852"}],"wp:attachment":[{"href":"https:\/\/masszazsbarlang.hu\/en\/wp-json\/wp\/v2\/media?parent=35"}],"curies":[{"name":"wp","href":"https:\/\/api.w.org\/{rel}","templated":true}]}}