{"id":285,"date":"2023-08-26T10:36:42","date_gmt":"2023-08-26T10:36:42","guid":{"rendered":"https:\/\/masszazsbarlang.hu\/?page_id=285"},"modified":"2023-08-26T11:01:26","modified_gmt":"2023-08-26T11:01:26","slug":"lab-masszazs","status":"publish","type":"page","link":"https:\/\/masszazsbarlang.hu\/en\/lab-masszazs\/","title":{"rendered":"Foot massage"},"content":{"rendered":"<p>A l\u00e1b a testet t\u00e1masztja al\u00e1. A l\u00e1bfejekre nehezedik az eg\u00e9sz test\u00fcnk s\u00falya, egyens\u00falyban tartj\u00e1k a test\u00fcnket. A l\u00e1bboltozatunk felel\u0151s a test\u00fcnk statik\u00e1j\u00e1nak biztos\u00edt\u00e1s\u00e1\u00e9rt: tomp\u00edtja a r\u00e1zk\u00f3d\u00e1sokat, a j\u00e1r\u00e1sunkat sim\u00e1v\u00e1 egyenletess\u00e9 teszi.<\/p>\n\n\n\n<p>Ennek a massz\u00e1zsnak az a c\u00e9lja \u00e9s egyben j\u00f3t\u00e9kony hat\u00e1sa, hogy seg\u00edt a talp izmainak ellazulni, seg\u00edt felfriss\u00edteni a talpat, l\u00e1bat, l\u00e1bfejet, bok\u00e1t, ami \u00e1ltal az eg\u00e9sz test is kicsit felfriss\u00fcl. A friss\u00edt\u0151 talpmassz\u00e1zs nem f\u00e1jdalmas. Kellemes, laz\u00edt\u00f3 hat\u00e1s\u00fa.<br><br><\/p>\n\n\n\n<figure class=\"wp-block-table\"><table><thead><tr><th>L\u00c1BMASSZ\u00c1ZS : B\u0150RRAD\u00cdROS \u00e9s t\u00e1pl\u00e1l\u00f3 pakol\u00e1sos k\u00e9nyeztet\u00e9s<\/th><th><\/th><\/tr><\/thead><tbody><tr><td>A b\u0151rrad\u00edrok nagyon j\u00f3t\u00e9konyak a b\u0151r\u00fcnknek. A b\u0151rrad\u00edrban l\u00e9v\u0151 szemcs\u00e9k seg\u00edtenek az elhalt b\u0151rr\u00e9tegt\u0151l megszabadulni, ez\u00e1ltal jobban tud b\u0151r\u00fcnk l\u00e9legezni. Felfriss\u00edtik, meg\u00faj\u00edtj\u00e1k a b\u0151rt, sokkal sim\u00e1bb \u00e9s puh\u00e1bb lesz.<br>A teljes ellazul\u00e1s\u00e9rt \u00e9s felfriss\u00fcl\u00e9s\u00e9rt a v\u00e1lasztott pakol\u00e1s felkenve, majd f\u00f3li\u00e1val betekercselve pihen\u00e9ssel t\u00f6lt\u00fcnk 20-30 percig a massz\u00e1zs ut\u00e1n. ! Relax\u00e1lunk, m\u00edg a b\u0151r\u00fcnk is felt\u00f6lt\u0151dik vitaminokkal \u00e9s \u00e1sv\u00e1nyi anyagokkal \u00e9s ezek \u00e1ltal sim\u00e1v\u00e1, puh\u00e1v\u00e1 v\u00e1lik &#8211; megsz\u00e9p\u00fcl.<br>Gy\u00fcm\u00f6lcs\u00f6s pakol\u00e1s<br>A gy\u00fcm\u00f6lcs\u00f6kben is rengeteg az \u00e1sv\u00e1nyi anyag, nyomelem \u00e9s vitamin tal\u00e1lhat\u00f3, melyek nem csak t\u00e1pl\u00e1lkoz\u00e1s \u00fatj\u00e1n juthatnak a szervezet\u00fcnkbe, hanem ak\u00e1r b\u0151r\u00fcnk\u00f6n kereszt\u00fcl is a pakol\u00e1s sor\u00e1n.<br>Nagy melegben ezek a pakol\u00e1sok nagyon j\u00f3l tudj\u00e1k h\u0171s\u00edteni testet.<br>Iszapos pakol\u00e1s<br>Az iszap: Agyag-, karbon\u00e1t-, szulf\u00e1t \u00e1sv\u00e1nyokban \u00e9s szerves anyagokban gazdag.<br>Er\u0151s\u00edti a szervezetet, nyugtat\u00f3 hat\u00e1s\u00fa, f\u00e1jdalomcsillap\u00edt\u00f3.<br><br>Alg\u00e1s pakol\u00e1s<br>feszes\u00edti a b\u0151r sz\u00f6veteit (hidrat\u00e1l \u00e9s regener\u00e1l), jav\u00edtja a kering\u00e9st, seg\u00edti a hormonrendszer eg\u00e9szs\u00e9ges m\u0171k\u00f6d\u00e9s\u00e9t, felborult anyagcser\u00e9t helyre\u00e1ll\u00edthatja, fokozza a m\u00e9reganyagok ki\u00fcr\u00fcl\u00e9s\u00e9t a szervezetb\u0151l, jav\u00edtja a test term\u00e9szetes v\u00e9dekez\u0151k\u00e9pess\u00e9g\u00e9t, gyullad\u00e1scs\u00f6kkent\u0151 hat\u00e1s\u00fa,<br>Az alg\u00e1k t\u00f6bb vitamint \u00e9s \u00e1sv\u00e1nyi anyagot tartalmaz, mint sok m\u00e1s \u00e9lelmiszer.<br>Tartalmaz t\u00f6bbsz\u00f6r\u00f6sen tel\u00edtetlen Omega 3 zs\u00edrsavakat, sz\u00e1mtalan vitamint.<br>Tartalmaz B vitamint, C \u00e9s E vitaminokat, vasat, j\u00f3dot \u00e9s k\u00e1liumot!<\/td><td><\/td><\/tr><\/tbody><\/table><\/figure>\n\n\n\n<p><\/p>","protected":false},"excerpt":{"rendered":"<p>A l\u00e1b a testet t\u00e1masztja al\u00e1. A l\u00e1bfejekre nehezedik az eg\u00e9sz test\u00fcnk s\u00falya, egyens\u00falyban tartj\u00e1k a test\u00fcnket. A l\u00e1bboltozatunk felel\u0151s a test\u00fcnk statik\u00e1j\u00e1nak biztos\u00edt\u00e1s\u00e1\u00e9rt: tomp\u00edtja a r\u00e1zk\u00f3d\u00e1sokat, a j\u00e1r\u00e1sunkat sim\u00e1v\u00e1 egyenletess\u00e9 teszi. Ennek a massz\u00e1zsnak az a c\u00e9lja \u00e9s egyben &hellip; <a href=\"https:\/\/masszazsbarlang.hu\/en\/lab-masszazs\/\">Continue reading <span class=\"meta-nav\">&rarr;<\/span><\/a><\/p>","protected":false},"author":1,"featured_media":288,"parent":0,"menu_order":0,"comment_status":"closed","ping_status":"closed","template":"","meta":{"footnotes":""},"class_list":["post-285","page","type-page","status-publish","has-post-thumbnail","hentry"],"yoast_head":"<!-- This site is optimized with the Yoast SEO plugin v26.8 - https:\/\/yoast.com\/product\/yoast-seo-wordpress\/ -->\n<title>L\u00e1b massz\u00e1zs - Massz\u00e1zs Barlang<\/title>\n<meta name=\"robots\" content=\"index, follow, max-snippet:-1, max-image-preview:large, max-video-preview:-1\" \/>\n<link rel=\"canonical\" href=\"https:\/\/masszazsbarlang.hu\/en\/lab-masszazs\/\" \/>\n<meta property=\"og:locale\" content=\"en_GB\" \/>\n<meta property=\"og:type\" content=\"article\" \/>\n<meta property=\"og:title\" content=\"L\u00e1b massz\u00e1zs - Massz\u00e1zs Barlang\" \/>\n<meta property=\"og:description\" content=\"A l\u00e1b a testet t\u00e1masztja al\u00e1. A l\u00e1bfejekre nehezedik az eg\u00e9sz test\u00fcnk s\u00falya, egyens\u00falyban tartj\u00e1k a test\u00fcnket. A l\u00e1bboltozatunk felel\u0151s a test\u00fcnk statik\u00e1j\u00e1nak biztos\u00edt\u00e1s\u00e1\u00e9rt: tomp\u00edtja a r\u00e1zk\u00f3d\u00e1sokat, a j\u00e1r\u00e1sunkat sim\u00e1v\u00e1 egyenletess\u00e9 teszi. Ennek a massz\u00e1zsnak az a c\u00e9lja \u00e9s egyben &hellip; Continue reading &rarr;\" \/>\n<meta property=\"og:url\" content=\"https:\/\/masszazsbarlang.hu\/en\/lab-masszazs\/\" \/>\n<meta property=\"og:site_name\" content=\"Massz\u00e1zs Barlang\" \/>\n<meta property=\"article:modified_time\" content=\"2023-08-26T11:01:26+00:00\" \/>\n<meta property=\"og:image\" content=\"https:\/\/masszazsbarlang.hu\/wp-content\/uploads\/2023\/08\/cropped-Foot-Reflexology-Massage-downtown-san-diego.jpg\" \/>\n\t<meta property=\"og:image:width\" content=\"999\" \/>\n\t<meta property=\"og:image:height\" content=\"596\" \/>\n\t<meta property=\"og:image:type\" content=\"image\/jpeg\" \/>\n<meta name=\"twitter:card\" content=\"summary_large_image\" \/>\n<meta name=\"twitter:label1\" content=\"Estimated reading time\" \/>\n\t<meta name=\"twitter:data1\" content=\"2 minutes\" \/>\n<script type=\"application\/ld+json\" class=\"yoast-schema-graph\">{\"@context\":\"https:\/\/schema.org\",\"@graph\":[{\"@type\":\"WebPage\",\"@id\":\"https:\/\/masszazsbarlang.hu\/lab-masszazs\/\",\"url\":\"https:\/\/masszazsbarlang.hu\/lab-masszazs\/\",\"name\":\"L\u00e1b massz\u00e1zs - Massz\u00e1zs Barlang\",\"isPartOf\":{\"@id\":\"https:\/\/masszazsbarlang.hu\/#website\"},\"primaryImageOfPage\":{\"@id\":\"https:\/\/masszazsbarlang.hu\/lab-masszazs\/#primaryimage\"},\"image\":{\"@id\":\"https:\/\/masszazsbarlang.hu\/lab-masszazs\/#primaryimage\"},\"thumbnailUrl\":\"https:\/\/masszazsbarlang.hu\/wp-content\/uploads\/2023\/08\/cropped-Foot-Reflexology-Massage-downtown-san-diego.jpg\",\"datePublished\":\"2023-08-26T10:36:42+00:00\",\"dateModified\":\"2023-08-26T11:01:26+00:00\",\"breadcrumb\":{\"@id\":\"https:\/\/masszazsbarlang.hu\/lab-masszazs\/#breadcrumb\"},\"inLanguage\":\"en-GB\",\"potentialAction\":[{\"@type\":\"ReadAction\",\"target\":[\"https:\/\/masszazsbarlang.hu\/lab-masszazs\/\"]}]},{\"@type\":\"ImageObject\",\"inLanguage\":\"en-GB\",\"@id\":\"https:\/\/masszazsbarlang.hu\/lab-masszazs\/#primaryimage\",\"url\":\"https:\/\/masszazsbarlang.hu\/wp-content\/uploads\/2023\/08\/cropped-Foot-Reflexology-Massage-downtown-san-diego.jpg\",\"contentUrl\":\"https:\/\/masszazsbarlang.hu\/wp-content\/uploads\/2023\/08\/cropped-Foot-Reflexology-Massage-downtown-san-diego.jpg\",\"width\":999,\"height\":596},{\"@type\":\"BreadcrumbList\",\"@id\":\"https:\/\/masszazsbarlang.hu\/lab-masszazs\/#breadcrumb\",\"itemListElement\":[{\"@type\":\"ListItem\",\"position\":1,\"name\":\"Kezd\u0151lap\",\"item\":\"https:\/\/masszazsbarlang.hu\/\"},{\"@type\":\"ListItem\",\"position\":2,\"name\":\"L\u00e1b massz\u00e1zs\"}]},{\"@type\":\"WebSite\",\"@id\":\"https:\/\/masszazsbarlang.hu\/#website\",\"url\":\"https:\/\/masszazsbarlang.hu\/\",\"name\":\"Massz\u00e1zs Barlang\",\"description\":\"Professzion\u00e1lis massz\u00e1zs Budapest, 13. ker\u00fclet.\",\"publisher\":{\"@id\":\"https:\/\/masszazsbarlang.hu\/#organization\"},\"potentialAction\":[{\"@type\":\"SearchAction\",\"target\":{\"@type\":\"EntryPoint\",\"urlTemplate\":\"https:\/\/masszazsbarlang.hu\/?s={search_term_string}\"},\"query-input\":{\"@type\":\"PropertyValueSpecification\",\"valueRequired\":true,\"valueName\":\"search_term_string\"}}],\"inLanguage\":\"en-GB\"},{\"@type\":\"Organization\",\"@id\":\"https:\/\/masszazsbarlang.hu\/#organization\",\"name\":\"Massz\u00e1zs Barlang\",\"url\":\"https:\/\/masszazsbarlang.hu\/\",\"logo\":{\"@type\":\"ImageObject\",\"inLanguage\":\"en-GB\",\"@id\":\"https:\/\/masszazsbarlang.hu\/#\/schema\/logo\/image\/\",\"url\":\"https:\/\/masszazsbarlang.hu\/wp-content\/uploads\/2023\/06\/Logo-500x500-px.png\",\"contentUrl\":\"https:\/\/masszazsbarlang.hu\/wp-content\/uploads\/2023\/06\/Logo-500x500-px.png\",\"width\":500,\"height\":500,\"caption\":\"Massz\u00e1zs Barlang\"},\"image\":{\"@id\":\"https:\/\/masszazsbarlang.hu\/#\/schema\/logo\/image\/\"}}]}<\/script>\n<!-- \/ Yoast SEO plugin. -->","yoast_head_json":{"title":"L\u00e1b massz\u00e1zs - Massz\u00e1zs Barlang","robots":{"index":"index","follow":"follow","max-snippet":"max-snippet:-1","max-image-preview":"max-image-preview:large","max-video-preview":"max-video-preview:-1"},"canonical":"https:\/\/masszazsbarlang.hu\/en\/lab-masszazs\/","og_locale":"en_GB","og_type":"article","og_title":"L\u00e1b massz\u00e1zs - Massz\u00e1zs Barlang","og_description":"A l\u00e1b a testet t\u00e1masztja al\u00e1. A l\u00e1bfejekre nehezedik az eg\u00e9sz test\u00fcnk s\u00falya, egyens\u00falyban tartj\u00e1k a test\u00fcnket. A l\u00e1bboltozatunk felel\u0151s a test\u00fcnk statik\u00e1j\u00e1nak biztos\u00edt\u00e1s\u00e1\u00e9rt: tomp\u00edtja a r\u00e1zk\u00f3d\u00e1sokat, a j\u00e1r\u00e1sunkat sim\u00e1v\u00e1 egyenletess\u00e9 teszi. Ennek a massz\u00e1zsnak az a c\u00e9lja \u00e9s egyben &hellip; Continue reading &rarr;","og_url":"https:\/\/masszazsbarlang.hu\/en\/lab-masszazs\/","og_site_name":"Massz\u00e1zs Barlang","article_modified_time":"2023-08-26T11:01:26+00:00","og_image":[{"width":999,"height":596,"url":"https:\/\/masszazsbarlang.hu\/wp-content\/uploads\/2023\/08\/cropped-Foot-Reflexology-Massage-downtown-san-diego.jpg","type":"image\/jpeg"}],"twitter_card":"summary_large_image","twitter_misc":{"Estimated reading time":"2 minutes"},"schema":{"@context":"https:\/\/schema.org","@graph":[{"@type":"WebPage","@id":"https:\/\/masszazsbarlang.hu\/lab-masszazs\/","url":"https:\/\/masszazsbarlang.hu\/lab-masszazs\/","name":"L\u00e1b massz\u00e1zs - Massz\u00e1zs Barlang","isPartOf":{"@id":"https:\/\/masszazsbarlang.hu\/#website"},"primaryImageOfPage":{"@id":"https:\/\/masszazsbarlang.hu\/lab-masszazs\/#primaryimage"},"image":{"@id":"https:\/\/masszazsbarlang.hu\/lab-masszazs\/#primaryimage"},"thumbnailUrl":"https:\/\/masszazsbarlang.hu\/wp-content\/uploads\/2023\/08\/cropped-Foot-Reflexology-Massage-downtown-san-diego.jpg","datePublished":"2023-08-26T10:36:42+00:00","dateModified":"2023-08-26T11:01:26+00:00","breadcrumb":{"@id":"https:\/\/masszazsbarlang.hu\/lab-masszazs\/#breadcrumb"},"inLanguage":"en-GB","potentialAction":[{"@type":"ReadAction","target":["https:\/\/masszazsbarlang.hu\/lab-masszazs\/"]}]},{"@type":"ImageObject","inLanguage":"en-GB","@id":"https:\/\/masszazsbarlang.hu\/lab-masszazs\/#primaryimage","url":"https:\/\/masszazsbarlang.hu\/wp-content\/uploads\/2023\/08\/cropped-Foot-Reflexology-Massage-downtown-san-diego.jpg","contentUrl":"https:\/\/masszazsbarlang.hu\/wp-content\/uploads\/2023\/08\/cropped-Foot-Reflexology-Massage-downtown-san-diego.jpg","width":999,"height":596},{"@type":"BreadcrumbList","@id":"https:\/\/masszazsbarlang.hu\/lab-masszazs\/#breadcrumb","itemListElement":[{"@type":"ListItem","position":1,"name":"Kezd\u0151lap","item":"https:\/\/masszazsbarlang.hu\/"},{"@type":"ListItem","position":2,"name":"L\u00e1b massz\u00e1zs"}]},{"@type":"WebSite","@id":"https:\/\/masszazsbarlang.hu\/#website","url":"https:\/\/masszazsbarlang.hu\/","name":"Massage Cave","description":"Professzion\u00e1lis massz\u00e1zs Budapest, 13. ker\u00fclet.","publisher":{"@id":"https:\/\/masszazsbarlang.hu\/#organization"},"potentialAction":[{"@type":"SearchAction","target":{"@type":"EntryPoint","urlTemplate":"https:\/\/masszazsbarlang.hu\/?s={search_term_string}"},"query-input":{"@type":"PropertyValueSpecification","valueRequired":true,"valueName":"search_term_string"}}],"inLanguage":"en-GB"},{"@type":"Organization","@id":"https:\/\/masszazsbarlang.hu\/#organization","name":"Massage Cave","url":"https:\/\/masszazsbarlang.hu\/","logo":{"@type":"ImageObject","inLanguage":"en-GB","@id":"https:\/\/masszazsbarlang.hu\/#\/schema\/logo\/image\/","url":"https:\/\/masszazsbarlang.hu\/wp-content\/uploads\/2023\/06\/Logo-500x500-px.png","contentUrl":"https:\/\/masszazsbarlang.hu\/wp-content\/uploads\/2023\/06\/Logo-500x500-px.png","width":500,"height":500,"caption":"Massz\u00e1zs Barlang"},"image":{"@id":"https:\/\/masszazsbarlang.hu\/#\/schema\/logo\/image\/"}}]}},"_links":{"self":[{"href":"https:\/\/masszazsbarlang.hu\/en\/wp-json\/wp\/v2\/pages\/285","targetHints":{"allow":["GET"]}}],"collection":[{"href":"https:\/\/masszazsbarlang.hu\/en\/wp-json\/wp\/v2\/pages"}],"about":[{"href":"https:\/\/masszazsbarlang.hu\/en\/wp-json\/wp\/v2\/types\/page"}],"author":[{"embeddable":true,"href":"https:\/\/masszazsbarlang.hu\/en\/wp-json\/wp\/v2\/users\/1"}],"replies":[{"embeddable":true,"href":"https:\/\/masszazsbarlang.hu\/en\/wp-json\/wp\/v2\/comments?post=285"}],"version-history":[{"count":5,"href":"https:\/\/masszazsbarlang.hu\/en\/wp-json\/wp\/v2\/pages\/285\/revisions"}],"predecessor-version":[{"id":299,"href":"https:\/\/masszazsbarlang.hu\/en\/wp-json\/wp\/v2\/pages\/285\/revisions\/299"}],"wp:featuredmedia":[{"embeddable":true,"href":"https:\/\/masszazsbarlang.hu\/en\/wp-json\/wp\/v2\/media\/288"}],"wp:attachment":[{"href":"https:\/\/masszazsbarlang.hu\/en\/wp-json\/wp\/v2\/media?parent=285"}],"curies":[{"name":"wp","href":"https:\/\/api.w.org\/{rel}","templated":true}]}}