{"id":250,"date":"2023-07-16T16:23:03","date_gmt":"2023-07-16T16:23:03","guid":{"rendered":"https:\/\/masszazsbarlang.hu\/?page_id=250"},"modified":"2025-12-04T22:35:56","modified_gmt":"2025-12-04T22:35:56","slug":"illoolajos-aromaterapias-masszazs","status":"publish","type":"page","link":"https:\/\/masszazsbarlang.hu\/en\/illoolajos-aromaterapias-masszazs\/","title":{"rendered":"Essential oil aromatherapy massage"},"content":{"rendered":"<p>Aromatherapy massage combines the beneficial effects of a refreshing massage and essential oils. During the massage, the oils are absorbed through the skin, passing through the epidermis and entering the bloodstream, thereby coming into contact with the body. They then have a stimulating, diuretic, antifungal, antibacterial, and anti-inflammatory effect on the whole organism. They nourish and regenerate the skin from within.<\/p>\n\n\n\n<p>Scents can influence our mood and our feelings; they can reduce the stress we experience. When applied to the skin, they stimulate circulation and aid the removal of toxins from our bodies. There are essential oils that have antiviral and antibacterial properties and offer solutions for insomnia, depression, and respiratory problems.<\/p>\n\n\n\n<p>The most commonly used aromatherapy essential oils:<\/p>\n\n\n\n<ul class=\"wp-block-list\">\n<li>Lavender: insomnia, restlessness, stress and tension relief<\/li>\n\n\n\n<li>Lemon: mental fatigue, headache, tension<\/li>\n\n\n\n<li>Eucalyptus: Respiratory complaints<\/li>\n\n\n\n<li>Orange: stress relief, skin care<\/li>\n\n\n\n<li>Cinnamon: menstrual complaints, tension relief<\/li>\n\n\n\n<li>Rosemary: digestive disorders, colds<\/li>\n\n\n\n<li>Ylang-Ylang: poor general well-being, insomnia, high blood pressure, mood improvement<\/li>\n\n\n\n<li>Sandalwood: tension relief and skin care<\/li>\n<\/ul>","protected":false},"excerpt":{"rendered":"<p>Az aromater\u00e1pi\u00e1s massz\u00e1zs a friss\u00edt\u0151 massz\u00e1zs \u00e9s az ill\u00f3olajok j\u00f3t\u00e9kony hat\u00e1s\u00e1t \u00f6tv\u00f6zi. Massz\u00e1zs sor\u00e1n az olajok felsz\u00edv\u00f3dnak a b\u0151r\u00f6n kereszt\u00fcl, \u00e1tjutva a b\u0151r fel h\u00e1mj\u00e1n \u00e9s beker\u00fcl a v\u00e9rkering\u00e9sbe, ami \u00e1ltal kapcsolatba ker\u00fcl a szervezettel. Majd az eg\u00e9sz szervezetre serkent\u0151leg, &hellip; <a href=\"https:\/\/masszazsbarlang.hu\/en\/illoolajos-aromaterapias-masszazs\/\">Continue reading <span class=\"meta-nav\">&rarr;<\/span><\/a><\/p>","protected":false},"author":1,"featured_media":0,"parent":0,"menu_order":0,"comment_status":"closed","ping_status":"closed","template":"","meta":{"footnotes":""},"class_list":["post-250","page","type-page","status-publish","hentry"],"yoast_head":"<!-- This site is optimized with the Yoast SEO plugin v26.8 - https:\/\/yoast.com\/product\/yoast-seo-wordpress\/ -->\n<title>Ill\u00f3olajos aromater\u00e1pi\u00e1s massz\u00e1zs - Massz\u00e1zs Barlang<\/title>\n<meta name=\"robots\" content=\"index, follow, max-snippet:-1, max-image-preview:large, max-video-preview:-1\" \/>\n<link rel=\"canonical\" href=\"https:\/\/masszazsbarlang.hu\/en\/illoolajos-aromaterapias-masszazs\/\" \/>\n<meta property=\"og:locale\" content=\"en_GB\" \/>\n<meta property=\"og:type\" content=\"article\" \/>\n<meta property=\"og:title\" content=\"Ill\u00f3olajos aromater\u00e1pi\u00e1s massz\u00e1zs - Massz\u00e1zs Barlang\" \/>\n<meta property=\"og:description\" content=\"Az aromater\u00e1pi\u00e1s massz\u00e1zs a friss\u00edt\u0151 massz\u00e1zs \u00e9s az ill\u00f3olajok j\u00f3t\u00e9kony hat\u00e1s\u00e1t \u00f6tv\u00f6zi. Massz\u00e1zs sor\u00e1n az olajok felsz\u00edv\u00f3dnak a b\u0151r\u00f6n kereszt\u00fcl, \u00e1tjutva a b\u0151r fel h\u00e1mj\u00e1n \u00e9s beker\u00fcl a v\u00e9rkering\u00e9sbe, ami \u00e1ltal kapcsolatba ker\u00fcl a szervezettel. Majd az eg\u00e9sz szervezetre serkent\u0151leg, &hellip; Continue reading &rarr;\" \/>\n<meta property=\"og:url\" content=\"https:\/\/masszazsbarlang.hu\/en\/illoolajos-aromaterapias-masszazs\/\" \/>\n<meta property=\"og:site_name\" content=\"Massz\u00e1zs Barlang\" \/>\n<meta property=\"article:modified_time\" content=\"2025-12-04T22:35:56+00:00\" \/>\n<meta name=\"twitter:card\" content=\"summary_large_image\" \/>\n<meta name=\"twitter:label1\" content=\"Estimated reading time\" \/>\n\t<meta name=\"twitter:data1\" content=\"1 minute\" \/>\n<script type=\"application\/ld+json\" class=\"yoast-schema-graph\">{\"@context\":\"https:\/\/schema.org\",\"@graph\":[{\"@type\":\"WebPage\",\"@id\":\"https:\/\/masszazsbarlang.hu\/illoolajos-aromaterapias-masszazs\/\",\"url\":\"https:\/\/masszazsbarlang.hu\/illoolajos-aromaterapias-masszazs\/\",\"name\":\"Ill\u00f3olajos aromater\u00e1pi\u00e1s massz\u00e1zs - Massz\u00e1zs Barlang\",\"isPartOf\":{\"@id\":\"https:\/\/masszazsbarlang.hu\/#website\"},\"datePublished\":\"2023-07-16T16:23:03+00:00\",\"dateModified\":\"2025-12-04T22:35:56+00:00\",\"breadcrumb\":{\"@id\":\"https:\/\/masszazsbarlang.hu\/illoolajos-aromaterapias-masszazs\/#breadcrumb\"},\"inLanguage\":\"en-GB\",\"potentialAction\":[{\"@type\":\"ReadAction\",\"target\":[\"https:\/\/masszazsbarlang.hu\/illoolajos-aromaterapias-masszazs\/\"]}]},{\"@type\":\"BreadcrumbList\",\"@id\":\"https:\/\/masszazsbarlang.hu\/illoolajos-aromaterapias-masszazs\/#breadcrumb\",\"itemListElement\":[{\"@type\":\"ListItem\",\"position\":1,\"name\":\"Kezd\u0151lap\",\"item\":\"https:\/\/masszazsbarlang.hu\/\"},{\"@type\":\"ListItem\",\"position\":2,\"name\":\"Ill\u00f3olajos aromater\u00e1pi\u00e1s massz\u00e1zs\"}]},{\"@type\":\"WebSite\",\"@id\":\"https:\/\/masszazsbarlang.hu\/#website\",\"url\":\"https:\/\/masszazsbarlang.hu\/\",\"name\":\"Massz\u00e1zs Barlang\",\"description\":\"Professzion\u00e1lis massz\u00e1zs Budapest, 13. ker\u00fclet.\",\"publisher\":{\"@id\":\"https:\/\/masszazsbarlang.hu\/#organization\"},\"potentialAction\":[{\"@type\":\"SearchAction\",\"target\":{\"@type\":\"EntryPoint\",\"urlTemplate\":\"https:\/\/masszazsbarlang.hu\/?s={search_term_string}\"},\"query-input\":{\"@type\":\"PropertyValueSpecification\",\"valueRequired\":true,\"valueName\":\"search_term_string\"}}],\"inLanguage\":\"en-GB\"},{\"@type\":\"Organization\",\"@id\":\"https:\/\/masszazsbarlang.hu\/#organization\",\"name\":\"Massz\u00e1zs Barlang\",\"url\":\"https:\/\/masszazsbarlang.hu\/\",\"logo\":{\"@type\":\"ImageObject\",\"inLanguage\":\"en-GB\",\"@id\":\"https:\/\/masszazsbarlang.hu\/#\/schema\/logo\/image\/\",\"url\":\"https:\/\/masszazsbarlang.hu\/wp-content\/uploads\/2023\/06\/Logo-500x500-px.png\",\"contentUrl\":\"https:\/\/masszazsbarlang.hu\/wp-content\/uploads\/2023\/06\/Logo-500x500-px.png\",\"width\":500,\"height\":500,\"caption\":\"Massz\u00e1zs Barlang\"},\"image\":{\"@id\":\"https:\/\/masszazsbarlang.hu\/#\/schema\/logo\/image\/\"}}]}<\/script>\n<!-- \/ Yoast SEO plugin. -->","yoast_head_json":{"title":"Ill\u00f3olajos aromater\u00e1pi\u00e1s massz\u00e1zs - Massz\u00e1zs Barlang","robots":{"index":"index","follow":"follow","max-snippet":"max-snippet:-1","max-image-preview":"max-image-preview:large","max-video-preview":"max-video-preview:-1"},"canonical":"https:\/\/masszazsbarlang.hu\/en\/illoolajos-aromaterapias-masszazs\/","og_locale":"en_GB","og_type":"article","og_title":"Ill\u00f3olajos aromater\u00e1pi\u00e1s massz\u00e1zs - Massz\u00e1zs Barlang","og_description":"Az aromater\u00e1pi\u00e1s massz\u00e1zs a friss\u00edt\u0151 massz\u00e1zs \u00e9s az ill\u00f3olajok j\u00f3t\u00e9kony hat\u00e1s\u00e1t \u00f6tv\u00f6zi. Massz\u00e1zs sor\u00e1n az olajok felsz\u00edv\u00f3dnak a b\u0151r\u00f6n kereszt\u00fcl, \u00e1tjutva a b\u0151r fel h\u00e1mj\u00e1n \u00e9s beker\u00fcl a v\u00e9rkering\u00e9sbe, ami \u00e1ltal kapcsolatba ker\u00fcl a szervezettel. Majd az eg\u00e9sz szervezetre serkent\u0151leg, &hellip; Continue reading &rarr;","og_url":"https:\/\/masszazsbarlang.hu\/en\/illoolajos-aromaterapias-masszazs\/","og_site_name":"Massz\u00e1zs Barlang","article_modified_time":"2025-12-04T22:35:56+00:00","twitter_card":"summary_large_image","twitter_misc":{"Estimated reading time":"1 minute"},"schema":{"@context":"https:\/\/schema.org","@graph":[{"@type":"WebPage","@id":"https:\/\/masszazsbarlang.hu\/illoolajos-aromaterapias-masszazs\/","url":"https:\/\/masszazsbarlang.hu\/illoolajos-aromaterapias-masszazs\/","name":"Ill\u00f3olajos aromater\u00e1pi\u00e1s massz\u00e1zs - Massz\u00e1zs Barlang","isPartOf":{"@id":"https:\/\/masszazsbarlang.hu\/#website"},"datePublished":"2023-07-16T16:23:03+00:00","dateModified":"2025-12-04T22:35:56+00:00","breadcrumb":{"@id":"https:\/\/masszazsbarlang.hu\/illoolajos-aromaterapias-masszazs\/#breadcrumb"},"inLanguage":"en-GB","potentialAction":[{"@type":"ReadAction","target":["https:\/\/masszazsbarlang.hu\/illoolajos-aromaterapias-masszazs\/"]}]},{"@type":"BreadcrumbList","@id":"https:\/\/masszazsbarlang.hu\/illoolajos-aromaterapias-masszazs\/#breadcrumb","itemListElement":[{"@type":"ListItem","position":1,"name":"Kezd\u0151lap","item":"https:\/\/masszazsbarlang.hu\/"},{"@type":"ListItem","position":2,"name":"Ill\u00f3olajos aromater\u00e1pi\u00e1s massz\u00e1zs"}]},{"@type":"WebSite","@id":"https:\/\/masszazsbarlang.hu\/#website","url":"https:\/\/masszazsbarlang.hu\/","name":"Massage Cave","description":"Professzion\u00e1lis massz\u00e1zs Budapest, 13. ker\u00fclet.","publisher":{"@id":"https:\/\/masszazsbarlang.hu\/#organization"},"potentialAction":[{"@type":"SearchAction","target":{"@type":"EntryPoint","urlTemplate":"https:\/\/masszazsbarlang.hu\/?s={search_term_string}"},"query-input":{"@type":"PropertyValueSpecification","valueRequired":true,"valueName":"search_term_string"}}],"inLanguage":"en-GB"},{"@type":"Organization","@id":"https:\/\/masszazsbarlang.hu\/#organization","name":"Massage Cave","url":"https:\/\/masszazsbarlang.hu\/","logo":{"@type":"ImageObject","inLanguage":"en-GB","@id":"https:\/\/masszazsbarlang.hu\/#\/schema\/logo\/image\/","url":"https:\/\/masszazsbarlang.hu\/wp-content\/uploads\/2023\/06\/Logo-500x500-px.png","contentUrl":"https:\/\/masszazsbarlang.hu\/wp-content\/uploads\/2023\/06\/Logo-500x500-px.png","width":500,"height":500,"caption":"Massz\u00e1zs Barlang"},"image":{"@id":"https:\/\/masszazsbarlang.hu\/#\/schema\/logo\/image\/"}}]}},"_links":{"self":[{"href":"https:\/\/masszazsbarlang.hu\/en\/wp-json\/wp\/v2\/pages\/250","targetHints":{"allow":["GET"]}}],"collection":[{"href":"https:\/\/masszazsbarlang.hu\/en\/wp-json\/wp\/v2\/pages"}],"about":[{"href":"https:\/\/masszazsbarlang.hu\/en\/wp-json\/wp\/v2\/types\/page"}],"author":[{"embeddable":true,"href":"https:\/\/masszazsbarlang.hu\/en\/wp-json\/wp\/v2\/users\/1"}],"replies":[{"embeddable":true,"href":"https:\/\/masszazsbarlang.hu\/en\/wp-json\/wp\/v2\/comments?post=250"}],"version-history":[{"count":3,"href":"https:\/\/masszazsbarlang.hu\/en\/wp-json\/wp\/v2\/pages\/250\/revisions"}],"predecessor-version":[{"id":853,"href":"https:\/\/masszazsbarlang.hu\/en\/wp-json\/wp\/v2\/pages\/250\/revisions\/853"}],"wp:attachment":[{"href":"https:\/\/masszazsbarlang.hu\/en\/wp-json\/wp\/v2\/media?parent=250"}],"curies":[{"name":"wp","href":"https:\/\/api.w.org\/{rel}","templated":true}]}}