{"id":25,"date":"2023-06-27T09:42:41","date_gmt":"2023-06-27T09:42:41","guid":{"rendered":"https:\/\/masszazsbarlang.hu\/?page_id=25"},"modified":"2025-12-04T21:32:00","modified_gmt":"2025-12-04T21:32:00","slug":"melyszoveti-masszazs","status":"publish","type":"page","link":"https:\/\/masszazsbarlang.hu\/en\/melyszoveti-masszazs\/","title":{"rendered":"Deep massage"},"content":{"rendered":"<div class=\"wp-block-media-text alignwide has-media-on-the-right is-stacked-on-mobile is-vertically-aligned-center is-image-fill-element has-background\" style=\"background-color:#f1f5c7;grid-template-columns:auto 39%\"><div class=\"wp-block-media-text__content\">\n<div class=\"wp-block-group\" style=\"padding-top:2em;padding-right:2em;padding-bottom:2em;padding-left:2em\"><div class=\"wp-block-group__inner-container is-layout-flow wp-block-group-is-layout-flow\">\n<p>Deep tissue massage is a massage technique primarily used for treating musculoskeletal issues, such as strains and sports injuries. It applies sustained pressure to the inner layers of muscles and connective tissues using slow, deep strokes. This helps break down scar tissue that forms after an injury and reduces muscle and tissue tension.<\/p>\n\n\n\n<p>By increasing blood flow and reducing inflammation, it can also promote faster healing.<\/p>\n\n\n\n<p><strong>What are the benefits of deep tissue massage?<\/strong><\/p>\n\n\n\n<p>Deep tissue massage provides both physical and psychological advantages, addressing muscle pain and stiffness more directly than some other techniques while still offering mental relaxation.<\/p>\n\n\n\n<p>According to a 2014 study involving 59 participants, deep tissue massage helped reduce chronic lower back pain. <\/p>\n<\/div><\/div>\n<\/div><figure class=\"wp-block-media-text__media\"><img loading=\"lazy\" decoding=\"async\" width=\"1024\" height=\"1024\" src=\"https:\/\/masszazsbarlang.hu\/wp-content\/uploads\/2023\/10\/Deep-1024x1024.jpg\" alt=\"\" class=\"wp-image-410 size-full\" style=\"object-position:50% 50%\" srcset=\"https:\/\/masszazsbarlang.hu\/wp-content\/uploads\/2023\/10\/Deep-1024x1024.jpg 1024w, https:\/\/masszazsbarlang.hu\/wp-content\/uploads\/2023\/10\/Deep-300x300.jpg 300w, https:\/\/masszazsbarlang.hu\/wp-content\/uploads\/2023\/10\/Deep-150x150.jpg 150w, https:\/\/masszazsbarlang.hu\/wp-content\/uploads\/2023\/10\/Deep-768x768.jpg 768w, https:\/\/masszazsbarlang.hu\/wp-content\/uploads\/2023\/10\/Deep-1536x1536.jpg 1536w, https:\/\/masszazsbarlang.hu\/wp-content\/uploads\/2023\/10\/Deep-2048x2048.jpg 2048w, https:\/\/masszazsbarlang.hu\/wp-content\/uploads\/2023\/10\/Deep-12x12.jpg 12w, https:\/\/masszazsbarlang.hu\/wp-content\/uploads\/2023\/10\/Deep-1140x1140.jpg 1140w, https:\/\/masszazsbarlang.hu\/wp-content\/uploads\/2023\/10\/Deep-75x75.jpg 75w\" sizes=\"auto, (max-width: 1024px) 100vw, 1024px\" \/><\/figure><\/div>\n\n\n\n<div class=\"wp-block-media-text alignwide is-stacked-on-mobile is-vertically-aligned-center is-image-fill-element has-background\" style=\"background-color:#fffdea;grid-template-columns:41% auto\"><figure class=\"wp-block-media-text__media\"><img loading=\"lazy\" decoding=\"async\" width=\"800\" height=\"800\" src=\"https:\/\/masszazsbarlang.hu\/wp-content\/uploads\/2023\/06\/shoulder-massage-fujiiryoki-1.jpg\" alt=\"\" class=\"wp-image-186 size-full\" style=\"object-position:3% 5%\" srcset=\"https:\/\/masszazsbarlang.hu\/wp-content\/uploads\/2023\/06\/shoulder-massage-fujiiryoki-1.jpg 800w, https:\/\/masszazsbarlang.hu\/wp-content\/uploads\/2023\/06\/shoulder-massage-fujiiryoki-1-300x300.jpg 300w, https:\/\/masszazsbarlang.hu\/wp-content\/uploads\/2023\/06\/shoulder-massage-fujiiryoki-1-150x150.jpg 150w, https:\/\/masszazsbarlang.hu\/wp-content\/uploads\/2023\/06\/shoulder-massage-fujiiryoki-1-768x768.jpg 768w, https:\/\/masszazsbarlang.hu\/wp-content\/uploads\/2023\/06\/shoulder-massage-fujiiryoki-1-75x75.jpg 75w\" sizes=\"auto, (max-width: 800px) 100vw, 800px\" \/><\/figure><div class=\"wp-block-media-text__content\">\n<div class=\"wp-block-group\" style=\"padding-top:2em;padding-right:2em;padding-bottom:2em;padding-left:2em\"><div class=\"wp-block-group__inner-container is-layout-flow wp-block-group-is-layout-flow\">\n<p><strong>Are there any side effects?<\/strong><\/p>\n\n\n\n<p>It's not uncommon to experience soreness for a few days following a deep tissue massage. A heating pad or a cold pack wrapped in a towel can help relieve the pain.<\/p>\n\n\n\n<p>While massage therapy is generally safe, deep tissue massage uses very strong pressure and may not be safe for everyone.<\/p>\n\n\n\n<p>Consult with your doctor before deep tissue massage if you have:<\/p>\n\n\n\n<ul class=\"wp-block-list\">\n<li>a history  of blood clots or a bleeding disorder.<\/li>\n\n\n\n<li>are taking blood thinners<\/li>\n\n\n\n<li>have a bleeding disorder<\/li>\n\n\n\n<li>have cancer or are undergoing cancer treatment, such as chemotherapy or radiation.<\/li>\n\n\n\n<li>People with osteoporosis or cancer that has spread to the bones should avoid deep tissue massage, as the strong pressure applied can cause fractures.&nbsp;<\/li>\n\n\n\n<li>are pregnant<\/li>\n<\/ul>\n\n\n\n<p>If you have an open wound or any skin infection, you should postpone your massage to avoid developing a new infection or worsening an existing one.<\/p>\n\n\n\n<p>Deep tissue massage is most suitable for those who engage in highly physical activities.<\/p>\n<\/div><\/div>\n<\/div><\/div>\n\n\n\n<h2 class=\"wp-block-heading has-text-align-center has-background has-x-large-font-size\" style=\"background-color:#fffdea;text-transform:uppercase\"><strong><a href=\"https:\/\/masszazsbarlang.salonic.hu\/\">Online booking system<\/a><\/strong><\/h2>","protected":false},"excerpt":{"rendered":"<p>Online booking system<\/p>","protected":false},"author":1,"featured_media":0,"parent":0,"menu_order":0,"comment_status":"closed","ping_status":"closed","template":"","meta":{"footnotes":""},"class_list":["post-25","page","type-page","status-publish","hentry"],"yoast_head":"<!-- This site is optimized with the Yoast SEO plugin v26.8 - https:\/\/yoast.com\/product\/yoast-seo-wordpress\/ -->\n<title>M\u00e9lysz\u00f6veti massz\u00e1zs - Massz\u00e1zs Barlang<\/title>\n<meta name=\"robots\" content=\"index, follow, max-snippet:-1, max-image-preview:large, max-video-preview:-1\" \/>\n<link rel=\"canonical\" href=\"https:\/\/masszazsbarlang.hu\/en\/melyszoveti-masszazs\/\" \/>\n<meta property=\"og:locale\" content=\"en_GB\" \/>\n<meta property=\"og:type\" content=\"article\" \/>\n<meta property=\"og:title\" content=\"M\u00e9lysz\u00f6veti massz\u00e1zs - Massz\u00e1zs Barlang\" \/>\n<meta property=\"og:description\" content=\"Online id\u00f6pont foglal\u00e1s\" \/>\n<meta property=\"og:url\" content=\"https:\/\/masszazsbarlang.hu\/en\/melyszoveti-masszazs\/\" \/>\n<meta property=\"og:site_name\" content=\"Massz\u00e1zs Barlang\" \/>\n<meta property=\"article:modified_time\" content=\"2025-12-04T21:32:00+00:00\" \/>\n<meta property=\"og:image\" content=\"https:\/\/masszazsbarlang.hu\/wp-content\/uploads\/2023\/10\/Deep.jpg\" \/>\n\t<meta property=\"og:image:width\" content=\"2560\" \/>\n\t<meta property=\"og:image:height\" content=\"2560\" \/>\n\t<meta property=\"og:image:type\" content=\"image\/jpeg\" \/>\n<meta name=\"twitter:card\" content=\"summary_large_image\" \/>\n<meta name=\"twitter:label1\" content=\"Estimated reading time\" \/>\n\t<meta name=\"twitter:data1\" content=\"2 minutes\" \/>\n<script type=\"application\/ld+json\" class=\"yoast-schema-graph\">{\"@context\":\"https:\/\/schema.org\",\"@graph\":[{\"@type\":\"WebPage\",\"@id\":\"https:\/\/masszazsbarlang.hu\/melyszoveti-masszazs\/\",\"url\":\"https:\/\/masszazsbarlang.hu\/melyszoveti-masszazs\/\",\"name\":\"M\u00e9lysz\u00f6veti massz\u00e1zs - Massz\u00e1zs Barlang\",\"isPartOf\":{\"@id\":\"https:\/\/masszazsbarlang.hu\/#website\"},\"primaryImageOfPage\":{\"@id\":\"https:\/\/masszazsbarlang.hu\/melyszoveti-masszazs\/#primaryimage\"},\"image\":{\"@id\":\"https:\/\/masszazsbarlang.hu\/melyszoveti-masszazs\/#primaryimage\"},\"thumbnailUrl\":\"https:\/\/masszazsbarlang.hu\/wp-content\/uploads\/2023\/10\/Deep-1024x1024.jpg\",\"datePublished\":\"2023-06-27T09:42:41+00:00\",\"dateModified\":\"2025-12-04T21:32:00+00:00\",\"breadcrumb\":{\"@id\":\"https:\/\/masszazsbarlang.hu\/melyszoveti-masszazs\/#breadcrumb\"},\"inLanguage\":\"en-GB\",\"potentialAction\":[{\"@type\":\"ReadAction\",\"target\":[\"https:\/\/masszazsbarlang.hu\/melyszoveti-masszazs\/\"]}]},{\"@type\":\"ImageObject\",\"inLanguage\":\"en-GB\",\"@id\":\"https:\/\/masszazsbarlang.hu\/melyszoveti-masszazs\/#primaryimage\",\"url\":\"https:\/\/masszazsbarlang.hu\/wp-content\/uploads\/2023\/10\/Deep-1024x1024.jpg\",\"contentUrl\":\"https:\/\/masszazsbarlang.hu\/wp-content\/uploads\/2023\/10\/Deep-1024x1024.jpg\"},{\"@type\":\"BreadcrumbList\",\"@id\":\"https:\/\/masszazsbarlang.hu\/melyszoveti-masszazs\/#breadcrumb\",\"itemListElement\":[{\"@type\":\"ListItem\",\"position\":1,\"name\":\"Kezd\u0151lap\",\"item\":\"https:\/\/masszazsbarlang.hu\/\"},{\"@type\":\"ListItem\",\"position\":2,\"name\":\"M\u00e9lysz\u00f6veti massz\u00e1zs\"}]},{\"@type\":\"WebSite\",\"@id\":\"https:\/\/masszazsbarlang.hu\/#website\",\"url\":\"https:\/\/masszazsbarlang.hu\/\",\"name\":\"Massz\u00e1zs Barlang\",\"description\":\"Professzion\u00e1lis massz\u00e1zs Budapest, 13. ker\u00fclet.\",\"publisher\":{\"@id\":\"https:\/\/masszazsbarlang.hu\/#organization\"},\"potentialAction\":[{\"@type\":\"SearchAction\",\"target\":{\"@type\":\"EntryPoint\",\"urlTemplate\":\"https:\/\/masszazsbarlang.hu\/?s={search_term_string}\"},\"query-input\":{\"@type\":\"PropertyValueSpecification\",\"valueRequired\":true,\"valueName\":\"search_term_string\"}}],\"inLanguage\":\"en-GB\"},{\"@type\":\"Organization\",\"@id\":\"https:\/\/masszazsbarlang.hu\/#organization\",\"name\":\"Massz\u00e1zs Barlang\",\"url\":\"https:\/\/masszazsbarlang.hu\/\",\"logo\":{\"@type\":\"ImageObject\",\"inLanguage\":\"en-GB\",\"@id\":\"https:\/\/masszazsbarlang.hu\/#\/schema\/logo\/image\/\",\"url\":\"https:\/\/masszazsbarlang.hu\/wp-content\/uploads\/2023\/06\/Logo-500x500-px.png\",\"contentUrl\":\"https:\/\/masszazsbarlang.hu\/wp-content\/uploads\/2023\/06\/Logo-500x500-px.png\",\"width\":500,\"height\":500,\"caption\":\"Massz\u00e1zs Barlang\"},\"image\":{\"@id\":\"https:\/\/masszazsbarlang.hu\/#\/schema\/logo\/image\/\"}}]}<\/script>\n<!-- \/ Yoast SEO plugin. -->","yoast_head_json":{"title":"M\u00e9lysz\u00f6veti massz\u00e1zs - Massz\u00e1zs Barlang","robots":{"index":"index","follow":"follow","max-snippet":"max-snippet:-1","max-image-preview":"max-image-preview:large","max-video-preview":"max-video-preview:-1"},"canonical":"https:\/\/masszazsbarlang.hu\/en\/melyszoveti-masszazs\/","og_locale":"en_GB","og_type":"article","og_title":"M\u00e9lysz\u00f6veti massz\u00e1zs - Massz\u00e1zs Barlang","og_description":"Online id\u00f6pont foglal\u00e1s","og_url":"https:\/\/masszazsbarlang.hu\/en\/melyszoveti-masszazs\/","og_site_name":"Massz\u00e1zs Barlang","article_modified_time":"2025-12-04T21:32:00+00:00","og_image":[{"width":2560,"height":2560,"url":"https:\/\/masszazsbarlang.hu\/wp-content\/uploads\/2023\/10\/Deep.jpg","type":"image\/jpeg"}],"twitter_card":"summary_large_image","twitter_misc":{"Estimated reading time":"2 minutes"},"schema":{"@context":"https:\/\/schema.org","@graph":[{"@type":"WebPage","@id":"https:\/\/masszazsbarlang.hu\/melyszoveti-masszazs\/","url":"https:\/\/masszazsbarlang.hu\/melyszoveti-masszazs\/","name":"M\u00e9lysz\u00f6veti massz\u00e1zs - Massz\u00e1zs Barlang","isPartOf":{"@id":"https:\/\/masszazsbarlang.hu\/#website"},"primaryImageOfPage":{"@id":"https:\/\/masszazsbarlang.hu\/melyszoveti-masszazs\/#primaryimage"},"image":{"@id":"https:\/\/masszazsbarlang.hu\/melyszoveti-masszazs\/#primaryimage"},"thumbnailUrl":"https:\/\/masszazsbarlang.hu\/wp-content\/uploads\/2023\/10\/Deep-1024x1024.jpg","datePublished":"2023-06-27T09:42:41+00:00","dateModified":"2025-12-04T21:32:00+00:00","breadcrumb":{"@id":"https:\/\/masszazsbarlang.hu\/melyszoveti-masszazs\/#breadcrumb"},"inLanguage":"en-GB","potentialAction":[{"@type":"ReadAction","target":["https:\/\/masszazsbarlang.hu\/melyszoveti-masszazs\/"]}]},{"@type":"ImageObject","inLanguage":"en-GB","@id":"https:\/\/masszazsbarlang.hu\/melyszoveti-masszazs\/#primaryimage","url":"https:\/\/masszazsbarlang.hu\/wp-content\/uploads\/2023\/10\/Deep-1024x1024.jpg","contentUrl":"https:\/\/masszazsbarlang.hu\/wp-content\/uploads\/2023\/10\/Deep-1024x1024.jpg"},{"@type":"BreadcrumbList","@id":"https:\/\/masszazsbarlang.hu\/melyszoveti-masszazs\/#breadcrumb","itemListElement":[{"@type":"ListItem","position":1,"name":"Kezd\u0151lap","item":"https:\/\/masszazsbarlang.hu\/"},{"@type":"ListItem","position":2,"name":"M\u00e9lysz\u00f6veti massz\u00e1zs"}]},{"@type":"WebSite","@id":"https:\/\/masszazsbarlang.hu\/#website","url":"https:\/\/masszazsbarlang.hu\/","name":"Massage Cave","description":"Professzion\u00e1lis massz\u00e1zs Budapest, 13. ker\u00fclet.","publisher":{"@id":"https:\/\/masszazsbarlang.hu\/#organization"},"potentialAction":[{"@type":"SearchAction","target":{"@type":"EntryPoint","urlTemplate":"https:\/\/masszazsbarlang.hu\/?s={search_term_string}"},"query-input":{"@type":"PropertyValueSpecification","valueRequired":true,"valueName":"search_term_string"}}],"inLanguage":"en-GB"},{"@type":"Organization","@id":"https:\/\/masszazsbarlang.hu\/#organization","name":"Massage Cave","url":"https:\/\/masszazsbarlang.hu\/","logo":{"@type":"ImageObject","inLanguage":"en-GB","@id":"https:\/\/masszazsbarlang.hu\/#\/schema\/logo\/image\/","url":"https:\/\/masszazsbarlang.hu\/wp-content\/uploads\/2023\/06\/Logo-500x500-px.png","contentUrl":"https:\/\/masszazsbarlang.hu\/wp-content\/uploads\/2023\/06\/Logo-500x500-px.png","width":500,"height":500,"caption":"Massz\u00e1zs Barlang"},"image":{"@id":"https:\/\/masszazsbarlang.hu\/#\/schema\/logo\/image\/"}}]}},"_links":{"self":[{"href":"https:\/\/masszazsbarlang.hu\/en\/wp-json\/wp\/v2\/pages\/25","targetHints":{"allow":["GET"]}}],"collection":[{"href":"https:\/\/masszazsbarlang.hu\/en\/wp-json\/wp\/v2\/pages"}],"about":[{"href":"https:\/\/masszazsbarlang.hu\/en\/wp-json\/wp\/v2\/types\/page"}],"author":[{"embeddable":true,"href":"https:\/\/masszazsbarlang.hu\/en\/wp-json\/wp\/v2\/users\/1"}],"replies":[{"embeddable":true,"href":"https:\/\/masszazsbarlang.hu\/en\/wp-json\/wp\/v2\/comments?post=25"}],"version-history":[{"count":11,"href":"https:\/\/masszazsbarlang.hu\/en\/wp-json\/wp\/v2\/pages\/25\/revisions"}],"predecessor-version":[{"id":848,"href":"https:\/\/masszazsbarlang.hu\/en\/wp-json\/wp\/v2\/pages\/25\/revisions\/848"}],"wp:attachment":[{"href":"https:\/\/masszazsbarlang.hu\/en\/wp-json\/wp\/v2\/media?parent=25"}],"curies":[{"name":"wp","href":"https:\/\/api.w.org\/{rel}","templated":true}]}}