{"id":22,"date":"2023-06-27T09:40:22","date_gmt":"2023-06-27T09:40:22","guid":{"rendered":"https:\/\/masszazsbarlang.hu\/?page_id=22"},"modified":"2023-10-14T13:31:01","modified_gmt":"2023-10-14T13:31:01","slug":"relaxalo-masszazs","status":"publish","type":"page","link":"https:\/\/masszazsbarlang.hu\/en\/relaxalo-masszazs\/","title":{"rendered":"Relaxing Massage"},"content":{"rendered":"<div class=\"wp-block-columns alignfull is-layout-flex wp-container-core-columns-is-layout-9d6595d7 wp-block-columns-is-layout-flex\">\n<div class=\"wp-block-column is-layout-flow wp-block-column-is-layout-flow\" style=\"flex-basis:50%\">\n<div class=\"wp-block-cover is-light\" style=\"min-height:600px;aspect-ratio:unset;\"><span aria-hidden=\"true\" class=\"wp-block-cover__background has-background-dim-100 has-background-dim\" style=\"background-color:#f6f6f6\"><\/span><div class=\"wp-block-cover__inner-container is-layout-flow wp-block-cover-is-layout-flow\"><div class=\"wp-block-image\">\n<figure class=\"aligncenter size-large\"><img loading=\"lazy\" decoding=\"async\" width=\"1024\" height=\"680\" src=\"https:\/\/masszazsbarlang.hu\/wp-content\/uploads\/2023\/06\/massages2-2-1024x680.jpg\" alt=\"\" class=\"wp-image-160\" srcset=\"https:\/\/masszazsbarlang.hu\/wp-content\/uploads\/2023\/06\/massages2-2-1024x680.jpg 1024w, https:\/\/masszazsbarlang.hu\/wp-content\/uploads\/2023\/06\/massages2-2-300x199.jpg 300w, https:\/\/masszazsbarlang.hu\/wp-content\/uploads\/2023\/06\/massages2-2-768x510.jpg 768w, https:\/\/masszazsbarlang.hu\/wp-content\/uploads\/2023\/06\/massages2-2-1536x1020.jpg 1536w, https:\/\/masszazsbarlang.hu\/wp-content\/uploads\/2023\/06\/massages2-2-1140x757.jpg 1140w, https:\/\/masszazsbarlang.hu\/wp-content\/uploads\/2023\/06\/massages2-2.jpg 1920w\" sizes=\"auto, (max-width: 1024px) 100vw, 1024px\" \/><\/figure>\n<\/div><\/div><\/div>\n<\/div>\n\n\n\n<div class=\"wp-block-column is-vertically-aligned-center is-layout-flow wp-block-column-is-layout-flow\" style=\"padding-top:1em;padding-right:1em;padding-bottom:1em;padding-left:1em\">\n<div class=\"wp-block-columns is-layout-flex wp-container-core-columns-is-layout-9d6595d7 wp-block-columns-is-layout-flex\">\n<div class=\"wp-block-column is-layout-flow wp-block-column-is-layout-flow\" style=\"flex-basis:320px\">\n<p class=\"has-background\" style=\"background-color:#fffdea;font-size:14px\">The purpose of the relaxing massage is for the guest to break away from the daily routine and focus on himself. During the massage, the techniques of the classic Swedish massage are used, which have a calming effect on the nervous system. The experience of relaxation can be made even more pleasant by using oils and aroma oils, because they have a beneficial effect on the body when massaged into the skin and inhaled. This form of massage relieves stress, calms the nervous system, promotes well-being and peaceful sleep. Its effect lowers blood pressure, improves blood and lymph circulation, slows the pulse and deepens breathing.&nbsp;<\/p>\n<\/div>\n<\/div>\n<\/div>\n<\/div>\n\n\n\n<div class=\"wp-block-columns is-layout-flex wp-container-core-columns-is-layout-9d6595d7 wp-block-columns-is-layout-flex\">\n<div class=\"wp-block-column has-background is-layout-flow wp-block-column-is-layout-flow\" style=\"background-color:#fffdea\">\n<figure class=\"wp-block-image size-full is-style-rounded\"><img loading=\"lazy\" decoding=\"async\" width=\"1920\" height=\"701\" src=\"https:\/\/masszazsbarlang.hu\/wp-content\/uploads\/2023\/06\/4-1.jpg\" alt=\"\" class=\"wp-image-95\" srcset=\"https:\/\/masszazsbarlang.hu\/wp-content\/uploads\/2023\/06\/4-1.jpg 1920w, https:\/\/masszazsbarlang.hu\/wp-content\/uploads\/2023\/06\/4-1-300x110.jpg 300w, https:\/\/masszazsbarlang.hu\/wp-content\/uploads\/2023\/06\/4-1-1024x374.jpg 1024w, https:\/\/masszazsbarlang.hu\/wp-content\/uploads\/2023\/06\/4-1-768x280.jpg 768w, https:\/\/masszazsbarlang.hu\/wp-content\/uploads\/2023\/06\/4-1-1536x561.jpg 1536w, https:\/\/masszazsbarlang.hu\/wp-content\/uploads\/2023\/06\/4-1-164x60.jpg 164w\" sizes=\"auto, (max-width: 1920px) 100vw, 1920px\" \/><\/figure>\n<\/div>\n<\/div>\n\n\n\n<p class=\"has-text-align-center has-background has-large-font-size\" style=\"background-color:#fffdea\"><strong><a href=\"https:\/\/masszazsbarlang.salonic.hu\/\">Online appointment booking<\/a><\/strong><\/p>","protected":false},"excerpt":{"rendered":"<p>A relax\u00e1l\u00f3 massz\u00e1zs c\u00e9lja, hogy a vend\u00e9g kicsit kiszakadjon a napi rutinb\u00f3l \u00e9s mag\u00e1ra&nbsp;\u00f6sszpontos\u00edtson. A massz\u00e1zs folyam\u00e1n a klasszikus sv\u00e9d massz\u00e1zs azon fog\u00e1sait alkalmazz\u00e1k, melyek nyugtat\u00f3 hat\u00e1s\u00faak az idegrendszerre. A relax\u00e1ci\u00f3 \u00e9lm\u00e9ny\u00e9t&nbsp;olajok \u00e9s aromaolajok alkalmaz\u00e1s\u00e1val lehet m\u00e9g kellemesebb\u00e9 tenni, ugyanis &hellip; <a href=\"https:\/\/masszazsbarlang.hu\/en\/relaxalo-masszazs\/\">Continue reading <span class=\"meta-nav\">&rarr;<\/span><\/a><\/p>","protected":false},"author":1,"featured_media":0,"parent":0,"menu_order":0,"comment_status":"closed","ping_status":"closed","template":"","meta":{"footnotes":""},"class_list":["post-22","page","type-page","status-publish","hentry"],"yoast_head":"<!-- This site is optimized with the Yoast SEO plugin v26.8 - https:\/\/yoast.com\/product\/yoast-seo-wordpress\/ -->\n<title>Relax\u00e1l\u00f3 Massz\u00e1zs - Massz\u00e1zs Barlang<\/title>\n<meta name=\"robots\" content=\"index, follow, max-snippet:-1, max-image-preview:large, max-video-preview:-1\" \/>\n<link rel=\"canonical\" href=\"https:\/\/masszazsbarlang.hu\/en\/relaxalo-masszazs\/\" \/>\n<meta property=\"og:locale\" content=\"en_GB\" \/>\n<meta property=\"og:type\" content=\"article\" \/>\n<meta property=\"og:title\" content=\"Relax\u00e1l\u00f3 Massz\u00e1zs - Massz\u00e1zs Barlang\" \/>\n<meta property=\"og:description\" content=\"A relax\u00e1l\u00f3 massz\u00e1zs c\u00e9lja, hogy a vend\u00e9g kicsit kiszakadjon a napi rutinb\u00f3l \u00e9s mag\u00e1ra&nbsp;\u00f6sszpontos\u00edtson. A massz\u00e1zs folyam\u00e1n a klasszikus sv\u00e9d massz\u00e1zs azon fog\u00e1sait alkalmazz\u00e1k, melyek nyugtat\u00f3 hat\u00e1s\u00faak az idegrendszerre. A relax\u00e1ci\u00f3 \u00e9lm\u00e9ny\u00e9t&nbsp;olajok \u00e9s aromaolajok alkalmaz\u00e1s\u00e1val lehet m\u00e9g kellemesebb\u00e9 tenni, ugyanis &hellip; Continue reading &rarr;\" \/>\n<meta property=\"og:url\" content=\"https:\/\/masszazsbarlang.hu\/en\/relaxalo-masszazs\/\" \/>\n<meta property=\"og:site_name\" content=\"Massz\u00e1zs Barlang\" \/>\n<meta property=\"article:modified_time\" content=\"2023-10-14T13:31:01+00:00\" \/>\n<meta property=\"og:image\" content=\"https:\/\/masszazsbarlang.hu\/wp-content\/uploads\/2023\/06\/massages2-2.jpg\" \/>\n\t<meta property=\"og:image:width\" content=\"1920\" \/>\n\t<meta property=\"og:image:height\" content=\"1275\" \/>\n\t<meta property=\"og:image:type\" content=\"image\/jpeg\" \/>\n<meta name=\"twitter:card\" content=\"summary_large_image\" \/>\n<meta name=\"twitter:label1\" content=\"Estimated reading time\" \/>\n\t<meta name=\"twitter:data1\" content=\"1 minute\" \/>\n<script type=\"application\/ld+json\" class=\"yoast-schema-graph\">{\"@context\":\"https:\/\/schema.org\",\"@graph\":[{\"@type\":\"WebPage\",\"@id\":\"https:\/\/masszazsbarlang.hu\/relaxalo-masszazs\/\",\"url\":\"https:\/\/masszazsbarlang.hu\/relaxalo-masszazs\/\",\"name\":\"Relax\u00e1l\u00f3 Massz\u00e1zs - Massz\u00e1zs Barlang\",\"isPartOf\":{\"@id\":\"https:\/\/masszazsbarlang.hu\/#website\"},\"primaryImageOfPage\":{\"@id\":\"https:\/\/masszazsbarlang.hu\/relaxalo-masszazs\/#primaryimage\"},\"image\":{\"@id\":\"https:\/\/masszazsbarlang.hu\/relaxalo-masszazs\/#primaryimage\"},\"thumbnailUrl\":\"https:\/\/masszazsbarlang.hu\/wp-content\/uploads\/2023\/06\/massages2-2-1024x680.jpg\",\"datePublished\":\"2023-06-27T09:40:22+00:00\",\"dateModified\":\"2023-10-14T13:31:01+00:00\",\"breadcrumb\":{\"@id\":\"https:\/\/masszazsbarlang.hu\/relaxalo-masszazs\/#breadcrumb\"},\"inLanguage\":\"en-GB\",\"potentialAction\":[{\"@type\":\"ReadAction\",\"target\":[\"https:\/\/masszazsbarlang.hu\/relaxalo-masszazs\/\"]}]},{\"@type\":\"ImageObject\",\"inLanguage\":\"en-GB\",\"@id\":\"https:\/\/masszazsbarlang.hu\/relaxalo-masszazs\/#primaryimage\",\"url\":\"https:\/\/masszazsbarlang.hu\/wp-content\/uploads\/2023\/06\/massages2-2-1024x680.jpg\",\"contentUrl\":\"https:\/\/masszazsbarlang.hu\/wp-content\/uploads\/2023\/06\/massages2-2-1024x680.jpg\"},{\"@type\":\"BreadcrumbList\",\"@id\":\"https:\/\/masszazsbarlang.hu\/relaxalo-masszazs\/#breadcrumb\",\"itemListElement\":[{\"@type\":\"ListItem\",\"position\":1,\"name\":\"Kezd\u0151lap\",\"item\":\"https:\/\/masszazsbarlang.hu\/\"},{\"@type\":\"ListItem\",\"position\":2,\"name\":\"Relax\u00e1l\u00f3 Massz\u00e1zs\"}]},{\"@type\":\"WebSite\",\"@id\":\"https:\/\/masszazsbarlang.hu\/#website\",\"url\":\"https:\/\/masszazsbarlang.hu\/\",\"name\":\"Massz\u00e1zs Barlang\",\"description\":\"Professzion\u00e1lis massz\u00e1zs Budapest, 13. ker\u00fclet.\",\"publisher\":{\"@id\":\"https:\/\/masszazsbarlang.hu\/#organization\"},\"potentialAction\":[{\"@type\":\"SearchAction\",\"target\":{\"@type\":\"EntryPoint\",\"urlTemplate\":\"https:\/\/masszazsbarlang.hu\/?s={search_term_string}\"},\"query-input\":{\"@type\":\"PropertyValueSpecification\",\"valueRequired\":true,\"valueName\":\"search_term_string\"}}],\"inLanguage\":\"en-GB\"},{\"@type\":\"Organization\",\"@id\":\"https:\/\/masszazsbarlang.hu\/#organization\",\"name\":\"Massz\u00e1zs Barlang\",\"url\":\"https:\/\/masszazsbarlang.hu\/\",\"logo\":{\"@type\":\"ImageObject\",\"inLanguage\":\"en-GB\",\"@id\":\"https:\/\/masszazsbarlang.hu\/#\/schema\/logo\/image\/\",\"url\":\"https:\/\/masszazsbarlang.hu\/wp-content\/uploads\/2023\/06\/Logo-500x500-px.png\",\"contentUrl\":\"https:\/\/masszazsbarlang.hu\/wp-content\/uploads\/2023\/06\/Logo-500x500-px.png\",\"width\":500,\"height\":500,\"caption\":\"Massz\u00e1zs Barlang\"},\"image\":{\"@id\":\"https:\/\/masszazsbarlang.hu\/#\/schema\/logo\/image\/\"}}]}<\/script>\n<!-- \/ Yoast SEO plugin. -->","yoast_head_json":{"title":"Relax\u00e1l\u00f3 Massz\u00e1zs - Massz\u00e1zs Barlang","robots":{"index":"index","follow":"follow","max-snippet":"max-snippet:-1","max-image-preview":"max-image-preview:large","max-video-preview":"max-video-preview:-1"},"canonical":"https:\/\/masszazsbarlang.hu\/en\/relaxalo-masszazs\/","og_locale":"en_GB","og_type":"article","og_title":"Relax\u00e1l\u00f3 Massz\u00e1zs - Massz\u00e1zs Barlang","og_description":"A relax\u00e1l\u00f3 massz\u00e1zs c\u00e9lja, hogy a vend\u00e9g kicsit kiszakadjon a napi rutinb\u00f3l \u00e9s mag\u00e1ra&nbsp;\u00f6sszpontos\u00edtson. A massz\u00e1zs folyam\u00e1n a klasszikus sv\u00e9d massz\u00e1zs azon fog\u00e1sait alkalmazz\u00e1k, melyek nyugtat\u00f3 hat\u00e1s\u00faak az idegrendszerre. A relax\u00e1ci\u00f3 \u00e9lm\u00e9ny\u00e9t&nbsp;olajok \u00e9s aromaolajok alkalmaz\u00e1s\u00e1val lehet m\u00e9g kellemesebb\u00e9 tenni, ugyanis &hellip; Continue reading &rarr;","og_url":"https:\/\/masszazsbarlang.hu\/en\/relaxalo-masszazs\/","og_site_name":"Massz\u00e1zs Barlang","article_modified_time":"2023-10-14T13:31:01+00:00","og_image":[{"width":1920,"height":1275,"url":"https:\/\/masszazsbarlang.hu\/wp-content\/uploads\/2023\/06\/massages2-2.jpg","type":"image\/jpeg"}],"twitter_card":"summary_large_image","twitter_misc":{"Estimated reading time":"1 minute"},"schema":{"@context":"https:\/\/schema.org","@graph":[{"@type":"WebPage","@id":"https:\/\/masszazsbarlang.hu\/relaxalo-masszazs\/","url":"https:\/\/masszazsbarlang.hu\/relaxalo-masszazs\/","name":"Relax\u00e1l\u00f3 Massz\u00e1zs - Massz\u00e1zs Barlang","isPartOf":{"@id":"https:\/\/masszazsbarlang.hu\/#website"},"primaryImageOfPage":{"@id":"https:\/\/masszazsbarlang.hu\/relaxalo-masszazs\/#primaryimage"},"image":{"@id":"https:\/\/masszazsbarlang.hu\/relaxalo-masszazs\/#primaryimage"},"thumbnailUrl":"https:\/\/masszazsbarlang.hu\/wp-content\/uploads\/2023\/06\/massages2-2-1024x680.jpg","datePublished":"2023-06-27T09:40:22+00:00","dateModified":"2023-10-14T13:31:01+00:00","breadcrumb":{"@id":"https:\/\/masszazsbarlang.hu\/relaxalo-masszazs\/#breadcrumb"},"inLanguage":"en-GB","potentialAction":[{"@type":"ReadAction","target":["https:\/\/masszazsbarlang.hu\/relaxalo-masszazs\/"]}]},{"@type":"ImageObject","inLanguage":"en-GB","@id":"https:\/\/masszazsbarlang.hu\/relaxalo-masszazs\/#primaryimage","url":"https:\/\/masszazsbarlang.hu\/wp-content\/uploads\/2023\/06\/massages2-2-1024x680.jpg","contentUrl":"https:\/\/masszazsbarlang.hu\/wp-content\/uploads\/2023\/06\/massages2-2-1024x680.jpg"},{"@type":"BreadcrumbList","@id":"https:\/\/masszazsbarlang.hu\/relaxalo-masszazs\/#breadcrumb","itemListElement":[{"@type":"ListItem","position":1,"name":"Kezd\u0151lap","item":"https:\/\/masszazsbarlang.hu\/"},{"@type":"ListItem","position":2,"name":"Relax\u00e1l\u00f3 Massz\u00e1zs"}]},{"@type":"WebSite","@id":"https:\/\/masszazsbarlang.hu\/#website","url":"https:\/\/masszazsbarlang.hu\/","name":"Massage Cave","description":"Professzion\u00e1lis massz\u00e1zs Budapest, 13. ker\u00fclet.","publisher":{"@id":"https:\/\/masszazsbarlang.hu\/#organization"},"potentialAction":[{"@type":"SearchAction","target":{"@type":"EntryPoint","urlTemplate":"https:\/\/masszazsbarlang.hu\/?s={search_term_string}"},"query-input":{"@type":"PropertyValueSpecification","valueRequired":true,"valueName":"search_term_string"}}],"inLanguage":"en-GB"},{"@type":"Organization","@id":"https:\/\/masszazsbarlang.hu\/#organization","name":"Massage Cave","url":"https:\/\/masszazsbarlang.hu\/","logo":{"@type":"ImageObject","inLanguage":"en-GB","@id":"https:\/\/masszazsbarlang.hu\/#\/schema\/logo\/image\/","url":"https:\/\/masszazsbarlang.hu\/wp-content\/uploads\/2023\/06\/Logo-500x500-px.png","contentUrl":"https:\/\/masszazsbarlang.hu\/wp-content\/uploads\/2023\/06\/Logo-500x500-px.png","width":500,"height":500,"caption":"Massz\u00e1zs Barlang"},"image":{"@id":"https:\/\/masszazsbarlang.hu\/#\/schema\/logo\/image\/"}}]}},"_links":{"self":[{"href":"https:\/\/masszazsbarlang.hu\/en\/wp-json\/wp\/v2\/pages\/22","targetHints":{"allow":["GET"]}}],"collection":[{"href":"https:\/\/masszazsbarlang.hu\/en\/wp-json\/wp\/v2\/pages"}],"about":[{"href":"https:\/\/masszazsbarlang.hu\/en\/wp-json\/wp\/v2\/types\/page"}],"author":[{"embeddable":true,"href":"https:\/\/masszazsbarlang.hu\/en\/wp-json\/wp\/v2\/users\/1"}],"replies":[{"embeddable":true,"href":"https:\/\/masszazsbarlang.hu\/en\/wp-json\/wp\/v2\/comments?post=22"}],"version-history":[{"count":21,"href":"https:\/\/masszazsbarlang.hu\/en\/wp-json\/wp\/v2\/pages\/22\/revisions"}],"predecessor-version":[{"id":419,"href":"https:\/\/masszazsbarlang.hu\/en\/wp-json\/wp\/v2\/pages\/22\/revisions\/419"}],"wp:attachment":[{"href":"https:\/\/masszazsbarlang.hu\/en\/wp-json\/wp\/v2\/media?parent=22"}],"curies":[{"name":"wp","href":"https:\/\/api.w.org\/{rel}","templated":true}]}}