{"id":2,"date":"2023-06-26T13:13:28","date_gmt":"2023-06-26T13:13:28","guid":{"rendered":"https:\/\/masszazsbarlang.hu\/?page_id=2"},"modified":"2026-01-30T14:05:59","modified_gmt":"2026-01-30T14:05:59","slug":"sample-pagex-masszazs-barlang-kezdolap-prosztatamasszazs-prosztata-melyszoveti-hat-derek-melyszoveti-kopolyozes-akupresszura","status":"publish","type":"page","link":"https:\/\/masszazsbarlang.hu\/en\/","title":{"rendered":"Homepage"},"content":{"rendered":"<h2 class=\"wp-block-heading\">Massz\u00e1zs Barlang &#8211; Ahol meg\u00e1ll az id\u0151.<\/h2>\n\n\n\n<h3 class=\"wp-block-heading\">Szakadjon  ki a mindennapi hajt\u00e1sb\u00f3l! Professzion\u00e1lis massz\u00e1zskezel\u00e9sek nyugodt, b\u00e9k\u00e9s k\u00f6rnyezetben, \u00dajlip\u00f3tv\u00e1ros sz\u00edv\u00e9ben.<\/h3>\n\n\n\n<p>A mindennapi hajt\u00e1s, a hat\u00e1rid\u0151k \u00e9s a nagyv\u00e1rosi ny\u00fczsg\u00e9s hamar kimer\u00edtik a testet \u00e9s a lelket. Mi a <strong>Massz\u00e1zs Barlangot<\/strong> az\u00e9rt h\u00edvtuk \u00e9letre, hogy Budapest egyik legp\u00f6rg\u0151sebb r\u00e9sz\u00e9n,a <strong>XIII. ker\u00fcletben<\/strong> egy olyan szigetet alkossunk, ahol a k\u00fcsz\u00f6b\u00f6t \u00e1tl\u00e9pve megsz\u0171nik a k\u00fclvil\u00e1g.<\/p>\n\n\n\n<p><strong>Mi\u00e9rt &#8222;Barlang&#8221;?<\/strong> Mint egy v\u00e9delmez\u0151 barlang, n\u00e1lunk a k\u00fclvil\u00e1g zaja megsz\u0171nik. Legyen sz\u00f3 egy fesz\u00fclts\u00e9gold\u00f3 massz\u00e1zsr\u00f3l vagy egy m\u00e9ly relax\u00e1ci\u00f3r\u00f3l, n\u00e1lunk szak\u00e9rt\u0151 kezekben van.<\/p>\n\n\n\n<div class=\"wp-block-media-text is-stacked-on-mobile\"><figure class=\"wp-block-media-text__media\"><img loading=\"lazy\" decoding=\"async\" width=\"800\" height=\"600\" src=\"https:\/\/masszazsbarlang.hu\/wp-content\/uploads\/2026\/01\/Masszazs-Barlang-1.jpg\" alt=\"\" class=\"wp-image-939 size-full\" srcset=\"https:\/\/masszazsbarlang.hu\/wp-content\/uploads\/2026\/01\/Masszazs-Barlang-1.jpg 800w, https:\/\/masszazsbarlang.hu\/wp-content\/uploads\/2026\/01\/Masszazs-Barlang-1-300x225.jpg 300w, https:\/\/masszazsbarlang.hu\/wp-content\/uploads\/2026\/01\/Masszazs-Barlang-1-768x576.jpg 768w, https:\/\/masszazsbarlang.hu\/wp-content\/uploads\/2026\/01\/Masszazs-Barlang-1-16x12.jpg 16w\" sizes=\"auto, (max-width: 800px) 100vw, 800px\" \/><\/figure><div class=\"wp-block-media-text__content\">\n<p>Hisz\u00fcnk abban, hogy a gy\u00f3gyul\u00e1shoz \u00e9s a teljes ellazul\u00e1shoz sz\u00fcks\u00e9g van egy v\u00e9dett, meghitt t\u00e9rre. N\u00e1lunk nem csak egy massz\u00e1zst kap: a szem\u00e9lyre szabott figyelem, az egyedi megold\u00e1sok, a halk zene, a l\u00e1gy f\u00e9nyek \u00e9s a profi technik\u00e1k seg\u00edtenek, hogy teljesen elengedje a napi fesz\u00fclts\u00e9get. Legyen sz\u00f3 ak\u00e1r az irodai munka okozta h\u00e1tf\u00e1j\u00e1sr\u00f3l, ak\u00e1r a sport ut\u00e1ni regener\u00e1ci\u00f3r\u00f3l, n\u00e1lunk a \u00d6n j\u00f3ll\u00e9te a legfontosabb.<\/p>\n<\/div><\/div>\n\n\n\n<div class=\"wp-block-media-text has-media-on-the-right is-stacked-on-mobile\"><div class=\"wp-block-media-text__content\">\n<p><strong>Szak\u00e9rtelem \u00e9s figyelem<\/strong> Minden vend\u00e9g\u00fcnk m\u00e1s, ez\u00e9rt massz\u00e1zsainkat egy\u00e9nre szabjuk. Nem fut\u00f3szalagon dolgozunk: id\u0151t sz\u00e1nunk \u00d6nre, hogy meg\u00e9rts\u00fck, mire van sz\u00fcks\u00e9ge a test\u00e9nek. Szakk\u00e9pzett massz\u0151reink a klasszikus massz\u00e1zst\u00f3l a speci\u00e1lis technik\u00e1kig mindent bevetnek az\u00e9rt, hogy felfriss\u00fclve, k\u00f6nnyed\u00e9n \u00e9s mosolyogva t\u00e1vozzon t\u0151l\u00fcnk.<\/p>\n<\/div><figure class=\"wp-block-media-text__media\"><img loading=\"lazy\" decoding=\"async\" width=\"1024\" height=\"768\" src=\"https:\/\/masszazsbarlang.hu\/wp-content\/uploads\/2026\/01\/Masszazs-Barlang-2-1024x768.jpg\" alt=\"\" class=\"wp-image-943 size-full\" srcset=\"https:\/\/masszazsbarlang.hu\/wp-content\/uploads\/2026\/01\/Masszazs-Barlang-2-1024x768.jpg 1024w, https:\/\/masszazsbarlang.hu\/wp-content\/uploads\/2026\/01\/Masszazs-Barlang-2-300x225.jpg 300w, https:\/\/masszazsbarlang.hu\/wp-content\/uploads\/2026\/01\/Masszazs-Barlang-2-768x576.jpg 768w, https:\/\/masszazsbarlang.hu\/wp-content\/uploads\/2026\/01\/Masszazs-Barlang-2-16x12.jpg 16w, https:\/\/masszazsbarlang.hu\/wp-content\/uploads\/2026\/01\/Masszazs-Barlang-2.jpg 1200w\" sizes=\"auto, (max-width: 1024px) 100vw, 1024px\" \/><\/figure><\/div>\n\n\n\n<ul class=\"wp-block-list\">\n<li><strong>Stresszold\u00f3 relax\u00e1ci\u00f3:<\/strong> Ha csak egy kis nyugalomra v\u00e1gy.<\/li>\n\n\n\n<li><strong>Friss\u00edt\u0151 massz\u00e1zs:<\/strong> Az akt\u00edv \u00e9letm\u00f3d \u00e9s az \u00fcl\u0151munka legjobb ellenszere.<\/li>\n\n\n\n<li><strong>C\u00e9lzott massz\u00e1zs:<\/strong> Ha konkr\u00e9t mozg\u00e1sszervi panaszod vagy h\u00e1tf\u00e1j\u00e1sod van.<\/li>\n\n\n\n<li><strong>Barlang Specialit\u00e1s:<\/strong> <a href=\"https:\/\/masszazsbarlang.hu\/en\/prosztata-masszazs\/\">Prosztata<\/a>, <a href=\"https:\/\/masszazsbarlang.hu\/en\/melyszoveti-masszazs\/\">m\u00e9lysz\u00f6veti<\/a>, h\u00e1t \u00e9s der\u00e9k, k\u00f6p\u00f6ly\u00f6z\u00e9s, akupressz\u00fara.<\/li>\n<\/ul>\n\n\n\n<ul class=\"wp-block-list\">\n<li>Szakk\u00e9pzett, tapasztalt massz\u0151r\u00f6k.<\/li>\n\n\n\n<li>K\u00f6nnyen megk\u00f6zel\u00edthet\u0151 helysz\u00edn a 13. ker\u00fcletben.<\/li>\n\n\n\n<li>Egyszer\u0171 <a href=\"https:\/\/www.salonic.hu\/hu\/locations\/masszazsbarlang-1-es-kezelo-budapest-hegedus-gyula-utca-zgnrj\">online id\u0151pontfoglal\u00e1s.<\/a><\/li>\n\n\n\n<li>Egyedi, megnyugtat\u00f3 bels\u0151 t\u00e9r.<\/li>\n<\/ul>","protected":false},"excerpt":{"rendered":"<p>Massz\u00e1zs Barlang &#8211; Ahol meg\u00e1ll az id\u0151. Szakadjon ki a mindennapi hajt\u00e1sb\u00f3l! Professzion\u00e1lis massz\u00e1zskezel\u00e9sek nyugodt, b\u00e9k\u00e9s k\u00f6rnyezetben, \u00dajlip\u00f3tv\u00e1ros sz\u00edv\u00e9ben. A mindennapi hajt\u00e1s, a hat\u00e1rid\u0151k \u00e9s a nagyv\u00e1rosi ny\u00fczsg\u00e9s hamar kimer\u00edtik a testet \u00e9s a lelket. Mi a Massz\u00e1zs Barlangot az\u00e9rt &hellip; <a href=\"https:\/\/masszazsbarlang.hu\/en\/\">Continue reading <span class=\"meta-nav\">&rarr;<\/span><\/a><\/p>","protected":false},"author":1,"featured_media":0,"parent":0,"menu_order":0,"comment_status":"closed","ping_status":"open","template":"","meta":{"footnotes":""},"class_list":["post-2","page","type-page","status-publish","hentry"],"yoast_head":"<!-- This site is optimized with the Yoast SEO plugin v26.8 - https:\/\/yoast.com\/product\/yoast-seo-wordpress\/ -->\n<title>Kezd\u0151lap - Massz\u00e1zs Barlang -<\/title>\n<meta name=\"description\" content=\"Massz\u00e1zs Barlangban! Meghitt k\u00f6rnyezet \u00e9s szak\u00e9rt\u0151 kezek v\u00e1rj\u00e1k. Szabadulj meg a napi fesz\u00fclts\u00e9gt\u0151l \u2013 jelentkezzen be online!\" \/>\n<meta name=\"robots\" content=\"index, follow, max-snippet:-1, max-image-preview:large, max-video-preview:-1\" \/>\n<link rel=\"canonical\" href=\"https:\/\/masszazsbarlang.hu\/en\/\" \/>\n<meta property=\"og:locale\" content=\"en_GB\" \/>\n<meta property=\"og:type\" content=\"article\" \/>\n<meta property=\"og:title\" content=\"Kezd\u0151lap - Massz\u00e1zs Barlang -\" \/>\n<meta property=\"og:description\" content=\"Massz\u00e1zs Barlangban! Meghitt k\u00f6rnyezet \u00e9s szak\u00e9rt\u0151 kezek v\u00e1rj\u00e1k. Szabadulj meg a napi fesz\u00fclts\u00e9gt\u0151l \u2013 jelentkezzen be online!\" \/>\n<meta property=\"og:url\" content=\"https:\/\/masszazsbarlang.hu\/en\/\" \/>\n<meta property=\"og:site_name\" content=\"Massz\u00e1zs Barlang\" \/>\n<meta property=\"article:modified_time\" content=\"2026-01-30T14:05:59+00:00\" \/>\n<meta property=\"og:image\" content=\"https:\/\/masszazsbarlang.hu\/wp-content\/uploads\/2026\/01\/Masszazs-Barlang-1.jpg\" \/>\n\t<meta property=\"og:image:width\" content=\"800\" \/>\n\t<meta property=\"og:image:height\" content=\"600\" \/>\n\t<meta property=\"og:image:type\" content=\"image\/jpeg\" \/>\n<meta name=\"twitter:card\" content=\"summary_large_image\" \/>\n<meta name=\"twitter:label1\" content=\"Estimated reading time\" \/>\n\t<meta name=\"twitter:data1\" content=\"2 minutes\" \/>\n<script type=\"application\/ld+json\" class=\"yoast-schema-graph\">{\"@context\":\"https:\/\/schema.org\",\"@graph\":[{\"@type\":\"WebPage\",\"@id\":\"https:\/\/masszazsbarlang.hu\/\",\"url\":\"https:\/\/masszazsbarlang.hu\/\",\"name\":\"Kezd\u0151lap - Massz\u00e1zs Barlang -\",\"isPartOf\":{\"@id\":\"https:\/\/masszazsbarlang.hu\/#website\"},\"primaryImageOfPage\":{\"@id\":\"https:\/\/masszazsbarlang.hu\/#primaryimage\"},\"image\":{\"@id\":\"https:\/\/masszazsbarlang.hu\/#primaryimage\"},\"thumbnailUrl\":\"https:\/\/masszazsbarlang.hu\/wp-content\/uploads\/2026\/01\/Masszazs-Barlang-1.jpg\",\"datePublished\":\"2023-06-26T13:13:28+00:00\",\"dateModified\":\"2026-01-30T14:05:59+00:00\",\"description\":\"Massz\u00e1zs Barlangban! Meghitt k\u00f6rnyezet \u00e9s szak\u00e9rt\u0151 kezek v\u00e1rj\u00e1k. Szabadulj meg a napi fesz\u00fclts\u00e9gt\u0151l \u2013 jelentkezzen be online!\",\"breadcrumb\":{\"@id\":\"https:\/\/masszazsbarlang.hu\/#breadcrumb\"},\"inLanguage\":\"en-GB\",\"potentialAction\":[{\"@type\":\"ReadAction\",\"target\":[\"https:\/\/masszazsbarlang.hu\/\"]}]},{\"@type\":\"ImageObject\",\"inLanguage\":\"en-GB\",\"@id\":\"https:\/\/masszazsbarlang.hu\/#primaryimage\",\"url\":\"https:\/\/masszazsbarlang.hu\/wp-content\/uploads\/2026\/01\/Masszazs-Barlang-1.jpg\",\"contentUrl\":\"https:\/\/masszazsbarlang.hu\/wp-content\/uploads\/2026\/01\/Masszazs-Barlang-1.jpg\"},{\"@type\":\"BreadcrumbList\",\"@id\":\"https:\/\/masszazsbarlang.hu\/#breadcrumb\",\"itemListElement\":[{\"@type\":\"ListItem\",\"position\":1,\"name\":\"Kezd\u0151lap\",\"item\":\"https:\/\/masszazsbarlang.hu\/\"},{\"@type\":\"ListItem\",\"position\":2,\"name\":\"Kezd\u0151lap\"}]},{\"@type\":\"WebSite\",\"@id\":\"https:\/\/masszazsbarlang.hu\/#website\",\"url\":\"https:\/\/masszazsbarlang.hu\/\",\"name\":\"Massz\u00e1zs Barlang\",\"description\":\"Professzion\u00e1lis massz\u00e1zs Budapest, 13. ker\u00fclet.\",\"publisher\":{\"@id\":\"https:\/\/masszazsbarlang.hu\/#organization\"},\"potentialAction\":[{\"@type\":\"SearchAction\",\"target\":{\"@type\":\"EntryPoint\",\"urlTemplate\":\"https:\/\/masszazsbarlang.hu\/?s={search_term_string}\"},\"query-input\":{\"@type\":\"PropertyValueSpecification\",\"valueRequired\":true,\"valueName\":\"search_term_string\"}}],\"inLanguage\":\"en-GB\"},{\"@type\":\"Organization\",\"@id\":\"https:\/\/masszazsbarlang.hu\/#organization\",\"name\":\"Massz\u00e1zs Barlang\",\"url\":\"https:\/\/masszazsbarlang.hu\/\",\"logo\":{\"@type\":\"ImageObject\",\"inLanguage\":\"en-GB\",\"@id\":\"https:\/\/masszazsbarlang.hu\/#\/schema\/logo\/image\/\",\"url\":\"https:\/\/masszazsbarlang.hu\/wp-content\/uploads\/2023\/06\/Logo-500x500-px.png\",\"contentUrl\":\"https:\/\/masszazsbarlang.hu\/wp-content\/uploads\/2023\/06\/Logo-500x500-px.png\",\"width\":500,\"height\":500,\"caption\":\"Massz\u00e1zs Barlang\"},\"image\":{\"@id\":\"https:\/\/masszazsbarlang.hu\/#\/schema\/logo\/image\/\"}}]}<\/script>\n<!-- \/ Yoast SEO plugin. -->","yoast_head_json":{"title":"Kezd\u0151lap - Massz\u00e1zs Barlang -","description":"Massz\u00e1zs Barlangban! Meghitt k\u00f6rnyezet \u00e9s szak\u00e9rt\u0151 kezek v\u00e1rj\u00e1k. Szabadulj meg a napi fesz\u00fclts\u00e9gt\u0151l \u2013 jelentkezzen be online!","robots":{"index":"index","follow":"follow","max-snippet":"max-snippet:-1","max-image-preview":"max-image-preview:large","max-video-preview":"max-video-preview:-1"},"canonical":"https:\/\/masszazsbarlang.hu\/en\/","og_locale":"en_GB","og_type":"article","og_title":"Kezd\u0151lap - Massz\u00e1zs Barlang -","og_description":"Massz\u00e1zs Barlangban! Meghitt k\u00f6rnyezet \u00e9s szak\u00e9rt\u0151 kezek v\u00e1rj\u00e1k. Szabadulj meg a napi fesz\u00fclts\u00e9gt\u0151l \u2013 jelentkezzen be online!","og_url":"https:\/\/masszazsbarlang.hu\/en\/","og_site_name":"Massz\u00e1zs Barlang","article_modified_time":"2026-01-30T14:05:59+00:00","og_image":[{"width":800,"height":600,"url":"https:\/\/masszazsbarlang.hu\/wp-content\/uploads\/2026\/01\/Masszazs-Barlang-1.jpg","type":"image\/jpeg"}],"twitter_card":"summary_large_image","twitter_misc":{"Estimated reading time":"2 minutes"},"schema":{"@context":"https:\/\/schema.org","@graph":[{"@type":"WebPage","@id":"https:\/\/masszazsbarlang.hu\/","url":"https:\/\/masszazsbarlang.hu\/","name":"Kezd\u0151lap - Massz\u00e1zs Barlang -","isPartOf":{"@id":"https:\/\/masszazsbarlang.hu\/#website"},"primaryImageOfPage":{"@id":"https:\/\/masszazsbarlang.hu\/#primaryimage"},"image":{"@id":"https:\/\/masszazsbarlang.hu\/#primaryimage"},"thumbnailUrl":"https:\/\/masszazsbarlang.hu\/wp-content\/uploads\/2026\/01\/Masszazs-Barlang-1.jpg","datePublished":"2023-06-26T13:13:28+00:00","dateModified":"2026-01-30T14:05:59+00:00","description":"Massz\u00e1zs Barlangban! Meghitt k\u00f6rnyezet \u00e9s szak\u00e9rt\u0151 kezek v\u00e1rj\u00e1k. Szabadulj meg a napi fesz\u00fclts\u00e9gt\u0151l \u2013 jelentkezzen be online!","breadcrumb":{"@id":"https:\/\/masszazsbarlang.hu\/#breadcrumb"},"inLanguage":"en-GB","potentialAction":[{"@type":"ReadAction","target":["https:\/\/masszazsbarlang.hu\/"]}]},{"@type":"ImageObject","inLanguage":"en-GB","@id":"https:\/\/masszazsbarlang.hu\/#primaryimage","url":"https:\/\/masszazsbarlang.hu\/wp-content\/uploads\/2026\/01\/Masszazs-Barlang-1.jpg","contentUrl":"https:\/\/masszazsbarlang.hu\/wp-content\/uploads\/2026\/01\/Masszazs-Barlang-1.jpg"},{"@type":"BreadcrumbList","@id":"https:\/\/masszazsbarlang.hu\/#breadcrumb","itemListElement":[{"@type":"ListItem","position":1,"name":"Kezd\u0151lap","item":"https:\/\/masszazsbarlang.hu\/"},{"@type":"ListItem","position":2,"name":"Kezd\u0151lap"}]},{"@type":"WebSite","@id":"https:\/\/masszazsbarlang.hu\/#website","url":"https:\/\/masszazsbarlang.hu\/","name":"Massage Cave","description":"Professzion\u00e1lis massz\u00e1zs Budapest, 13. ker\u00fclet.","publisher":{"@id":"https:\/\/masszazsbarlang.hu\/#organization"},"potentialAction":[{"@type":"SearchAction","target":{"@type":"EntryPoint","urlTemplate":"https:\/\/masszazsbarlang.hu\/?s={search_term_string}"},"query-input":{"@type":"PropertyValueSpecification","valueRequired":true,"valueName":"search_term_string"}}],"inLanguage":"en-GB"},{"@type":"Organization","@id":"https:\/\/masszazsbarlang.hu\/#organization","name":"Massage Cave","url":"https:\/\/masszazsbarlang.hu\/","logo":{"@type":"ImageObject","inLanguage":"en-GB","@id":"https:\/\/masszazsbarlang.hu\/#\/schema\/logo\/image\/","url":"https:\/\/masszazsbarlang.hu\/wp-content\/uploads\/2023\/06\/Logo-500x500-px.png","contentUrl":"https:\/\/masszazsbarlang.hu\/wp-content\/uploads\/2023\/06\/Logo-500x500-px.png","width":500,"height":500,"caption":"Massz\u00e1zs Barlang"},"image":{"@id":"https:\/\/masszazsbarlang.hu\/#\/schema\/logo\/image\/"}}]}},"_links":{"self":[{"href":"https:\/\/masszazsbarlang.hu\/en\/wp-json\/wp\/v2\/pages\/2","targetHints":{"allow":["GET"]}}],"collection":[{"href":"https:\/\/masszazsbarlang.hu\/en\/wp-json\/wp\/v2\/pages"}],"about":[{"href":"https:\/\/masszazsbarlang.hu\/en\/wp-json\/wp\/v2\/types\/page"}],"author":[{"embeddable":true,"href":"https:\/\/masszazsbarlang.hu\/en\/wp-json\/wp\/v2\/users\/1"}],"replies":[{"embeddable":true,"href":"https:\/\/masszazsbarlang.hu\/en\/wp-json\/wp\/v2\/comments?post=2"}],"version-history":[{"count":107,"href":"https:\/\/masszazsbarlang.hu\/en\/wp-json\/wp\/v2\/pages\/2\/revisions"}],"predecessor-version":[{"id":973,"href":"https:\/\/masszazsbarlang.hu\/en\/wp-json\/wp\/v2\/pages\/2\/revisions\/973"}],"wp:attachment":[{"href":"https:\/\/masszazsbarlang.hu\/en\/wp-json\/wp\/v2\/media?parent=2"}],"curies":[{"name":"wp","href":"https:\/\/api.w.org\/{rel}","templated":true}]}}